{"id":5196,"date":"2025-05-15T15:16:04","date_gmt":"2025-05-15T13:16:04","guid":{"rendered":"https:\/\/ritosa.click.si\/?page_id=5196"},"modified":"2026-04-08T10:53:31","modified_gmt":"2026-04-08T08:53:31","slug":"about-us","status":"publish","type":"page","link":"https:\/\/ritosa.si\/en\/about-us\/","title":{"rendered":"About us"},"content":{"rendered":"<div data-elementor-type=\"wp-page\" data-elementor-id=\"5196\" class=\"elementor elementor-5196\" wpc-filter-elementor-widget=\"1\" data-elementor-post-type=\"page\">\n\t\t\t\t<div class=\"elementor-element elementor-element-058a9af e-flex e-con-boxed e-con e-parent\" data-id=\"058a9af\" data-element_type=\"container\" data-e-type=\"container\">\n\t\t\t\t\t<div class=\"e-con-inner\">\n\t\t\t\t\t<\/div>\n\t\t\t\t<\/div>\n\t\t<div class=\"elementor-element elementor-element-16dc937 e-flex e-con-boxed e-con e-parent\" data-id=\"16dc937\" data-element_type=\"container\" data-e-type=\"container\">\n\t\t\t\t\t<div class=\"e-con-inner\">\n\t\t<div class=\"elementor-element elementor-element-fc41191 e-con-full e-flex e-con e-child\" data-id=\"fc41191\" data-element_type=\"container\" data-e-type=\"container\">\n\t\t\t\t<div class=\"elementor-element elementor-element-d0a5c0b elementor-widget elementor-widget-heading\" data-id=\"d0a5c0b\" data-element_type=\"widget\" data-e-type=\"widget\" data-widget_type=\"heading.default\">\n\t\t\t\t<div class=\"elementor-widget-container\">\n\t\t\t\t\t<h2 class=\"elementor-heading-title elementor-size-default\">Company information<\/h2>\t\t\t\t<\/div>\n\t\t\t\t<\/div>\n\t\t\t\t<div class=\"elementor-element elementor-element-7d94464 elementor-widget elementor-widget-text-editor\" data-id=\"7d94464\" data-element_type=\"widget\" data-e-type=\"widget\" data-widget_type=\"text-editor.default\">\n\t\t\t\t<div class=\"elementor-widget-container\">\n\t\t\t\t\t\t\t\t\t<p><strong>RITO\u0160A d.o.o.<\/strong><br>Kajuhova 28, 6310 Izola<\/p>\n<p><strong>PHONE:<\/strong> <a href=\"tel:+386 5 640 12 40\"><span style=\"text-decoration: underline\">+386 5 640 12 40<\/span><\/a> or <a href=\"tel:+386 470 310 110\"><span style=\"text-decoration: underline\">+386 470 310 110<\/span><\/a><br><strong>EMAIL ADDRESS:<\/strong> <a href=\"mailto:info@ritosa.si\"><span style=\"text-decoration: underline\">info@ritosa.si<\/span><\/a><\/p>\n<p><strong>SCHEDULE<\/strong><br>Mon-Fri: 9:00-13:30 and 15:00-18:00<br>Saturday: 9:00-13:00<\/p>\n<p><strong>VAT ID:<\/strong> SI 236 755 78 (taxpayers)<br><strong>TRR:<\/strong> SI56 1010 0003 7978 308<br><strong>Registration number:&nbsp;<\/strong>1940686000<\/p>\t\t\t\t\t\t\t\t<\/div>\n\t\t\t\t<\/div>\n\t\t\t\t<\/div>\n\t\t<div class=\"elementor-element elementor-element-57ffb77 e-con-full e-flex e-con e-child\" data-id=\"57ffb77\" data-element_type=\"container\" data-e-type=\"container\">\n\t\t\t\t<div class=\"elementor-element elementor-element-bb9046c elementor-widget elementor-widget-osm-map-elementor\" data-id=\"bb9046c\" data-element_type=\"widget\" data-e-type=\"widget\" data-widget_type=\"osm-map-elementor.default\">\n\t\t\t\t<div class=\"elementor-widget-container\">\n\t\t\t\t\t<div id=\"osm-map-bb9046c\" \n        class=\"osm-map-container\" \n        data-center=\"45.5310729,13.6666927\"><\/div>        <script type=\"text\/javascript\">\n                    <\/script>\n        \t\t\t\t<\/div>\n\t\t\t\t<\/div>\n\t\t\t\t<\/div>\n\t\t\t\t\t<\/div>\n\t\t\t\t<\/div>\n\t\t<div class=\"elementor-element elementor-element-5a09442 e-flex e-con-boxed e-con e-parent\" data-id=\"5a09442\" data-element_type=\"container\" data-e-type=\"container\">\n\t\t\t\t\t<div class=\"e-con-inner\">\n\t\t<div class=\"elementor-element elementor-element-d5c915e e-con-full e-flex e-con e-child\" data-id=\"d5c915e\" data-element_type=\"container\" data-e-type=\"container\">\n\t\t\t\t<div class=\"elementor-element elementor-element-213b7c5 elementor-widget elementor-widget-heading\" data-id=\"213b7c5\" data-element_type=\"widget\" data-e-type=\"widget\" data-widget_type=\"heading.default\">\n\t\t\t\t<div class=\"elementor-widget-container\">\n\t\t\t\t\t<h2 class=\"elementor-heading-title elementor-size-default\">Our story<\/h2>\t\t\t\t<\/div>\n\t\t\t\t<\/div>\n\t\t\t\t<div class=\"elementor-element elementor-element-d13e490 elementor-widget elementor-widget-text-editor\" data-id=\"d13e490\" data-element_type=\"widget\" data-e-type=\"widget\" data-widget_type=\"text-editor.default\">\n\t\t\t\t<div class=\"elementor-widget-container\">\n\t\t\t\t\t\t\t\t\t<p><strong>The Rito\u0161a company is a family business with a long tradition dating back to 1986, when it was founded by Mr. Gverino Rito\u0161a together with his sons Valter and Dragan.<\/strong><br \/><br \/>Our entrepreneurial journey began in our home garage, where we initially provided bicycle service. In 1991, we expanded our business to include bicycle sales, and after Slovenia gained independence, we also began distributing bicycles, spare parts, accessories, and disability aids.<\/p>\t\t\t\t\t\t\t\t<\/div>\n\t\t\t\t<\/div>\n\t\t\t\t<\/div>\n\t\t<div class=\"elementor-element elementor-element-10f1b33 e-con-full e-flex e-con e-child\" data-id=\"10f1b33\" data-element_type=\"container\" data-e-type=\"container\">\n\t\t\t\t<div class=\"elementor-element elementor-element-260d048 elementor-widget elementor-widget-image\" data-id=\"260d048\" data-element_type=\"widget\" data-e-type=\"widget\" data-widget_type=\"image.default\">\n\t\t\t\t<div class=\"elementor-widget-container\">\n\t\t\t\t\t\t\t\t\t\t\t\t\t\t\t<img fetchpriority=\"high\" decoding=\"async\" width=\"430\" height=\"422\" src=\"https:\/\/ritosa.si\/wp-content\/uploads\/2025\/05\/biker.png\" class=\"attachment-large size-large wp-image-5272\" alt=\"\" srcset=\"https:\/\/ritosa.si\/wp-content\/uploads\/2025\/05\/biker.png 430w, https:\/\/ritosa.si\/wp-content\/uploads\/2025\/05\/biker-300x294.png 300w\" sizes=\"(max-width: 430px) 100vw, 430px\" \/>\t\t\t\t\t\t\t\t\t\t\t\t\t\t\t<\/div>\n\t\t\t\t<\/div>\n\t\t\t\t<\/div>\n\t\t\t\t\t<\/div>\n\t\t\t\t<\/div>\n\t\t<div class=\"elementor-element elementor-element-b0cbeb6 e-flex e-con-boxed e-con e-parent\" data-id=\"b0cbeb6\" data-element_type=\"container\" data-e-type=\"container\">\n\t\t\t\t\t<div class=\"e-con-inner\">\n\t\t<div class=\"elementor-element elementor-element-9a549de e-con-full e-flex e-con e-child\" data-id=\"9a549de\" data-element_type=\"container\" data-e-type=\"container\">\n\t\t\t\t<div class=\"elementor-element elementor-element-3e2d55d elementor-widget elementor-widget-image\" data-id=\"3e2d55d\" data-element_type=\"widget\" data-e-type=\"widget\" data-widget_type=\"image.default\">\n\t\t\t\t<div class=\"elementor-widget-container\">\n\t\t\t\t\t\t\t\t\t\t\t\t\t\t\t<img decoding=\"async\" width=\"800\" height=\"550\" src=\"https:\/\/ritosa.si\/wp-content\/uploads\/2026\/03\/IMG_6526-1024x704.jpeg\" class=\"attachment-large size-large wp-image-22541\" alt=\"\" srcset=\"https:\/\/ritosa.si\/wp-content\/uploads\/2026\/03\/IMG_6526-1024x704.jpeg 1024w, https:\/\/ritosa.si\/wp-content\/uploads\/2026\/03\/IMG_6526-291x200.jpeg 291w, https:\/\/ritosa.si\/wp-content\/uploads\/2026\/03\/IMG_6526-150x103.jpeg 150w, https:\/\/ritosa.si\/wp-content\/uploads\/2026\/03\/IMG_6526-768x528.jpeg 768w, https:\/\/ritosa.si\/wp-content\/uploads\/2026\/03\/IMG_6526-1536x1056.jpeg 1536w, https:\/\/ritosa.si\/wp-content\/uploads\/2026\/03\/IMG_6526-18x12.jpeg 18w, https:\/\/ritosa.si\/wp-content\/uploads\/2026\/03\/IMG_6526-300x206.jpeg 300w, https:\/\/ritosa.si\/wp-content\/uploads\/2026\/03\/IMG_6526-600x413.jpeg 600w, https:\/\/ritosa.si\/wp-content\/uploads\/2026\/03\/IMG_6526.jpeg 1560w\" sizes=\"(max-width: 800px) 100vw, 800px\" \/>\t\t\t\t\t\t\t\t\t\t\t\t\t\t\t<\/div>\n\t\t\t\t<\/div>\n\t\t\t\t<\/div>\n\t\t<div class=\"elementor-element elementor-element-ea03798 e-con-full e-flex e-con e-child\" data-id=\"ea03798\" data-element_type=\"container\" data-e-type=\"container\">\n\t\t\t\t<div class=\"elementor-element elementor-element-9cda093 elementor-widget elementor-widget-text-editor\" data-id=\"9cda093\" data-element_type=\"widget\" data-e-type=\"widget\" data-widget_type=\"text-editor.default\">\n\t\t\t\t<div class=\"elementor-widget-container\">\n\t\t\t\t\t\t\t\t\t<p>In 1994, we opened our first specialized store in Koper, and six years later, we further strengthened our presence on the market by opening the Cycling Center in Izola - the center in Izola is still operating successfully today.<br \/><br \/>Over the years, we have expanded our offering and gradually added the sale of various types of sports equipment to our basic cycling activity - for both summer and winter activities.<br \/><br \/>Today, the company remains family-owned and continues the tradition of quality, professionalism and a personal approach. Our core business remains the sale of bicycles, skis and sports equipment, but we are also committed to continuous development and adaptation to the modern needs of our customers.<\/p>\t\t\t\t\t\t\t\t<\/div>\n\t\t\t\t<\/div>\n\t\t\t\t<\/div>\n\t\t\t\t\t<\/div>\n\t\t\t\t<\/div>\n\t\t<div class=\"elementor-element elementor-element-1edc82f e-flex e-con-boxed e-con e-parent\" data-id=\"1edc82f\" data-element_type=\"container\" data-e-type=\"container\">\n\t\t\t\t\t<div class=\"e-con-inner\">\n\t\t<div class=\"elementor-element elementor-element-ab89640 e-con-full e-flex e-con e-child\" data-id=\"ab89640\" data-element_type=\"container\" data-e-type=\"container\">\n\t\t\t\t<div class=\"elementor-element elementor-element-736db23 elementor-widget elementor-widget-heading\" data-id=\"736db23\" data-element_type=\"widget\" data-e-type=\"widget\" data-widget_type=\"heading.default\">\n\t\t\t\t<div class=\"elementor-widget-container\">\n\t\t\t\t\t<h2 class=\"elementor-heading-title elementor-size-default\">Contact us<\/h2>\t\t\t\t<\/div>\n\t\t\t\t<\/div>\n\t\t\t\t<div class=\"elementor-element elementor-element-3ea6bda elementor-widget elementor-widget-shortcode\" data-id=\"3ea6bda\" data-element_type=\"widget\" data-e-type=\"widget\" data-widget_type=\"shortcode.default\">\n\t\t\t\t<div class=\"elementor-widget-container\">\n\t\t\t\t\t\t\t<div class=\"elementor-shortcode\"><div class=\"forminator-ui forminator-custom-form forminator-custom-form-5277 forminator-design--default forminator-enclosed forminator_ajax\" data-forminator-render=\"0\" data-form=\"forminator-module-5277\" data-uid=\"69d735e6df000\"><br\/><\/div><form\n\t\t\t\tid=\"forminator-module-5277\"\n\t\t\t\tclass=\"forminator-ui forminator-custom-form forminator-custom-form-5277 forminator-design--default forminator-enclosed forminator_ajax\"\n\t\t\t\tmethod=\"post\"\n\t\t\t\tdata-forminator-render=\"0\"\n\t\t\t\tdata-form-id=\"5277\"\n\t\t\t\t data-color-option=\"theme\" data-design=\"default\" data-grid=\"enclosed\" style=\"display: none;\"\n\t\t\t\tdata-uid=\"69d735e6df000\" action=\"\"\n\t\t\t><div role=\"alert\" aria-live=\"polite\" class=\"forminator-response-message forminator-error\" aria-hidden=\"true\"><\/div><div class=\"forminator-row\"><div id=\"name-1\" class=\"forminator-field-name forminator-col forminator-col-12\"><div class=\"forminator-field\"><label for=\"forminator-field-name-1_69d735e6df000\" id=\"forminator-field-name-1_69d735e6df000-label\" class=\"forminator-label\">First and last name <span class=\"forminator-required\">*<\/span><\/label><input type=\"text\" name=\"name-1\" value=\"\" placeholder=\"First and last name\" id=\"forminator-field-name-1_69d735e6df000\" class=\"forminator-input forminator-name--field\" aria-required=\"true\" autocomplete=\"name\" \/><\/div><\/div><\/div><div class=\"forminator-row\"><div id=\"email-1\" class=\"forminator-field-email forminator-col forminator-col-12\"><div class=\"forminator-field\"><label for=\"forminator-field-email-1_69d735e6df000\" id=\"forminator-field-email-1_69d735e6df000-label\" class=\"forminator-label\">Email address <span class=\"forminator-required\">*<\/span><\/label><input type=\"email\" name=\"email-1\" value=\"\" placeholder=\"Email address\" id=\"forminator-field-email-1_69d735e6df000\" class=\"forminator-input forminator-email--field\" data-required=\"true\" aria-required=\"true\" autocomplete=\"email\" \/><\/div><\/div><\/div><div class=\"forminator-row\"><div id=\"phone-1\" class=\"forminator-field-phone forminator-col forminator-col-12\"><div class=\"forminator-field\"><label for=\"forminator-field-phone-1_69d735e6df000\" id=\"forminator-field-phone-1_69d735e6df000-label\" class=\"forminator-label\">Phone number<\/label><input type=\"text\" name=\"phone-1\" value=\"\" placeholder=\"Phone number\" id=\"forminator-field-phone-1_69d735e6df000\" class=\"forminator-input forminator-field--phone\" data-required=\"\" aria-required=\"false\" autocomplete=\"off\" data-national_mode=\"disabled\" data-country=\"si\" data-validation=\"international\" \/><\/div><\/div><\/div><div class=\"forminator-row\"><div id=\"select-1\" class=\"forminator-field-select forminator-col forminator-col-12\"><div class=\"forminator-field\"><label for=\"forminator-form-5277__field--select-1_69d735e6df000\" id=\"forminator-form-5277__field--select-1_69d735e6df000-label\" class=\"forminator-label\">What are you interested in? <span class=\"forminator-required\">*<\/span><\/label><select  id=\"forminator-form-5277__field--select-1_69d735e6df000\" class=\"forminator-select--field forminator-select2 forminator-select2-multiple\" data-required=\"1\" name=\"select-1\" data-default-value=\"\" data-hidden-behavior=\"zero\" data-placeholder=\"--Kaj vas zanima?--\" data-search=\"false\" data-search-placeholder=\"--Kaj vas zanima?--\" data-checkbox=\"false\" data-allow-clear=\"false\" aria-labelledby=\"forminator-form-5277__field--select-1_69d735e6df000-label\"><option value=\"\"  >--What are you interested in?--<\/option><option value=\"one\"  data-calculation=\"0\">Item information<\/option><option value=\"two\"  data-calculation=\"0\">Help with purchasing<\/option><option value=\"Servis\"  data-calculation=\"0\">Service<\/option><option value=\"Izposoja\"  data-calculation=\"0\">Rental<\/option><option value=\"Drugo\"  data-calculation=\"0\">Other<\/option><\/select><\/div><\/div><\/div><div class=\"forminator-row\"><div id=\"textarea-1\" class=\"forminator-field-textarea forminator-col forminator-col-12\"><div class=\"forminator-field\"><label for=\"forminator-field-textarea-1_69d735e6df000\" id=\"forminator-field-textarea-1_69d735e6df000-label\" class=\"forminator-label\">Message <span class=\"forminator-required\">*<\/span><\/label><span id=\"forminator-field-textarea-1_69d735e6df000-description\" class=\"forminator-description\"><span data-limit=\"180\" data-type=\"characters\" data-editor=\"\">0 \/ 180<\/span><\/span><textarea name=\"textarea-1\" placeholder=\"Message\" id=\"forminator-field-textarea-1_69d735e6df000\" class=\"forminator-textarea\" rows=\"6\" style=\"min-height:140px;\" maxlength=\"180\" ><\/textarea><\/div><\/div><\/div><div class=\"forminator-row\" style=\"margin: 0;\"><div id=\"captcha-1\" class=\"forminator-field-captcha  forminator-col-12\"><div class=\"forminator-captcha-left forminator-g-recaptcha recaptcha-invisible\" data-theme=\"light\" data-badge=\"bottomright\" data-sitekey=\"6LcOkKwsAAAAAF54sJicSCvZBxZIQzBtGhNnu6wm\" data-size=\"invisible\"><\/div> <\/div><\/div><input type=\"hidden\" name=\"referer_url\" value=\"\" \/><div class=\"forminator-row forminator-row-last\"><div class=\"forminator-col\"><div class=\"forminator-field\"><button class=\"forminator-button forminator-button-submit\">Send<\/button><\/div><\/div><\/div><input type=\"hidden\" id=\"forminator_nonce\" name=\"forminator_nonce\" value=\"e7988e9d60\" \/><input type=\"hidden\" name=\"_wp_http_referer\" value=\"\/en\/wp-json\/wp\/v2\/pages\/5196\" \/><input type=\"hidden\" name=\"form_id\" value=\"5277\"><input type=\"hidden\" name=\"page_id\" value=\"5196\"><input type=\"hidden\" name=\"form_type\" value=\"default\"><input type=\"hidden\" name=\"current_url\" value=\"https:\/\/ritosa.si\/en\/about-us\/\"><input type=\"hidden\" name=\"render_id\" value=\"0\"><input type=\"hidden\" name=\"action\" value=\"forminator_submit_form_custom-forms\"><input type=\"hidden\" name=\"trp-form-language\" value=\"en\"\/><\/form><\/div>\n\t\t\t\t\t\t<\/div>\n\t\t\t\t<\/div>\n\t\t\t\t<\/div>\n\t\t<div class=\"elementor-element elementor-element-ae87f43 e-con-full e-flex e-con e-child\" data-id=\"ae87f43\" data-element_type=\"container\" data-e-type=\"container\">\n\t\t\t\t<div class=\"elementor-element elementor-element-2f306ac elementor-widget elementor-widget-image\" data-id=\"2f306ac\" data-element_type=\"widget\" data-e-type=\"widget\" data-widget_type=\"image.default\">\n\t\t\t\t<div class=\"elementor-widget-container\">\n\t\t\t\t\t\t\t\t\t\t\t\t\t\t\t<img decoding=\"async\" width=\"800\" height=\"611\" src=\"https:\/\/ritosa.si\/wp-content\/uploads\/2026\/03\/IMG_7828-1-1024x782.jpeg\" class=\"attachment-large size-large wp-image-22545\" alt=\"\" srcset=\"https:\/\/ritosa.si\/wp-content\/uploads\/2026\/03\/IMG_7828-1-1024x782.jpeg 1024w, https:\/\/ritosa.si\/wp-content\/uploads\/2026\/03\/IMG_7828-1-262x200.jpeg 262w, https:\/\/ritosa.si\/wp-content\/uploads\/2026\/03\/IMG_7828-1-150x115.jpeg 150w, https:\/\/ritosa.si\/wp-content\/uploads\/2026\/03\/IMG_7828-1-768x587.jpeg 768w, https:\/\/ritosa.si\/wp-content\/uploads\/2026\/03\/IMG_7828-1-1536x1174.jpeg 1536w, https:\/\/ritosa.si\/wp-content\/uploads\/2026\/03\/IMG_7828-1-2048x1565.jpeg 2048w, https:\/\/ritosa.si\/wp-content\/uploads\/2026\/03\/IMG_7828-1-16x12.jpeg 16w, https:\/\/ritosa.si\/wp-content\/uploads\/2026\/03\/IMG_7828-1-300x229.jpeg 300w, https:\/\/ritosa.si\/wp-content\/uploads\/2026\/03\/IMG_7828-1-600x458.jpeg 600w\" sizes=\"(max-width: 800px) 100vw, 800px\" \/>\t\t\t\t\t\t\t\t\t\t\t\t\t\t\t<\/div>\n\t\t\t\t<\/div>\n\t\t\t\t<\/div>\n\t\t\t\t\t<\/div>\n\t\t\t\t<\/div>\n\t\t\t\t<\/div>","protected":false},"excerpt":{"rendered":"<p>Podatki o podjetju RITO\u0160A d.o.o.Kajuhova 28, 6310 Izola TELEFON: +386 5 640 12 40 ali +386 470 310 110E-NASLOV: info@ritosa.si URNIKPon-pet: 9:00-13:30 in 15:00-18:00Sobota: 9:00-13:00 ID za DDV: SI 236 755 78 (dav\u010dni zavezanci)\u2028TRR: SI56 1010 0003 7978 308\u2028Mati\u010dna \u0161tevilka:&nbsp;1940686000 Na\u0161a zgodba Podjetje Rito\u0161a je dru\u017einsko podjetje z dolgoletno tradicijo, ki sega v leto 1986, [&hellip;]<\/p>\n","protected":false},"author":1,"featured_media":0,"parent":0,"menu_order":0,"comment_status":"closed","ping_status":"closed","template":"","meta":{"_acf_changed":false,"inline_featured_image":false,"_monsterinsights_skip_tracking":false,"_monsterinsights_sitenote_active":false,"_monsterinsights_sitenote_note":"","_monsterinsights_sitenote_category":0,"footnotes":""},"class_list":["post-5196","page","type-page","status-publish","hentry"],"acf":[],"aioseo_notices":[],"_links":{"self":[{"href":"https:\/\/ritosa.si\/en\/wp-json\/wp\/v2\/pages\/5196","targetHints":{"allow":["GET"]}}],"collection":[{"href":"https:\/\/ritosa.si\/en\/wp-json\/wp\/v2\/pages"}],"about":[{"href":"https:\/\/ritosa.si\/en\/wp-json\/wp\/v2\/types\/page"}],"author":[{"embeddable":true,"href":"https:\/\/ritosa.si\/en\/wp-json\/wp\/v2\/users\/1"}],"replies":[{"embeddable":true,"href":"https:\/\/ritosa.si\/en\/wp-json\/wp\/v2\/comments?post=5196"}],"version-history":[{"count":55,"href":"https:\/\/ritosa.si\/en\/wp-json\/wp\/v2\/pages\/5196\/revisions"}],"predecessor-version":[{"id":22555,"href":"https:\/\/ritosa.si\/en\/wp-json\/wp\/v2\/pages\/5196\/revisions\/22555"}],"wp:attachment":[{"href":"https:\/\/ritosa.si\/en\/wp-json\/wp\/v2\/media?parent=5196"}],"curies":[{"name":"wp","href":"https:\/\/api.w.org\/{rel}","templated":true}]}}