{"id":10103,"date":"2021-04-06T11:19:06","date_gmt":"2021-04-06T11:19:06","guid":{"rendered":"https:\/\/ritosa.click.si\/?post_type=product&#038;p=10103"},"modified":"2026-03-27T18:11:27","modified_gmt":"2026-03-27T17:11:27","slug":"tempish-smf-200","status":"publish","type":"product","link":"https:\/\/ritosa.si\/en\/trgovina\/skiroji\/klasicni-skiroji\/tempish-smf-200\/","title":{"rendered":"Scooter Tempish SMF 200"},"content":{"rendered":"<p>Zlo\u017eljiv skiro TEMPISH SMF 200 z zavoro na krmilu, ki zavira na zadnje kolo. Skiro ima priro\u010den na\u010din sestavljanja in zlaganja. Krmilo je dodatno utrjeno z objemko, ki tudi varuje pred dodatnimi tresljaji. Na krmilu so prijetna penasta dr\u017eala, samo krmilo pa je nastavljivo tudi po vi\u0161ini.<\/p>\n<p>Zaviranje je prav tako mo\u017eno z no\u017eno zavoro na zadnjem kolesu. Skiro ima tudi ta\u010dko za la\u017eje parkiranje. Kolesa na skiroju so velikosti 200mm in \u0161irine 30mm, so iz kvalitetnega PU, kar omogo\u010da udobno in hitro vo\u017enjo tudi po bolj grobem asfaltu.<\/p>\n<p>Lastnosti:<\/p>\n<ul>\n<li>Priporo\u010dena uporaba: Rekreativni \u0161port.<\/li>\n<li>Material: Zlitina AL<\/li>\n<li>Kolesa: 200 mm<\/li>\n<li>Le\u017eaji: ABEC 5 ogljik<\/li>\n<li>Oprijem: deluxe grip trak 80AB<\/li>\n<li>Vilica: navojna<\/li>\n<li>Kompresijski sistem: Navojni<\/li>\n<li>Vijak: 65 mm<\/li>\n<li>Zavora: Da<\/li>\n<li>Dol\u017eina podno\u017eja: 52 cm<\/li>\n<li>\u0160irina palube: 11,5 cm<\/li>\n<li>\u0160irina krmila: 35 cm<\/li>\n<li>Vi\u0161ina krmila: 81,4 \u2013 89,4 cm<\/li>\n<li>Te\u017ea: 4,8 kg<\/li>\n<li>Omejitev te\u017ee [kg]: 100<\/li>\n<li>Koli\u010dina enot v kartonu: 2<\/li>\n<li>Stopnja optimalne \u0161portne obremenitve: 2<\/li>\n<\/ul>\n<p><strong>Opozorilo!<\/strong> Pri uporabi je potrebno nositi za\u0161\u010ditno opremo (\u010delado, \u0161\u010ditnike, rokavice).<br \/>\n&#8211; Izdelek je igra\u010da in ni namenjen uporabi v javnem prometu ker ni prirejen za javni promet.<br \/>\n&#8211;<strong> Opozorilo!<\/strong> Izdelka naj ne uporabljajo otroci, mlaj\u0161i od 36 mesecev, ker izdelek vsebuje majhne delce in lahko pride do zadu\u0161itve<\/p>\n","protected":false},"excerpt":{"rendered":"<p>The foldable TEMPISH SMF 200 scooter with a handlebar brake is suitable for both children and adults.<\/p>","protected":false},"featured_media":10104,"template":"","meta":{"_acf_changed":false,"inline_featured_image":false,"_monsterinsights_skip_tracking":false,"_monsterinsights_sitenote_active":false,"_monsterinsights_sitenote_note":"","_monsterinsights_sitenote_category":0},"product_brand":[1219],"product_cat":[651,495],"product_tag":[1386,1005,1402,1403,1401,1399],"class_list":{"0":"post-10103","1":"product","2":"type-product","3":"status-publish","4":"has-post-thumbnail","6":"product_brand-tempish","7":"product_cat-klasicni-skiroji","8":"product_cat-skiroji","9":"product_tag-klasicni-skiro","10":"product_tag-otroski-skiro","11":"product_tag-skiro-tempish","12":"product_tag-skiro-tempish-smf-200","13":"product_tag-skiro-za-odrasle","14":"product_tag-zlozljiv-skiro","16":"first","17":"instock","18":"sale","19":"taxable","20":"shipping-taxable","21":"purchasable","22":"product-type-simple"},"acf":[],"aioseo_notices":[],"_links":{"self":[{"href":"https:\/\/ritosa.si\/en\/wp-json\/wp\/v2\/product\/10103","targetHints":{"allow":["GET"]}}],"collection":[{"href":"https:\/\/ritosa.si\/en\/wp-json\/wp\/v2\/product"}],"about":[{"href":"https:\/\/ritosa.si\/en\/wp-json\/wp\/v2\/types\/product"}],"wp:featuredmedia":[{"embeddable":true,"href":"https:\/\/ritosa.si\/en\/wp-json\/wp\/v2\/media\/10104"}],"wp:attachment":[{"href":"https:\/\/ritosa.si\/en\/wp-json\/wp\/v2\/media?parent=10103"}],"wp:term":[{"taxonomy":"product_brand","embeddable":true,"href":"https:\/\/ritosa.si\/en\/wp-json\/wp\/v2\/product_brand?post=10103"},{"taxonomy":"product_cat","embeddable":true,"href":"https:\/\/ritosa.si\/en\/wp-json\/wp\/v2\/product_cat?post=10103"},{"taxonomy":"product_tag","embeddable":true,"href":"https:\/\/ritosa.si\/en\/wp-json\/wp\/v2\/product_tag?post=10103"}],"curies":[{"name":"wp","href":"https:\/\/api.w.org\/{rel}","templated":true}]}}