{"id":10114,"date":"2021-04-06T11:23:58","date_gmt":"2021-04-06T11:23:58","guid":{"rendered":"https:\/\/ritosa.click.si\/?post_type=product&#038;p=10114"},"modified":"2026-03-27T17:32:34","modified_gmt":"2026-03-27T16:32:34","slug":"tempish-tecniq-top-230","status":"publish","type":"product","link":"https:\/\/ritosa.si\/en\/trgovina\/skiroji\/klasicni-skiroji\/tempish-tecniq-top-230\/","title":{"rendered":"Scooter Tempish Tecniq Top"},"content":{"rendered":"<p>TECNIQ TOP skiro ima zelo robustno ogrodje, ki lahko prinese velike obremenitve.<\/p>\n<p>Zapiranje in odpiranje skiroja se lahko naredi v trenutku in vse lahko naredite z nogo.<\/p>\n<p>Sprednje in zadnje kolo sta vzmetena z mo\u017enostjo nastavitve pro\u017enosti, glede na obremenitev.Na zadnjem kolesu je name\u0161\u010dena disk zavora, ki se jo upravlja z zavoro na desni strani krmila. Zavoro se da nastaviti, glede na \u017eelje posameznika. Na krmilu so anatomsko oblikovani gripi-ro\u010dke za bolj udobno vo\u017enjo. Hkrati krmilo dodatno varuje objemka za \u0161e manj tresljajev. Vi\u0161ina krmila je nastavljiva v treh nivojih in sicer od 86-102 cm. Deska skiroja je bli\u017eje tlom za lep\u0161e bla\u017eenje in lep\u0161o vo\u017enjo. Skiro ima zavoro na krmilu in no\u017eno zavoro na zadnjem kolesu.<\/p>\n<p>Kolesa so iz obstojnega PU. Sprednje kolo je velikosti 230mm in \u0161irine 32mm, zadnje pa velikosti 200mm in \u0161irine 35mm. Oba imata dolgo \u017eivljenjsko dobo, omogo\u010data precej hitro in teko\u010do vo\u017enjo ter lepo absorbirata vse manj\u0161e luknje.<\/p>\n<p>Skiro je primeren tako za otroke kot za odrasle.<\/p>\n<table class=\"ParametrList table table-striped\">\n<tbody>\n<tr class=\"Parametr @*@(i++ % 2 == 1 ?\">\n<td class=\"Nazev\">Recommended use<\/td>\n<td class=\"Hodnota\" style=\"vertical-align: top\">Recreational sport.<\/td>\n<\/tr>\n<tr class=\"Parametr @*@(i++ % 2 == 1 ?\">\n<td class=\"Nazev\">Material<\/td>\n<td class=\"Hodnota\" style=\"vertical-align: top\">Deck &#8211; AL alloy, brake &#8211; AL alloy, fork &#8211; steel<\/td>\n<\/tr>\n<tr class=\"Parametr @*@(i++ % 2 == 1 ?\">\n<td class=\"Nazev\">Wheels<\/td>\n<td class=\"Hodnota\" style=\"vertical-align: top\">200 mm|300 mm<\/td>\n<\/tr>\n<tr class=\"Parametr @*@(i++ % 2 == 1 ?\">\n<td class=\"Nazev\">Bearings<\/td>\n<td class=\"Hodnota\" style=\"vertical-align: top\">ABEC 7 chrome steel<\/td>\n<\/tr>\n<tr class=\"Parametr @*@(i++ % 2 == 1 ?\">\n<td class=\"Nazev\">Grip<\/td>\n<td class=\"Hodnota\" style=\"vertical-align: top\">deluxe grip tape 80AB<\/td>\n<\/tr>\n<tr class=\"Parametr @*@(i++ % 2 == 1 ?\">\n<td class=\"Nazev\">Headset<\/td>\n<td class=\"Hodnota\" style=\"vertical-align: top\">threaded<\/td>\n<\/tr>\n<tr class=\"Parametr @*@(i++ % 2 == 1 ?\">\n<td class=\"Nazev\">Screw<\/td>\n<td class=\"Hodnota\" style=\"vertical-align: top\">front diameter 8mm, length 34mm, rear diameter 8mm and length 84mm<\/td>\n<\/tr>\n<tr class=\"Parametr @*@(i++ % 2 == 1 ?\">\n<td class=\"Nazev\">Brake<\/td>\n<td class=\"Hodnota\" style=\"vertical-align: top\">Yes<\/td>\n<\/tr>\n<tr class=\"Parametr @*@(i++ % 2 == 1 ?\">\n<td class=\"Nazev\">Footboard length<\/td>\n<td class=\"Hodnota\" style=\"vertical-align: top\">45 cm<\/td>\n<\/tr>\n<tr class=\"Parametr @*@(i++ % 2 == 1 ?\">\n<td class=\"Nazev\">Width of the scooter deck<\/td>\n<td class=\"Hodnota\" style=\"vertical-align: top\">12,8 cm<\/td>\n<\/tr>\n<tr class=\"Parametr @*@(i++ % 2 == 1 ?\">\n<td class=\"Nazev\">Handlebars width<\/td>\n<td class=\"Hodnota\" style=\"vertical-align: top\">55 cm<\/td>\n<\/tr>\n<tr class=\"Parametr @*@(i++ % 2 == 1 ?\">\n<td class=\"Nazev\">Handlebars height<\/td>\n<td class=\"Hodnota\" style=\"vertical-align: top\">112 cm<\/td>\n<\/tr>\n<tr class=\"Parametr @*@(i++ % 2 == 1 ?\">\n<td class=\"Nazev\">Weight<\/td>\n<td class=\"Hodnota\" style=\"vertical-align: top\">7 kg<\/td>\n<\/tr>\n<tr class=\"Parametr @*@(i++ % 2 == 1 ?\">\n<td class=\"Nazev\">Weight limit [kg]<\/td>\n<td class=\"Hodnota\" style=\"vertical-align: top\">100<\/td>\n<\/tr>\n<tr class=\"Parametr @*@(i++ % 2 == 1 ?\">\n<td class=\"Nazev\"><\/td>\n<\/tr>\n<\/tbody>\n<\/table>\n","protected":false},"excerpt":{"rendered":"<p>Scooter Tempish Tecniq Top for children and adults<\/p>","protected":false},"featured_media":10115,"template":"","meta":{"_acf_changed":false,"inline_featured_image":false,"_monsterinsights_skip_tracking":false,"_monsterinsights_sitenote_active":false,"_monsterinsights_sitenote_note":"","_monsterinsights_sitenote_category":0},"product_brand":[1219],"product_cat":[651,495],"product_tag":[1005,1402,1406,1401],"class_list":{"0":"post-10114","1":"product","2":"type-product","3":"status-publish","4":"has-post-thumbnail","6":"product_brand-tempish","7":"product_cat-klasicni-skiroji","8":"product_cat-skiroji","9":"product_tag-otroski-skiro","10":"product_tag-skiro-tempish","11":"product_tag-skiro-tempish-tecniq-top","12":"product_tag-skiro-za-odrasle","14":"first","15":"instock","16":"sale","17":"taxable","18":"shipping-taxable","19":"purchasable","20":"product-type-simple"},"acf":[],"aioseo_notices":[],"_links":{"self":[{"href":"https:\/\/ritosa.si\/en\/wp-json\/wp\/v2\/product\/10114","targetHints":{"allow":["GET"]}}],"collection":[{"href":"https:\/\/ritosa.si\/en\/wp-json\/wp\/v2\/product"}],"about":[{"href":"https:\/\/ritosa.si\/en\/wp-json\/wp\/v2\/types\/product"}],"wp:featuredmedia":[{"embeddable":true,"href":"https:\/\/ritosa.si\/en\/wp-json\/wp\/v2\/media\/10115"}],"wp:attachment":[{"href":"https:\/\/ritosa.si\/en\/wp-json\/wp\/v2\/media?parent=10114"}],"wp:term":[{"taxonomy":"product_brand","embeddable":true,"href":"https:\/\/ritosa.si\/en\/wp-json\/wp\/v2\/product_brand?post=10114"},{"taxonomy":"product_cat","embeddable":true,"href":"https:\/\/ritosa.si\/en\/wp-json\/wp\/v2\/product_cat?post=10114"},{"taxonomy":"product_tag","embeddable":true,"href":"https:\/\/ritosa.si\/en\/wp-json\/wp\/v2\/product_tag?post=10114"}],"curies":[{"name":"wp","href":"https:\/\/api.w.org\/{rel}","templated":true}]}}