{"id":11549,"date":"2022-10-18T09:33:14","date_gmt":"2022-10-18T09:33:14","guid":{"rendered":"https:\/\/ritosa.click.si\/?post_type=product&#038;p=11549"},"modified":"2026-03-07T16:47:59","modified_gmt":"2026-03-07T15:47:59","slug":"alpina-scarabeo-q","status":"publish","type":"product","link":"https:\/\/ritosa.si\/en\/trgovina\/skiing\/smucarska-oprema\/smucarska-ocala\/odrasla-smucarska-ocala\/alpina-scarabeo-q\/","title":{"rendered":"Alpina Scarabeo Q"},"content":{"rendered":"<p>Alpina Scarabeo so smu\u010darska o\u010dala za o\u017eje obraze, ki prepri\u010dajo s \u0161irokim vidnim poljem, udobjem, sodobnim dizajnom in izjemnim razmerjem med kakovostjo in ceno. O\u010dala imajo velike le\u010de, ki zagotavljajo jasen in nepopa\u010den pogled z jasnimi kontrasti, obenem pa se le\u010de po zaslugi posebnega premaza ne rosijo. Dvojne le\u010de zagotavljajo 100% UV za\u0161\u010dito, poleg tega pa so o\u010dala udobna po zaslugi trojne pene. O\u010dala se lahko nosijo z va\u0161imi korekcijskimi o\u010dali. Stopnja za\u0161\u010dite S2.<\/p>","protected":false},"excerpt":{"rendered":"<p>Smu\u010darska o\u010dala Alpina Scarabeo Quattroflex<\/p>","protected":false},"featured_media":21142,"template":"","meta":{"_acf_changed":false,"inline_featured_image":false,"_monsterinsights_skip_tracking":false,"_monsterinsights_sitenote_active":false,"_monsterinsights_sitenote_note":"","_monsterinsights_sitenote_category":0},"product_brand":[678],"product_cat":[606,607],"product_tag":[],"class_list":{"0":"post-11549","1":"product","2":"type-product","3":"status-publish","4":"has-post-thumbnail","6":"product_brand-alpina","7":"product_cat-odrasla-smucarska-ocala","8":"product_cat-otroska-smucarska-ocala","10":"first","11":"instock","12":"sale","13":"taxable","14":"shipping-taxable","15":"purchasable","16":"product-type-simple"},"acf":[],"aioseo_notices":[],"_links":{"self":[{"href":"https:\/\/ritosa.si\/en\/wp-json\/wp\/v2\/product\/11549","targetHints":{"allow":["GET"]}}],"collection":[{"href":"https:\/\/ritosa.si\/en\/wp-json\/wp\/v2\/product"}],"about":[{"href":"https:\/\/ritosa.si\/en\/wp-json\/wp\/v2\/types\/product"}],"wp:featuredmedia":[{"embeddable":true,"href":"https:\/\/ritosa.si\/en\/wp-json\/wp\/v2\/media\/21142"}],"wp:attachment":[{"href":"https:\/\/ritosa.si\/en\/wp-json\/wp\/v2\/media?parent=11549"}],"wp:term":[{"taxonomy":"product_brand","embeddable":true,"href":"https:\/\/ritosa.si\/en\/wp-json\/wp\/v2\/product_brand?post=11549"},{"taxonomy":"product_cat","embeddable":true,"href":"https:\/\/ritosa.si\/en\/wp-json\/wp\/v2\/product_cat?post=11549"},{"taxonomy":"product_tag","embeddable":true,"href":"https:\/\/ritosa.si\/en\/wp-json\/wp\/v2\/product_tag?post=11549"}],"curies":[{"name":"wp","href":"https:\/\/api.w.org\/{rel}","templated":true}]}}