{"id":13449,"date":"2024-11-20T13:15:09","date_gmt":"2024-11-20T13:15:09","guid":{"rendered":"https:\/\/ritosa.click.si\/?post_type=product&#038;p=13449"},"modified":"2026-03-07T15:58:46","modified_gmt":"2026-03-07T14:58:46","slug":"alpina-penken-q-lite-black-lilac","status":"publish","type":"product","link":"https:\/\/ritosa.si\/en\/trgovina\/skiing\/smucarska-oprema\/smucarska-ocala\/odrasla-smucarska-ocala\/alpina-penken-q-lite-black-lilac\/","title":{"rendered":"Alpina Penken Q-Lite black-lilac"},"content":{"rendered":"<div class=\"product-short-description\">\n<p><span>Brez okvirja, brez meja. Penken so pravi par o\u010dal za vas, \u010de \u017eelite med smu\u010danjem prostega sloga poudariti svoj individualni slog z ujemajo\u010dimi se o\u010dali. O\u010dala imajo dvojno le\u010do Q-lite, ki pove\u010duje kontraste. Le\u010da ima tudi zrcalni odboj Mirror le\u010d, ki absorbira IR \u017earke in tako \u0161\u010diti o\u010di, obenem pa so le\u010de odporne proti praskam in zagotavljajo 100% UV za\u0161\u010dito. Cilindri\u010dna oblika in oblika brez okvirja, mo\u010dno zrcalna stekla in velikost, ki ustreza vsem, naredijo Penken vsem priljubljenega. O\u010dala odlikujejo dovr\u0161en dizajn, izjemna kvaliteta le\u010d z odli\u010dnim prezra\u010devanjem po zaslugi sistema Airframe venting, dvoslojna pena za dodatno udobje, za\u0161\u010dita proti rosenju Fog-Stop in udobje pri no\u0161enju. Stopnja zatemnitve: S2.<\/span><\/p>\n<ul>\n<li><span>Q-lite lens:\u00a0<\/span>reflects infrared rays, reducing eye strain while increasing contrast<\/li>\n<li><span>Mirror (M):\u00a0<\/span>lens with a highly reflective layer protects against glare and infrared light<\/li>\n<li><span>Fog stop<\/span>: is a coating on the inside of the lenses to protect the glasses from fogging<\/li>\n<li><span>Doublelens thermoblock<\/span>: ski goggles with double lenses separated by air between them<\/li>\n<li><span>180\u00b0+ view<\/span>: Alpine ski goggles with 180\u00b0+ view have an even larger field of vision than required by the CE standard<\/li>\n<li><span>Comfort frame<\/span>: The safety glasses are ergonomically designed and therefore optimally fit every face shape<\/li>\n<li><span>Airframe venting<\/span>: Openings on the side and bottom edges of the frame allow air to flow inside the glasses, preventing the lenses from fogging up<\/li>\n<li><span>Rimless<\/span>: Frameless ski goggles have a larger field of vision<\/li>\n<\/ul>\n<\/div>","protected":false},"excerpt":{"rendered":"<p>Odrasla smu\u010darska o\u010dala\u00a0Alpina Penken Q-Lite<\/p>","protected":false},"featured_media":13450,"template":"","meta":{"_acf_changed":false,"inline_featured_image":false,"_monsterinsights_skip_tracking":false,"_monsterinsights_sitenote_active":false,"_monsterinsights_sitenote_note":"","_monsterinsights_sitenote_category":0},"product_brand":[678],"product_cat":[606],"product_tag":[],"class_list":{"0":"post-13449","1":"product","2":"type-product","3":"status-publish","4":"has-post-thumbnail","6":"product_brand-alpina","7":"product_cat-odrasla-smucarska-ocala","9":"first","10":"instock","11":"sale","12":"taxable","13":"shipping-taxable","14":"purchasable","15":"product-type-simple"},"acf":[],"aioseo_notices":[],"_links":{"self":[{"href":"https:\/\/ritosa.si\/en\/wp-json\/wp\/v2\/product\/13449","targetHints":{"allow":["GET"]}}],"collection":[{"href":"https:\/\/ritosa.si\/en\/wp-json\/wp\/v2\/product"}],"about":[{"href":"https:\/\/ritosa.si\/en\/wp-json\/wp\/v2\/types\/product"}],"wp:featuredmedia":[{"embeddable":true,"href":"https:\/\/ritosa.si\/en\/wp-json\/wp\/v2\/media\/13450"}],"wp:attachment":[{"href":"https:\/\/ritosa.si\/en\/wp-json\/wp\/v2\/media?parent=13449"}],"wp:term":[{"taxonomy":"product_brand","embeddable":true,"href":"https:\/\/ritosa.si\/en\/wp-json\/wp\/v2\/product_brand?post=13449"},{"taxonomy":"product_cat","embeddable":true,"href":"https:\/\/ritosa.si\/en\/wp-json\/wp\/v2\/product_cat?post=13449"},{"taxonomy":"product_tag","embeddable":true,"href":"https:\/\/ritosa.si\/en\/wp-json\/wp\/v2\/product_tag?post=13449"}],"curies":[{"name":"wp","href":"https:\/\/api.w.org\/{rel}","templated":true}]}}