{"id":9177,"date":"2020-08-13T16:14:46","date_gmt":"2020-08-13T16:14:46","guid":{"rendered":"https:\/\/ritosa.click.si\/?post_type=product&#038;p=9177"},"modified":"2026-03-13T17:07:22","modified_gmt":"2026-03-13T16:07:22","slug":"continental-race-king","status":"publish","type":"product","link":"https:\/\/ritosa.si\/en\/trgovina\/cycling\/kolesarska-oprema\/dodatna-oprema-in-rezervni-deli\/plasci\/mtb-plasci\/continental-race-king\/","title":{"rendered":"Tire Continental Race King ShieldWall"},"content":{"rendered":"<p>Uporabno, ko so pogoji za vo\u017enjo najte\u017eji, za najte\u017eje cross coutry proge. Nizek kotalni upor in majhna te\u017ea. Prava izbira za vsa dirkalna MTB kolesa.<\/p>\n<ul dir=\"ltr\">\n<li>3\/180 thread<\/li>\n<li>Max 4.0 bar\/58 PSI<\/li>\n<li>Tubeless ready<\/li>\n<\/ul>","protected":false},"excerpt":{"rendered":"<p>Pla\u0161\u010d Continental Race King ShieldWall (zlo\u017eljiv). Primeren tudi za E-kolesa.<\/p>","protected":false},"featured_media":21457,"template":"","meta":{"_acf_changed":false,"inline_featured_image":false,"_monsterinsights_skip_tracking":false,"_monsterinsights_sitenote_active":false,"_monsterinsights_sitenote_note":"","_monsterinsights_sitenote_category":0},"product_brand":[2078],"product_cat":[610],"product_tag":[],"class_list":{"0":"post-9177","1":"product","2":"type-product","3":"status-publish","4":"has-post-thumbnail","6":"product_brand-continental","7":"product_cat-mtb-plasci","8":"pa_dimenzija-27-5-x-2-0","9":"pa_dimenzija-29-x-20-2","11":"first","12":"instock","13":"taxable","14":"shipping-taxable","15":"purchasable","16":"product-type-variable"},"acf":[],"aioseo_notices":[],"_links":{"self":[{"href":"https:\/\/ritosa.si\/en\/wp-json\/wp\/v2\/product\/9177","targetHints":{"allow":["GET"]}}],"collection":[{"href":"https:\/\/ritosa.si\/en\/wp-json\/wp\/v2\/product"}],"about":[{"href":"https:\/\/ritosa.si\/en\/wp-json\/wp\/v2\/types\/product"}],"wp:featuredmedia":[{"embeddable":true,"href":"https:\/\/ritosa.si\/en\/wp-json\/wp\/v2\/media\/21457"}],"wp:attachment":[{"href":"https:\/\/ritosa.si\/en\/wp-json\/wp\/v2\/media?parent=9177"}],"wp:term":[{"taxonomy":"product_brand","embeddable":true,"href":"https:\/\/ritosa.si\/en\/wp-json\/wp\/v2\/product_brand?post=9177"},{"taxonomy":"product_cat","embeddable":true,"href":"https:\/\/ritosa.si\/en\/wp-json\/wp\/v2\/product_cat?post=9177"},{"taxonomy":"product_tag","embeddable":true,"href":"https:\/\/ritosa.si\/en\/wp-json\/wp\/v2\/product_tag?post=9177"}],"curies":[{"name":"wp","href":"https:\/\/api.w.org\/{rel}","templated":true}]}}