{"id":18751,"date":"2025-06-26T15:42:19","date_gmt":"2025-06-26T13:42:19","guid":{"rendered":"https:\/\/ritosa.click.si\/?page_id=18751"},"modified":"2025-06-27T09:31:47","modified_gmt":"2025-06-27T07:31:47","slug":"pravno-obvestilo","status":"publish","type":"page","link":"https:\/\/ritosa.si\/hr\/pravno-obvestilo\/","title":{"rendered":"Pravna obavijest"},"content":{"rendered":"<div data-elementor-type=\"wp-page\" data-elementor-id=\"18751\" class=\"elementor elementor-18751\" wpc-filter-elementor-widget=\"1\" data-elementor-post-type=\"page\">\n\t\t\t\t<div class=\"elementor-element elementor-element-fbd814e e-flex e-con-boxed e-con e-parent\" data-id=\"fbd814e\" data-element_type=\"container\" data-e-type=\"container\">\n\t\t\t\t\t<div class=\"e-con-inner\">\n\t\t\t\t\t<\/div>\n\t\t\t\t<\/div>\n\t\t<div class=\"elementor-element elementor-element-b2694f5 e-flex e-con-boxed e-con e-parent\" data-id=\"b2694f5\" data-element_type=\"container\" data-e-type=\"container\">\n\t\t\t\t\t<div class=\"e-con-inner\">\n\t\t\t\t<div class=\"elementor-element elementor-element-7c11cf0 elementor-widget elementor-widget-text-editor\" data-id=\"7c11cf0\" data-element_type=\"widget\" data-e-type=\"widget\" data-widget_type=\"text-editor.default\">\n\t\t\t\t<div class=\"elementor-widget-container\">\n\t\t\t\t\t\t\t\t\t<h2><strong>Za\u0161tita prava<\/strong><\/h2><p>Predmet ove obavijesti su web-stranice na <a href=\"https:\/\/ritosa.si\/hr\/\"><span style=\"text-decoration: underline;\">ritosa.si.<\/span><\/a><\/p><p>Sav sadr\u017eaj na ovim web stranicama vlasni\u0161tvo je\u00a0<strong>Rito\u0161a d.o.o.<\/strong>\u00a0i informativne su prirode.<\/p><p>V <strong>Rito\u0161a d.o.o.<\/strong> Na\u0161u web stranicu smo osmislili kako bismo pru\u017eili op\u0107e informacije o tvrtki i novosti iz poslovnog svijeta.<\/p><p>Ulazak u bilo koje podru\u010dje web stranice <strong>Rito\u0161a d.o.o.<\/strong> zna\u010di da prihva\u0107ate sva ograni\u010denja i uvjete navedene ovdje. Ako se s njima ne sla\u017eete, molimo vas da ne pristupate ovoj stranici. Preporu\u010dujemo da s vremena na vrijeme posjetite na\u0161u stranicu i pregledate va\u017ee\u0107u Pravnu obavijest, jer je ona za vas obvezuju\u0107a.<\/p><p>Slu\u017ebene, pravne i formalne informacije o tvrtki i njezinom poslovanju mogu se razlikovati od informacija na web stranici tvrtke.<\/p><p>\u00a0<\/p><h2><strong>Ograni\u010denje odgovornosti<\/strong><\/h2><p><strong>Rito\u0161a d.o.o.<\/strong> \u0107e se potruditi pru\u017eiti najto\u010dnije i najnovije informacije na svojim stranicama, ali upozorava korisnike web stranice da su tekstovi samo u informativne svrhe te stoga ne jam\u010di niti preuzima nikakvu odgovornost za njihovu to\u010dnost i potpunost. Svi posjetitelji koriste objavljeni sadr\u017eaj na vlastitu odgovornost. <strong>Rito\u0161a d.o.o.<\/strong> zadr\u017eava pravo izmjene, dodavanja ili uklanjanja sadr\u017eaja ovih web stranica u bilo kojem trenutku bez prethodne najave.<\/p><p>Ni <strong>Rito\u0161a d.o.o.<\/strong> niti bilo koja druga pravna ili fizi\u010dka osoba koja je sudjelovala u stvaranju i izradi ovih web stranica nije odgovorna za povremeni neispravan rad web stranice, za bilo kakvu neto\u010dnost informacija, niti za bilo kakvu \u0161tetu nastalu kori\u0161tenjem neto\u010dnih ili nepotpunih informacija, te stoga nije odgovorna za bilo kakvu \u0161tetu ili neugodnosti koje proizlaze iz postojanja web stranica, iz pristupa i\/ili kori\u0161tenja i\/ili nemogu\u0107nosti kori\u0161tenja informacija na ovim web stranicama i\/ili za bilo kakve pogre\u0161ke ili nedostatke u njihovom sadr\u017eaju, bez obzira na to jesu li bili obavije\u0161teni o mogu\u0107nosti takve \u0161tete.<\/p><p>Web-stranica agraria-koper.si tako\u0111er sadr\u017ei poveznice na druge web-stranice, reference i partnere koji ni na koji na\u010din nisu povezani s <strong>Rito\u0161a d.o.o.<\/strong>. <strong>Rito\u0161a d.o.o.<\/strong> ne jam\u010di i ne prima niti proslje\u0111uje pritu\u017ebe u vezi s to\u010dno\u0161\u0107u sadr\u017eaja bilo koje web stranice na koju daje poveznicu ili referencu, te nije odgovoran za po\u0161tivanje privatnosti na tim web stranicama.<\/p><h2><strong><br \/>Autorska prava<\/strong><\/h2><p>Sve informacije i slike objavljene na web stranici (tekstovi, fotografije, skice, karte i planovi, ra\u010dunalni programi) podlije\u017eu za\u0161titi autorskih prava prema Zakonu o autorskim i srodnim pravima (Uradni list Republike Slovenije, br. 21\/1995, s izmjenama i dopunama). <strong>Rito\u0161a d.o.o. <\/strong>je nositelj materijalnih autorskih prava na sadr\u017eaj za\u0161ti\u0107en autorskim pravima u naj\u0161irem smislu (grafi\u010dki elementi, fotografije, ilustracije ili drugi prikazi teksta) objavljen na web stranici. To zna\u010di da je svako kopiranje, prepisivanje, reprodukcija i bilo kakva distribucija u komercijalne svrhe zabranjena bez pismenog dopu\u0161tenja KZA.<br \/>ZASP iznimno dopu\u0161ta kori\u0161tenje ili reprodukciju autorskih djela na temelju prava javnosti na informiranje, u obrazovne svrhe te za ilustraciju, suprotstavljanje i referenciranje u obliku citata, ali je obvezno navesti izvor i autorstvo djela. Dopu\u0161teno je i kori\u0161tenje i reprodukcija autorskih djela u ograni\u010denom broju za privatnu, nekomercijalnu upotrebu.<\/p><p>Pri svakoj reprodukciji (kopiranje, reprodukcija, objavljivanje, prijenos) mora biti naveden izvor <strong>Rito\u0161a d.o.o.<\/strong>.<\/p><p><strong>Rito\u0161a d.o.o.<\/strong> zadr\u017eava pravo izmjene, dodavanja ili uklanjanja, u cijelosti ili djelomi\u010dno, bilo kojeg sadr\u017eaja objavljenog na ovoj web stranici u bilo kojem trenutku i na bilo koji na\u010din, iz bilo kojeg razloga i bez prethodne najave. Svi korisnici koriste sav objavljeni sadr\u017eaj na vlastitu odgovornost.<\/p><h2><strong><br \/>Za\u0161tita osobnih podataka<\/strong><\/h2><p><strong>Rito\u0161a d.o.o.<\/strong> obvezuje se na za\u0161titu osobnih podataka korisnika web stranice. Prikupljene podatke koristit \u0107emo isklju\u010divo za pobolj\u0161anje kori\u0161tenja web stranice. Osobne podatke i kontaktne informacije ne\u0107emo koristiti u druge svrhe niti ih otkrivati tre\u0107im stranama bez izri\u010ditog dopu\u0161tenja korisnika web stranice. U\u010dinit \u0107emo sve \u0161to je mogu\u0107e kako bismo za\u0161titili va\u0161e osobne podatke od bilo kakvih kr\u0161enja i zlouporaba.<\/p>\t\t\t\t\t\t\t\t<\/div>\n\t\t\t\t<\/div>\n\t\t\t\t\t<\/div>\n\t\t\t\t<\/div>\n\t\t\t\t<\/div>","protected":false},"excerpt":{"rendered":"<p>Za\u0161\u010dita pravic Predmet tega obvestila so spletne strani na naslovu ritosa.si. Vse vsebine na teh spletnih straneh so last\u00a0Rito\u0161a d.o.o.\u00a0in so informativne narave. V Rito\u0161a d.o.o. smo na\u0161e spletno mesto oblikovali z namenom omogo\u010diti splo\u0161ne informacije o podjetju in novice iz poslovnega sveta. Vstop v katerokoli podro\u010dje spletnega mesta Rito\u0161a d.o.o. pomeni, da se strinjate [&hellip;]<\/p>\n","protected":false},"author":1,"featured_media":0,"parent":0,"menu_order":0,"comment_status":"closed","ping_status":"closed","template":"","meta":{"_acf_changed":false,"inline_featured_image":false,"_monsterinsights_skip_tracking":false,"_monsterinsights_sitenote_active":false,"_monsterinsights_sitenote_note":"","_monsterinsights_sitenote_category":0,"footnotes":""},"class_list":["post-18751","page","type-page","status-publish","hentry"],"acf":[],"aioseo_notices":[],"_links":{"self":[{"href":"https:\/\/ritosa.si\/hr\/wp-json\/wp\/v2\/pages\/18751","targetHints":{"allow":["GET"]}}],"collection":[{"href":"https:\/\/ritosa.si\/hr\/wp-json\/wp\/v2\/pages"}],"about":[{"href":"https:\/\/ritosa.si\/hr\/wp-json\/wp\/v2\/types\/page"}],"author":[{"embeddable":true,"href":"https:\/\/ritosa.si\/hr\/wp-json\/wp\/v2\/users\/1"}],"replies":[{"embeddable":true,"href":"https:\/\/ritosa.si\/hr\/wp-json\/wp\/v2\/comments?post=18751"}],"version-history":[{"count":7,"href":"https:\/\/ritosa.si\/hr\/wp-json\/wp\/v2\/pages\/18751\/revisions"}],"predecessor-version":[{"id":18758,"href":"https:\/\/ritosa.si\/hr\/wp-json\/wp\/v2\/pages\/18751\/revisions\/18758"}],"wp:attachment":[{"href":"https:\/\/ritosa.si\/hr\/wp-json\/wp\/v2\/media?parent=18751"}],"curies":[{"name":"radni list","href":"https:\/\/api.w.org\/{rel}","templated":true}]}}