{"id":22611,"date":"2026-04-03T10:56:02","date_gmt":"2026-04-03T08:56:02","guid":{"rendered":"https:\/\/ritosa.click.si\/?page_id=22611"},"modified":"2026-04-09T14:31:53","modified_gmt":"2026-04-09T12:31:53","slug":"izposoja","status":"publish","type":"page","link":"https:\/\/ritosa.si\/hr\/izposoja\/","title":{"rendered":"Iznajmljivanje"},"content":{"rendered":"<div data-elementor-type=\"wp-page\" data-elementor-id=\"22611\" class=\"elementor elementor-22611\" wpc-filter-elementor-widget=\"1\" data-elementor-post-type=\"page\">\n\t\t\t\t<div class=\"elementor-element elementor-element-0eee327 e-flex e-con-boxed e-con e-parent\" data-id=\"0eee327\" data-element_type=\"container\" data-e-type=\"container\">\n\t\t\t\t\t<div class=\"e-con-inner\">\n\t\t\t\t<div class=\"elementor-element elementor-element-2046130 elementor-widget elementor-widget-text-editor\" data-id=\"2046130\" data-element_type=\"widget\" data-e-type=\"widget\" data-widget_type=\"text-editor.default\">\n\t\t\t\t<div class=\"elementor-widget-container\">\n\t\t\t\t\t\t\t\t\t<div id=\"lipsum\"><p style=\"text-align: center\">U na\u0161em Biciklisti\u010dkom centru Rito\u0161a nudimo i najam bicikala.<\/p><p style=\"text-align: center\">Na raspolaganju imamo \u0161irok izbor bicikala \u2013 dje\u010dje, trekking, gradske, brdske i elektri\u010dne.<\/p><p style=\"text-align: center\">Rezervacije primamo putem telefona: <a href=\"tel:+38656401240\"><span style=\"text-decoration: underline\">+386 5 640 12 40<\/span><\/a> ili e-po\u0161te: <a title=\"mailto:info@ritosa.si\" href=\"mailto:info@ritosa.si\" data-ogsc=\"\"><span style=\"text-decoration: underline\">info@ritosa.si<\/span><\/a>.<\/p><p style=\"text-align: center\">Za ve\u0107e grupe obavezna je prethodna rezervacija. Tako\u0111er, uz dogovor je mogu\u0107 najam i nedjeljom te praznicima.<\/p><\/div>\t\t\t\t\t\t\t\t<\/div>\n\t\t\t\t<\/div>\n\t\t\t\t\t<\/div>\n\t\t\t\t<\/div>\n\t\t<div class=\"elementor-element elementor-element-ab92e89 e-flex e-con-boxed e-con e-parent\" data-id=\"ab92e89\" data-element_type=\"container\" data-e-type=\"container\">\n\t\t\t\t\t<div class=\"e-con-inner\">\n\t\t<div class=\"elementor-element elementor-element-5b80dfa e-con-full e-flex e-con e-child\" data-id=\"5b80dfa\" data-element_type=\"container\" data-e-type=\"container\">\n\t\t\t\t<div class=\"elementor-element elementor-element-431d721 elementor-widget elementor-widget-heading\" data-id=\"431d721\" data-element_type=\"widget\" data-e-type=\"widget\" data-widget_type=\"heading.default\">\n\t\t\t\t<div class=\"elementor-widget-container\">\n\t\t\t\t\t<h2 class=\"elementor-heading-title elementor-size-default\">Cjenik najma (cijene s PDV-om)<\/h2>\t\t\t\t<\/div>\n\t\t\t\t<\/div>\n\t\t\t\t<div class=\"elementor-element elementor-element-fdc392b elementor-widget elementor-widget-text-editor\" data-id=\"fdc392b\" data-element_type=\"widget\" data-e-type=\"widget\" data-widget_type=\"text-editor.default\">\n\t\t\t\t<div class=\"elementor-widget-container\">\n\t\t\t\t\t\t\t\t\t<p><strong><u>DJE\u010cJA KOLESA <\/u><\/strong><\/p><p>\u2013 dan 15,00 \u20ac\u2003\u2013 vikend 30,00 \u20ac\u2003\u2013 tjedan 60,00 \u20ac<\/p><p>\u00a0<\/p><p><strong><u>ODRASLA KOLESA<\/u><\/strong><\/p><p>\u2013 dan 20,00 \u20ac\u2003\u2013 vikend 35,00 \u20ac\u2003\u2013 tjedan 70,00 \u20ac<\/p><p>\u00a0<\/p><p><strong><u>ODRASLA E- KOLESA<\/u><\/strong><\/p><p>\u2013 dan 40,00 \u20ac\u2003\u2013 vikend 70,00 \u20ac\u2003\u2013 tjedan 160,00 \u20ac<\/p><p><strong><u><br \/>EL. MTB FULL SUSPENSION<\/u><\/strong><\/p><p>\u2013 dan 60,00 \u20ac\u2003\u2013 vikend 120,00 \u20ac\u2003\u2013 tjedan 200,00 \u20ac<\/p><p><strong><u><br \/>GRADSKI E-BIKE<\/u><\/strong><\/p><p>\u2013 dan 30,00 \u20ac\u2003\u2013 vikend 60,00 \u20ac\u2003\u2013 tjedan 120,00 \u20ac<\/p><p><strong><u><br \/>NAJAM KACIGE<\/u><\/strong><\/p><p>\u2013 dan 3,00 \u20ac\u2003\u2013 vikend 6,00 \u20ac\u2003\u2013 tjedan 10,00 \u20ac<\/p><p><strong><u><br \/>NAJAM DJE\u010cJEG SJEDALA<\/u><\/strong><\/p><p>\u2013 dan 5,00 \u20ac\u2003\u2013 vikend 10,00 \u20ac\u2003\u2013 tjedan 15,00 \u20ac<\/p><p><strong><u><br \/>NAJAM DJE\u010cJE PRIKOLICE <\/u><\/strong><\/p><p>\u2013 dan 15,00 \u20ac\u2003\u2013 vikend 30,00 \u20ac\u2003\u2013 tjedan 60,00 \u20ac<\/p>\t\t\t\t\t\t\t\t<\/div>\n\t\t\t\t<\/div>\n\t\t\t\t<div class=\"elementor-element elementor-element-d90e293 elementor-mobile-align-center elementor-widget elementor-widget-button\" data-id=\"d90e293\" data-element_type=\"widget\" data-e-type=\"widget\" data-widget_type=\"button.default\">\n\t\t\t\t<div class=\"elementor-widget-container\">\n\t\t\t\t\t\t\t\t\t<div class=\"elementor-button-wrapper\">\n\t\t\t\t\t<a class=\"elementor-button elementor-button-link elementor-size-sm\" href=\"\/wp-content\/uploads\/2026\/04\/Cenik-izposoje-kolesa-2026.pdf\" target=\"_blank\">\n\t\t\t\t\t\t<span class=\"elementor-button-content-wrapper\">\n\t\t\t\t\t\t\t\t\t<span class=\"elementor-button-text\">Prenesi cenik v  PDF obliki<\/span>\n\t\t\t\t\t<\/span>\n\t\t\t\t\t<\/a>\n\t\t\t\t<\/div>\n\t\t\t\t\t\t\t\t<\/div>\n\t\t\t\t<\/div>\n\t\t\t\t<\/div>\n\t\t<div class=\"elementor-element elementor-element-98b9897 e-con-full e-flex e-con e-child\" data-id=\"98b9897\" data-element_type=\"container\" data-e-type=\"container\">\n\t\t\t\t<div class=\"elementor-element elementor-element-0711953 elementor-widget elementor-widget-image\" data-id=\"0711953\" data-element_type=\"widget\" data-e-type=\"widget\" data-widget_type=\"image.default\">\n\t\t\t\t<div class=\"elementor-widget-container\">\n\t\t\t\t\t\t\t\t\t\t\t\t\t\t\t<img fetchpriority=\"high\" decoding=\"async\" width=\"800\" height=\"600\" src=\"https:\/\/ritosa.si\/wp-content\/uploads\/2025\/05\/izposoja-1024x768.jpg\" class=\"attachment-large size-large wp-image-5105\" alt=\"\" srcset=\"https:\/\/ritosa.si\/wp-content\/uploads\/2025\/05\/izposoja-1024x768.jpg 1024w, https:\/\/ritosa.si\/wp-content\/uploads\/2025\/05\/izposoja-300x225.jpg 300w, https:\/\/ritosa.si\/wp-content\/uploads\/2025\/05\/izposoja-600x450.jpg 600w, https:\/\/ritosa.si\/wp-content\/uploads\/2025\/05\/izposoja-768x576.jpg 768w, https:\/\/ritosa.si\/wp-content\/uploads\/2025\/05\/izposoja.jpg 1200w\" sizes=\"(max-width: 800px) 100vw, 800px\" \/>\t\t\t\t\t\t\t\t\t\t\t\t\t\t\t<\/div>\n\t\t\t\t<\/div>\n\t\t\t\t<\/div>\n\t\t\t\t\t<\/div>\n\t\t\t\t<\/div>\n\t\t\t\t<\/div>","protected":false},"excerpt":{"rendered":"<p>V na\u0161em Kolesarskem centru Rito\u0161a nudimo tudi izposojo koles. Na voljo imamo \u0161irok izbor koles \u2013 otro\u0161ka, treking, mestna, gorska in elektri\u010dna. Rezervacije sprejemamo po telefon: +386 5 640 12 40 in e-po\u0161ti: info@ritosa.si. Za ve\u010dje skupine je predhodna rezervacija obvezna. Prav tako pa je po dogovoru mo\u017ena tudi izposoja ob nedeljah in praznikih. Cenik [&hellip;]<\/p>\n","protected":false},"author":1,"featured_media":0,"parent":0,"menu_order":0,"comment_status":"closed","ping_status":"closed","template":"","meta":{"_acf_changed":false,"inline_featured_image":false,"_monsterinsights_skip_tracking":false,"_monsterinsights_sitenote_active":false,"_monsterinsights_sitenote_note":"","_monsterinsights_sitenote_category":0,"footnotes":""},"class_list":["post-22611","page","type-page","status-publish","hentry"],"acf":[],"aioseo_notices":[],"_links":{"self":[{"href":"https:\/\/ritosa.si\/hr\/wp-json\/wp\/v2\/pages\/22611","targetHints":{"allow":["GET"]}}],"collection":[{"href":"https:\/\/ritosa.si\/hr\/wp-json\/wp\/v2\/pages"}],"about":[{"href":"https:\/\/ritosa.si\/hr\/wp-json\/wp\/v2\/types\/page"}],"author":[{"embeddable":true,"href":"https:\/\/ritosa.si\/hr\/wp-json\/wp\/v2\/users\/1"}],"replies":[{"embeddable":true,"href":"https:\/\/ritosa.si\/hr\/wp-json\/wp\/v2\/comments?post=22611"}],"version-history":[{"count":19,"href":"https:\/\/ritosa.si\/hr\/wp-json\/wp\/v2\/pages\/22611\/revisions"}],"predecessor-version":[{"id":22895,"href":"https:\/\/ritosa.si\/hr\/wp-json\/wp\/v2\/pages\/22611\/revisions\/22895"}],"wp:attachment":[{"href":"https:\/\/ritosa.si\/hr\/wp-json\/wp\/v2\/media?parent=22611"}],"curies":[{"name":"radni list","href":"https:\/\/api.w.org\/{rel}","templated":true}]}}