{"id":3,"date":"2025-03-20T17:23:52","date_gmt":"2025-03-20T17:23:52","guid":{"rendered":"https:\/\/ritosa.click.si\/?page_id=3"},"modified":"2025-06-27T11:14:36","modified_gmt":"2025-06-27T09:14:36","slug":"privacy-policy","status":"publish","type":"page","link":"https:\/\/ritosa.si\/hr\/privacy-policy\/","title":{"rendered":"Pravila o privatnosti"},"content":{"rendered":"<p>Internetska trgovina ritosa.si obvezuje se na trajnu za\u0161titu svih osobnih podataka.<br>Rito\u0161a doo nikada ne\u0107e prodati niti dijeliti va\u0161e osobne podatke s tre\u0107im stranama.<\/p>\n\n\n\n<p>Va\u0161e podatke koristimo isklju\u010divo za nesmetan tijek narud\u017ebi.<\/p>\n\n\n\n<p><\/p>","protected":false},"excerpt":{"rendered":"<p>Internetska trgovina ritosa.si obvezuje se na trajnu za\u0161titu svih osobnih podataka. Rito\u0161a doo nikada ne\u0107e prodati ili dijeliti va\u0161e osobne podatke s tre\u0107im stranama. Va\u0161e podatke koristimo isklju\u010divo za nesmetanu obradu narud\u017ebi.<\/p>","protected":false},"author":1,"featured_media":0,"parent":0,"menu_order":0,"comment_status":"closed","ping_status":"open","template":"","meta":{"_acf_changed":false,"inline_featured_image":false,"_monsterinsights_skip_tracking":false,"_monsterinsights_sitenote_active":false,"_monsterinsights_sitenote_note":"","_monsterinsights_sitenote_category":0,"footnotes":""},"class_list":["post-3","page","type-page","status-publish","hentry"],"acf":[],"aioseo_notices":[],"_links":{"self":[{"href":"https:\/\/ritosa.si\/hr\/wp-json\/wp\/v2\/pages\/3","targetHints":{"allow":["GET"]}}],"collection":[{"href":"https:\/\/ritosa.si\/hr\/wp-json\/wp\/v2\/pages"}],"about":[{"href":"https:\/\/ritosa.si\/hr\/wp-json\/wp\/v2\/types\/page"}],"author":[{"embeddable":true,"href":"https:\/\/ritosa.si\/hr\/wp-json\/wp\/v2\/users\/1"}],"replies":[{"embeddable":true,"href":"https:\/\/ritosa.si\/hr\/wp-json\/wp\/v2\/comments?post=3"}],"version-history":[{"count":1,"href":"https:\/\/ritosa.si\/hr\/wp-json\/wp\/v2\/pages\/3\/revisions"}],"predecessor-version":[{"id":18785,"href":"https:\/\/ritosa.si\/hr\/wp-json\/wp\/v2\/pages\/3\/revisions\/18785"}],"wp:attachment":[{"href":"https:\/\/ritosa.si\/hr\/wp-json\/wp\/v2\/media?parent=3"}],"curies":[{"name":"radni list","href":"https:\/\/api.w.org\/{rel}","templated":true}]}}