{"id":5622,"date":"2025-06-04T15:47:14","date_gmt":"2025-06-04T13:47:14","guid":{"rendered":"https:\/\/ritosa.click.si\/?page_id=5622"},"modified":"2026-04-09T14:51:30","modified_gmt":"2026-04-09T12:51:30","slug":"dostava","status":"publish","type":"page","link":"https:\/\/ritosa.si\/hr\/dostava\/","title":{"rendered":"Dostava"},"content":{"rendered":"<div data-elementor-type=\"wp-page\" data-elementor-id=\"5622\" class=\"elementor elementor-5622\" wpc-filter-elementor-widget=\"1\" data-elementor-post-type=\"page\">\n\t\t\t\t<div class=\"elementor-element elementor-element-d6f0f80 e-flex e-con-boxed e-con e-parent\" data-id=\"d6f0f80\" data-element_type=\"container\" data-e-type=\"container\">\n\t\t\t\t\t<div class=\"e-con-inner\">\n\t\t\t\t\t<\/div>\n\t\t\t\t<\/div>\n\t\t<div class=\"elementor-element elementor-element-dfa0790 e-flex e-con-boxed e-con e-parent\" data-id=\"dfa0790\" data-element_type=\"container\" data-e-type=\"container\">\n\t\t\t\t\t<div class=\"e-con-inner\">\n\t\t\t\t<div class=\"elementor-element elementor-element-2944dc0 dostavne-moznosti elementor-widget elementor-widget-text-editor\" data-id=\"2944dc0\" data-element_type=\"widget\" data-e-type=\"widget\" data-widget_type=\"text-editor.default\">\n\t\t\t\t<div class=\"elementor-widget-container\">\n\t\t\t\t\t\t\t\t\t<h2>Mogu\u0107nosti dostave<\/h2><ul><li><strong>OSOBNO PREUZIMANJE<\/strong>\u00a0u na\u0161oj poslovnici u Izoli, Kajuhova 28.<p>RADNO VRIJEME: ponedjeljak\u2013petak 9:00 \u2013 13:30 i 15:00 \u2013 18:00<br \/><span style=\"background-color: transparent\">\u00a0 \u00a0 \u00a0 \u00a0 \u00a0 \u00a0 \u00a0 \u00a0subota 9:00 \u2013 13:00<br \/><\/span><span style=\"background-color: transparent\">\u00a0 \u00a0 \u00a0 \u00a0 \u00a0 \u00a0 \u00a0 \u00a0nedjelja i praznici zatvoreno<\/span><\/p><\/li><li><strong>DOSTAVA PUTEM PO\u0160TE SLOVENIJE<\/strong>\u00a0<\/li><li>Tro\u0161kovi dostave (obrada narud\u017ebe, pakiranje i po\u0161tarina) jasno su navedeni kod svake narud\u017ebe.<p>\u2013 za narud\u017ebe ispod 150 \u20ac tro\u0161ak dostave iznosi 5,95 \u20ac<br \/>\u2013 za narud\u017ebe iznad 150 \u20ac dostava je besplatna<\/p><\/li><\/ul><h2>Uvjeti pla\u0107anja<\/h2><ul><li><strong>PLA\u0106ANJE PRI OSOBNOM PREUZIMANJU<\/strong>\u00a0<\/li><\/ul><p>Pla\u0107anje je mogu\u0107e u na\u0161oj poslovnici u Izoli (Kajuhova 28). Prihva\u0107amo gotovinu i kartice.<\/p><ul><li><strong>PLA\u0106ANJE POUZE\u0106EM<\/strong><\/li><\/ul><p>Pla\u0107anje prilikom dostave putem Po\u0161te Slovenije.<\/p><ul><li><strong>PLA\u0106ANJE PO PREDRA\u010cUNU<\/strong><\/li><\/ul><p>Predra\u010dun \u0107ete primiti na e-mail adresu navedenu prilikom registracije. U iznos su uklju\u010deni svi tro\u0161kovi (proizvodi, po\u0161tarina).<\/p><ul><li data-start=\"967\" data-end=\"1050\"><strong data-start=\"967\" data-end=\"993\">PLA\u0106ANJE PUTEM PayPal-a<\/strong><\/li><\/ul><p>Sigurno i brzo online pla\u0107anje putem PayPal sustava.<\/p><ul><li data-start=\"1052\" data-end=\"1174\"><strong data-start=\"1052\" data-end=\"1094\">PLA\u0106ANJE KREDITNOM ILI DEBETNOM KARTICOM<\/strong><\/li><\/ul><p>Omogu\u0107ujemo jednostavno i sigurno pla\u0107anje ve\u0107inom kreditnih i debitnih kartica.<\/p>\t\t\t\t\t\t\t\t<\/div>\n\t\t\t\t<\/div>\n\t\t\t\t\t<\/div>\n\t\t\t\t<\/div>\n\t\t\t\t<\/div>","protected":false},"excerpt":{"rendered":"<p>Dostavne mo\u017enosti OSEBNI PREVZEM\u00a0v na\u0161i poslovalnici v Izoli, Kajuhova 28. URNIK: ponedeljek-petek 9:00 &#8211; 13:30 in 15:00 &#8211; 18:00\u00a0 \u00a0 \u00a0 \u00a0 \u00a0 \u00a0 \u00a0 \u00a0sobota od 9:00 &#8211; 13:00\u00a0 \u00a0 \u00a0 \u00a0 \u00a0 \u00a0 \u00a0 \u00a0nedelja in prazniki zaprto DOSTAVA PREKO PAKETNE DOSTAVNE SLU\u017dBE PO\u0160TE SLOVENIJE\u00a0 Ob vsakem naro\u010dilu so jasno navedeni stro\u0161ki dostave [&hellip;]<\/p>\n","protected":false},"author":1,"featured_media":0,"parent":0,"menu_order":0,"comment_status":"closed","ping_status":"closed","template":"","meta":{"_acf_changed":false,"inline_featured_image":false,"_monsterinsights_skip_tracking":false,"_monsterinsights_sitenote_active":false,"_monsterinsights_sitenote_note":"","_monsterinsights_sitenote_category":0,"footnotes":""},"class_list":["post-5622","page","type-page","status-publish","hentry"],"acf":[],"aioseo_notices":[],"_links":{"self":[{"href":"https:\/\/ritosa.si\/hr\/wp-json\/wp\/v2\/pages\/5622","targetHints":{"allow":["GET"]}}],"collection":[{"href":"https:\/\/ritosa.si\/hr\/wp-json\/wp\/v2\/pages"}],"about":[{"href":"https:\/\/ritosa.si\/hr\/wp-json\/wp\/v2\/types\/page"}],"author":[{"embeddable":true,"href":"https:\/\/ritosa.si\/hr\/wp-json\/wp\/v2\/users\/1"}],"replies":[{"embeddable":true,"href":"https:\/\/ritosa.si\/hr\/wp-json\/wp\/v2\/comments?post=5622"}],"version-history":[{"count":16,"href":"https:\/\/ritosa.si\/hr\/wp-json\/wp\/v2\/pages\/5622\/revisions"}],"predecessor-version":[{"id":22901,"href":"https:\/\/ritosa.si\/hr\/wp-json\/wp\/v2\/pages\/5622\/revisions\/22901"}],"wp:attachment":[{"href":"https:\/\/ritosa.si\/hr\/wp-json\/wp\/v2\/media?parent=5622"}],"curies":[{"name":"radni list","href":"https:\/\/api.w.org\/{rel}","templated":true}]}}