{"id":10128,"date":"2021-04-06T11:35:18","date_gmt":"2021-04-06T11:35:18","guid":{"rendered":"https:\/\/ritosa.click.si\/?post_type=product&#038;p=10128"},"modified":"2026-03-27T18:18:19","modified_gmt":"2026-03-27T17:18:19","slug":"skiro-tempish-ventus-110","status":"publish","type":"product","link":"https:\/\/ritosa.si\/hr\/ducan\/skiroji\/freestyle-skiroji\/skiro-tempish-ventus-110\/","title":{"rendered":"Romobil Tempish Ventus 110"},"content":{"rendered":"<p>Tempish Ventus 110 freestyle romobil opremljen je kota\u010dima od 110 mm i tvrdo\u0107om 85A. Romobil ima ru\u010dku upravlja\u010da od 120 mm, koja je dodatno oja\u010dana i dimenzija 580 x 500 mm. Daska romobila izra\u0111ena je od aluminija, a vilica od \u010delika.<\/p>\n<ul>\n<li><strong>Nosivost:<\/strong>\u00a0100 kg<\/li>\n<li><strong>Materijal:<\/strong> aluminij + \u010delik<\/li>\n<li><strong>Le\u017eajevi: <\/strong>ABEC 9<\/li>\n<li><strong>Ko\u010dnica:<\/strong> DA<\/li>\n<li><strong>Kota\u010di:<\/strong> 110 mm<\/li>\n<li><strong>Duljina staja\u0107e povr\u0161ine:<\/strong> 50 cm<\/li>\n<li><strong>Visina upravlja\u010da:\u00a0<\/strong>58 cm<\/li>\n<li><strong>\u0160irina upravlja\u010da:<\/strong> 50 cm<\/li>\n<li><strong>\u0160irina staja\u0107eg prostora:<\/strong> 11 cm<\/li>\n<li><strong>Te\u017eina:<\/strong> 3,3 kg<\/li>\n<li><strong>Maksimalna dopu\u0161tena te\u017eina:<\/strong> 100 kg<\/li>\n<\/ul>\n<p><strong>Upozorenje!<\/strong>\u00a0Prilikom kori\u0161tenja potrebno je nositi za\u0161titnu opremu (kacigu, \u0161titnike, rukavice).<br \/>\n\u2013 Proizvod je igra\u010dka i nije namijenjen za kori\u0161tenje u javnom prijevozu jer nije prilago\u0111en za javni prijevoz.<br \/>\n<strong>Upozorenje!<\/strong> Proizvod ne smiju koristiti djeca mla\u0111a od 36 mjeseci jer sadr\u017ei sitne dijelove i mo\u017ee predstavljati opasnost od gu\u0161enja.<\/p>","protected":false},"excerpt":{"rendered":"<p>Romobil Tempish Ventus 110 za slobodni stil<\/p>","protected":false},"featured_media":19197,"template":"","meta":{"_acf_changed":false,"inline_featured_image":false,"_monsterinsights_skip_tracking":false,"_monsterinsights_sitenote_active":false,"_monsterinsights_sitenote_note":"","_monsterinsights_sitenote_category":0},"product_brand":[1219],"product_cat":[652,495],"product_tag":[1005,1262,1263,1012],"class_list":{"0":"post-10128","1":"product","2":"type-product","3":"status-publish","4":"has-post-thumbnail","6":"product_brand-tempish","7":"product_cat-freestyle-skiroji","8":"product_cat-skiroji","9":"product_tag-otroski-skiro","10":"product_tag-skiro-tempish-za-otroke","11":"product_tag-skiro-za-skoke","12":"product_tag-skiro-za-trike","14":"first","15":"instock","16":"sale","17":"taxable","18":"shipping-taxable","19":"purchasable","20":"product-type-simple"},"acf":[],"aioseo_notices":[],"_links":{"self":[{"href":"https:\/\/ritosa.si\/hr\/wp-json\/wp\/v2\/product\/10128","targetHints":{"allow":["GET"]}}],"collection":[{"href":"https:\/\/ritosa.si\/hr\/wp-json\/wp\/v2\/product"}],"about":[{"href":"https:\/\/ritosa.si\/hr\/wp-json\/wp\/v2\/types\/product"}],"wp:featuredmedia":[{"embeddable":true,"href":"https:\/\/ritosa.si\/hr\/wp-json\/wp\/v2\/media\/19197"}],"wp:attachment":[{"href":"https:\/\/ritosa.si\/hr\/wp-json\/wp\/v2\/media?parent=10128"}],"wp:term":[{"taxonomy":"product_brand","embeddable":true,"href":"https:\/\/ritosa.si\/hr\/wp-json\/wp\/v2\/product_brand?post=10128"},{"taxonomy":"product_cat","embeddable":true,"href":"https:\/\/ritosa.si\/hr\/wp-json\/wp\/v2\/product_cat?post=10128"},{"taxonomy":"product_tag","embeddable":true,"href":"https:\/\/ritosa.si\/hr\/wp-json\/wp\/v2\/product_tag?post=10128"}],"curies":[{"name":"radni list","href":"https:\/\/api.w.org\/{rel}","templated":true}]}}