{"id":10242,"date":"2021-05-24T12:49:06","date_gmt":"2021-05-24T12:49:06","guid":{"rendered":"https:\/\/ritosa.click.si\/?post_type=product&#038;p=10242"},"modified":"2026-04-04T10:05:20","modified_gmt":"2026-04-04T08:05:20","slug":"rolerji-wenox-top-lady-gold-100","status":"publish","type":"product","link":"https:\/\/ritosa.si\/hr\/ducan\/rolerji\/odrasli-rolerji\/rolerji-wenox-top-lady-gold-100\/","title":{"rendered":"Rolerji Tempish WENOX TOP 100 LADY"},"content":{"rendered":"<p>Atraktivne fitness role koje sadr\u017ee najnovije trendove i tehnologije fitness rolanja.<\/p>\n<p>Role su namijenjene boljim kliza\u010dima.<\/p>\n<p>\u0160asija s 3 kota\u010da maksimalne veli\u010dine 100 mm omogu\u0107uje udobno i brzo klizanje \u010dak i na ve\u0107im udaljenostima.<\/p>\n<p>Stajni trap je relativno kratak, \u0161to olak\u0161ava manevriranje tamo gdje je potrebno brzo promijeniti smjer valjanja.<\/p>\n<p>Udobni ulo\u017eak izra\u0111en je od dva dijela. Vanjski, tvr\u0111i dio dobro prianja uz stopalo i pru\u017ea potporu, dok unutarnji, mek\u0161i ulo\u017eak pru\u017ea udobnost.<\/p>\n<p>Role imaju svjetle\u0107e elemente koji osiguravaju njihovu vidljivost po lo\u0161em vremenu.<\/p>\n<p>Moderni sustav vezanja omogu\u0107uje brzo i u\u010dinkovito zatezanje i otpu\u0161tanje.<\/p>\n<p>Veli\u010dine: 37-42<\/p>\n<div class=\"data-table\">\n<dl class=\"data-sheet\">\n<dt class=\"name\"><\/dt>\n<\/dl>\n<table class=\"attributes dl-horizontal\">\n<tbody>\n<tr class=\"odd\">\n<td id=\"attrTitle_1\" class=\"attribute-label\" title=\"Boja\" colspan=\"1\">Boja<\/td>\n<td id=\"attrValue_1\" class=\"attribute-data\" colspan=\"2\">zlato<\/td>\n<\/tr>\n<tr class=\"even\">\n<td id=\"attrTitle_2\" class=\"attribute-label\" title=\"Spol\" colspan=\"1\">Spol<\/td>\n<td id=\"attrValue_2\" class=\"attribute-data\" colspan=\"2\">\u017dene<\/td>\n<\/tr>\n<tr class=\"odd\">\n<td id=\"attrTitle_3\" class=\"attribute-label\" title=\"Le\u017eaj\" colspan=\"1\">Le\u017eaj<\/td>\n<td id=\"attrValue_3\" class=\"attribute-data\" colspan=\"2\">ABEC 9<\/td>\n<\/tr>\n<tr class=\"even\">\n<td id=\"attrTitle_4\" class=\"attribute-label\" title=\"Zaklju\u010daj\" colspan=\"1\">Zaklju\u010daj<\/td>\n<td id=\"attrValue_4\" class=\"attribute-data\" colspan=\"2\">Sustav vezanja, Schnalle, Klettverschluss<\/td>\n<\/tr>\n<tr class=\"odd\">\n<td id=\"attrTitle_5\" class=\"attribute-label\" title=\"Okvir\" colspan=\"1\">Okvir<\/td>\n<td id=\"attrValue_5\" class=\"attribute-data\" colspan=\"2\">Trokota\u010d<\/td>\n<\/tr>\n<tr class=\"even\">\n<td id=\"attrTitle_6\" class=\"attribute-label\" title=\"Veli\u010dina kota\u010da\" colspan=\"1\">Veli\u010dina kota\u010da<\/td>\n<td id=\"attrValue_6\" class=\"attribute-data\" colspan=\"2\">100 mm<\/td>\n<\/tr>\n<\/tbody>\n<\/table>\n<\/div>","protected":false},"excerpt":{"rendered":"<p>Rolerji Tempish WENOX TOP 100 LADY &#8211; gold<\/p>","protected":false},"featured_media":10245,"template":"","meta":{"_acf_changed":false,"inline_featured_image":false,"_monsterinsights_skip_tracking":false,"_monsterinsights_sitenote_active":false,"_monsterinsights_sitenote_note":"","_monsterinsights_sitenote_category":0},"product_brand":[1219],"product_cat":[584],"product_tag":[1201],"class_list":{"0":"post-10242","1":"product","2":"type-product","3":"status-publish","4":"has-post-thumbnail","6":"product_brand-tempish","7":"product_cat-odrasli-rolerji","8":"product_tag-outlet","9":"pa_velikost-737","10":"pa_velikost-742","11":"pa_velikost-41-2","13":"first","14":"instock","15":"sale","16":"taxable","17":"shipping-taxable","18":"purchasable","19":"product-type-variable"},"acf":[],"aioseo_notices":[],"_links":{"self":[{"href":"https:\/\/ritosa.si\/hr\/wp-json\/wp\/v2\/product\/10242","targetHints":{"allow":["GET"]}}],"collection":[{"href":"https:\/\/ritosa.si\/hr\/wp-json\/wp\/v2\/product"}],"about":[{"href":"https:\/\/ritosa.si\/hr\/wp-json\/wp\/v2\/types\/product"}],"wp:featuredmedia":[{"embeddable":true,"href":"https:\/\/ritosa.si\/hr\/wp-json\/wp\/v2\/media\/10245"}],"wp:attachment":[{"href":"https:\/\/ritosa.si\/hr\/wp-json\/wp\/v2\/media?parent=10242"}],"wp:term":[{"taxonomy":"product_brand","embeddable":true,"href":"https:\/\/ritosa.si\/hr\/wp-json\/wp\/v2\/product_brand?post=10242"},{"taxonomy":"product_cat","embeddable":true,"href":"https:\/\/ritosa.si\/hr\/wp-json\/wp\/v2\/product_cat?post=10242"},{"taxonomy":"product_tag","embeddable":true,"href":"https:\/\/ritosa.si\/hr\/wp-json\/wp\/v2\/product_tag?post=10242"}],"curies":[{"name":"radni list","href":"https:\/\/api.w.org\/{rel}","templated":true}]}}