{"id":10422,"date":"2021-08-07T10:17:16","date_gmt":"2021-08-07T10:17:16","guid":{"rendered":"https:\/\/ritosa.click.si\/?post_type=product&#038;p=10422"},"modified":"2025-06-23T15:21:00","modified_gmt":"2025-06-23T13:21:00","slug":"polna-guma-za-elektricni-skiro-10-x-2-luknjasta","status":"publish","type":"product","link":"https:\/\/ritosa.si\/hr\/ducan\/skiroji\/rezervni-deli-za-elektricne-skiroje\/polna-guma-za-elektricni-skiro-10-x-2-luknjasta\/","title":{"rendered":"Puna guma za elektri\u010dni skuter 10 x 2 rupe"},"content":{"rendered":"<p>Puna guma s rupama za elektri\u010dne skutere, dimenzija 10 x 2. Pogodno za ve\u0107e elektri\u010dne skutere.<\/p>","protected":false},"excerpt":{"rendered":"<p>Puna guma s rupama za elektri\u010dne skutere, dimenzija 10 x 2. Pogodno za ve\u0107e elektri\u010dne skutere.<\/p>","protected":false},"featured_media":10423,"template":"","meta":{"_acf_changed":false,"inline_featured_image":false,"_monsterinsights_skip_tracking":false,"_monsterinsights_sitenote_active":false,"_monsterinsights_sitenote_note":"","_monsterinsights_sitenote_category":0},"product_brand":[],"product_cat":[655],"product_tag":[],"class_list":{"0":"post-10422","1":"product","2":"type-product","3":"status-publish","4":"has-post-thumbnail","6":"product_cat-rezervni-deli-za-elektricne-skiroje","8":"first","9":"onbackorder","10":"sale","11":"taxable","12":"shipping-taxable","13":"purchasable","14":"product-type-simple"},"acf":[],"aioseo_notices":[],"_links":{"self":[{"href":"https:\/\/ritosa.si\/hr\/wp-json\/wp\/v2\/product\/10422","targetHints":{"allow":["GET"]}}],"collection":[{"href":"https:\/\/ritosa.si\/hr\/wp-json\/wp\/v2\/product"}],"about":[{"href":"https:\/\/ritosa.si\/hr\/wp-json\/wp\/v2\/types\/product"}],"wp:featuredmedia":[{"embeddable":true,"href":"https:\/\/ritosa.si\/hr\/wp-json\/wp\/v2\/media\/10423"}],"wp:attachment":[{"href":"https:\/\/ritosa.si\/hr\/wp-json\/wp\/v2\/media?parent=10422"}],"wp:term":[{"taxonomy":"product_brand","embeddable":true,"href":"https:\/\/ritosa.si\/hr\/wp-json\/wp\/v2\/product_brand?post=10422"},{"taxonomy":"product_cat","embeddable":true,"href":"https:\/\/ritosa.si\/hr\/wp-json\/wp\/v2\/product_cat?post=10422"},{"taxonomy":"product_tag","embeddable":true,"href":"https:\/\/ritosa.si\/hr\/wp-json\/wp\/v2\/product_tag?post=10422"}],"curies":[{"name":"radni list","href":"https:\/\/api.w.org\/{rel}","templated":true}]}}