{"id":10537,"date":"2005-10-05T14:32:13","date_gmt":"2005-10-05T12:32:13","guid":{"rendered":"https:\/\/ritosa.click.si\/?post_type=product&#038;p=10537"},"modified":"2025-08-28T13:18:41","modified_gmt":"2025-08-28T11:18:41","slug":"stojalo-za-kolo-peruzzo-lybra","status":"publish","type":"product","link":"https:\/\/ritosa.si\/hr\/ducan\/biciklizam\/nosilci-koles\/za-dom\/stojalo-za-kolo-peruzzo-lybra\/","title":{"rendered":"Stalak za bicikle Peruzzo Lybra"},"content":{"rendered":"<p><span class=\"VIiyi\" lang=\"sl\" xml:lang=\"sl\"><span class=\"JLqJ4b ChMk0b\">Stalak za bicikle Lybra je patentiran i sklapa se kako bi zauzeo malo prostora.<\/span> <span class=\"JLqJ4b ChMk0b\">Opremljen rupama za monta\u017eu na pod, pogodan za sve vrste bicikala.<\/span>\u00a0Tako\u0111er pogodno za + gume - maksimalna \u0161irina je 8 cm. Dovoljno \u010dvrsto da lako dr\u017ei \u010dak i te\u017ee, elektri\u010dne bicikle. S patentiranim sustavom koji komprimira bicikl u postolju tako da obru\u010d i okvir ne dodiruju postolje.<\/span><\/p>","protected":false},"excerpt":{"rendered":"<p>Stojalo za kolesa Lybra je patentirano in se zlo\u017ei, da zavzame malo prostora. Opremljeno z luknjami za pritrditev na tla, primeren za vse vrste koles.\u00a0Primeren tudi za + pla\u0161\u010de &#8211; maksimalna \u0161irina je 8cm. Dovolj \u010dvrsto da brez te\u017eav dr\u017ei tudi te\u017eja, elektri\u010dna kolesa. S patentiranim sistemom, ki stisne kolo v stojalu, tako da se [&hellip;]<\/p>\n","protected":false},"featured_media":10538,"template":"","meta":{"_acf_changed":false,"inline_featured_image":false,"_monsterinsights_skip_tracking":false,"_monsterinsights_sitenote_active":false,"_monsterinsights_sitenote_note":"","_monsterinsights_sitenote_category":0},"product_brand":[685],"product_cat":[528],"product_tag":[1267,1266,1264,1265],"class_list":{"0":"post-10537","1":"product","2":"type-product","3":"status-publish","4":"has-post-thumbnail","6":"product_brand-peruzzo","7":"product_cat-za-dom","8":"product_tag-lybra-peruzzo","9":"product_tag-stojalo-za-kolo-lybra","10":"product_tag-stojalo-za-kolo-peruzzo","11":"product_tag-stojalo-za-kolo-za-dom","13":"first","14":"instock","15":"sale","16":"taxable","17":"shipping-taxable","18":"purchasable","19":"product-type-simple"},"acf":[],"aioseo_notices":[],"_links":{"self":[{"href":"https:\/\/ritosa.si\/hr\/wp-json\/wp\/v2\/product\/10537","targetHints":{"allow":["GET"]}}],"collection":[{"href":"https:\/\/ritosa.si\/hr\/wp-json\/wp\/v2\/product"}],"about":[{"href":"https:\/\/ritosa.si\/hr\/wp-json\/wp\/v2\/types\/product"}],"wp:featuredmedia":[{"embeddable":true,"href":"https:\/\/ritosa.si\/hr\/wp-json\/wp\/v2\/media\/10538"}],"wp:attachment":[{"href":"https:\/\/ritosa.si\/hr\/wp-json\/wp\/v2\/media?parent=10537"}],"wp:term":[{"taxonomy":"product_brand","embeddable":true,"href":"https:\/\/ritosa.si\/hr\/wp-json\/wp\/v2\/product_brand?post=10537"},{"taxonomy":"product_cat","embeddable":true,"href":"https:\/\/ritosa.si\/hr\/wp-json\/wp\/v2\/product_cat?post=10537"},{"taxonomy":"product_tag","embeddable":true,"href":"https:\/\/ritosa.si\/hr\/wp-json\/wp\/v2\/product_tag?post=10537"}],"curies":[{"name":"radni list","href":"https:\/\/api.w.org\/{rel}","templated":true}]}}