{"id":10544,"date":"2021-10-07T10:07:13","date_gmt":"2021-10-07T10:07:13","guid":{"rendered":"https:\/\/ritosa.click.si\/?post_type=product&#038;p=10544"},"modified":"2025-09-25T15:53:27","modified_gmt":"2025-09-25T13:53:27","slug":"torbica-topeak-aero-wedge-pack-micro","status":"publish","type":"product","link":"https:\/\/ritosa.si\/hr\/ducan\/biciklizam\/oprema-za-biciklizam\/dodatna-oprema-in-rezervni-deli\/torbice\/torbica-topeak-aero-wedge-pack-micro\/","title":{"rendered":"Torba Topeak Aero Wedge Pack MICRO"},"content":{"rendered":"<p>Torba ispod sjedala ima aerodinami\u010dni oblik. Pri\u010dvr\u0161\u0107uje se remenima. Idealna je za pohranu malih predmeta poput klju\u010deva, alata, zra\u010dnice, telefona ili nov\u010danika.<\/p>\n<div class=\"field field-name-body field-type-text-with-summary field-label-hidden\">\n<div class=\"field-items\">\n<div class=\"field-item even\">\n<div>\n<p><strong>Zna\u010dajke:<\/strong><\/p>\n<ul>\n<li>Materijal: poliester 1200 denier<\/li>\n<li>Kapacitet: Mikro veli\u010dina: 0,41 l<\/li>\n<li>Veli\u010dina (D x \u0160 x V): Mikro veli\u010dina: 16 x 8 x 7,5 cm<\/li>\n<li>Te\u017eina: Mikro veli\u010dina 85 g<\/li>\n<\/ul>\n<\/div>\n<\/div>\n<\/div>\n<\/div>","protected":false},"excerpt":{"rendered":"<p>Topeak Aero Wedge Pack MICRO torba za sjedalo<\/p>","protected":false},"featured_media":10545,"template":"","meta":{"_acf_changed":false,"inline_featured_image":false,"_monsterinsights_skip_tracking":false,"_monsterinsights_sitenote_active":false,"_monsterinsights_sitenote_note":"","_monsterinsights_sitenote_category":0},"product_brand":[1395],"product_cat":[517],"product_tag":[1721,1725,1554,1720,1724,1713],"class_list":{"0":"post-10544","1":"product","2":"type-product","3":"status-publish","4":"has-post-thumbnail","6":"product_brand-topeak","7":"product_cat-torbice","8":"product_tag-aero-wedge-pack","9":"product_tag-aero-wedge-pack-micro","10":"product_tag-topeak","11":"product_tag-topeak-aero-wedge-pack","12":"product_tag-topeak-aero-wedge-pack-micro","13":"product_tag-torbica-topeak","15":"first","16":"instock","17":"sale","18":"taxable","19":"shipping-taxable","20":"purchasable","21":"product-type-simple"},"acf":[],"aioseo_notices":[],"_links":{"self":[{"href":"https:\/\/ritosa.si\/hr\/wp-json\/wp\/v2\/product\/10544","targetHints":{"allow":["GET"]}}],"collection":[{"href":"https:\/\/ritosa.si\/hr\/wp-json\/wp\/v2\/product"}],"about":[{"href":"https:\/\/ritosa.si\/hr\/wp-json\/wp\/v2\/types\/product"}],"wp:featuredmedia":[{"embeddable":true,"href":"https:\/\/ritosa.si\/hr\/wp-json\/wp\/v2\/media\/10545"}],"wp:attachment":[{"href":"https:\/\/ritosa.si\/hr\/wp-json\/wp\/v2\/media?parent=10544"}],"wp:term":[{"taxonomy":"product_brand","embeddable":true,"href":"https:\/\/ritosa.si\/hr\/wp-json\/wp\/v2\/product_brand?post=10544"},{"taxonomy":"product_cat","embeddable":true,"href":"https:\/\/ritosa.si\/hr\/wp-json\/wp\/v2\/product_cat?post=10544"},{"taxonomy":"product_tag","embeddable":true,"href":"https:\/\/ritosa.si\/hr\/wp-json\/wp\/v2\/product_tag?post=10544"}],"curies":[{"name":"radni list","href":"https:\/\/api.w.org\/{rel}","templated":true}]}}