{"id":10562,"date":"2021-10-12T11:50:20","date_gmt":"2021-10-12T11:50:20","guid":{"rendered":"https:\/\/ritosa.click.si\/?post_type=product&#038;p=10562"},"modified":"2025-09-09T16:47:07","modified_gmt":"2025-09-09T14:47:07","slug":"peaty-s-olje-za-verigo-link-lube-dry-60ml","status":"publish","type":"product","link":"https:\/\/ritosa.si\/hr\/ducan\/biciklizam\/oprema-za-biciklizam\/vzdrzevanje-koles\/cistila-in-maziva\/peaty-s-olje-za-verigo-link-lube-dry-60ml\/","title":{"rendered":"Peaty&#039;s Link Lube suho ulje za lanac 60 ml"},"content":{"rendered":"<p><span class=\"VIiyi\" lang=\"sl\" xml:lang=\"sl\"><span class=\"JLqJ4b ChMk0b\">LinkLube Dry je biorazgradivo mazivo za lance na bazi voska za upotrebu u suhim i pra\u0161njavim do blago vla\u017enim uvjetima.<\/span> E<span class=\"JLqJ4b ChMk0b\">Jedinstvena formula koristi mje\u0161avinu voskova suspendiranih u emulziji na bazi vode koja osigurava \u010dist i nesmetan rad cijelog sustava zup\u010danika i produ\u017euje njegov vijek trajanja.<\/span><\/span><\/p>\n<ul>\n<li><span class=\"VIiyi\" lang=\"sl\" xml:lang=\"sl\"><span class=\"JLqJ4b ChMk0b\"><span class=\"VIiyi\" lang=\"sl\" xml:lang=\"sl\"><span class=\"JLqJ4b ChMk0b\">Formula na bazi voska traje dulje u suhim i pra\u0161njavim uvjetima<\/span><span class=\"JLqJ4b\">, jer n<\/span><span class=\"JLqJ4b ChMk0b\">privla\u010di prljav\u0161tinu<\/span><\/span> <\/span><\/span><\/li>\n<li><span class=\"VIiyi\" lang=\"sl\" xml:lang=\"sl\"><span class=\"JLqJ4b ChMk0b\"><span class=\"VIiyi\" lang=\"sl\" xml:lang=\"sl\"><span class=\"JLqJ4b ChMk0b\"><span class=\"VIiyi\" lang=\"sl\" xml:lang=\"sl\"><span class=\"JLqJ4b ChMk0b\">Plava boja lako pokazuje da je mazivo suho i spremno za vo\u017enju<\/span><\/span> <\/span><\/span><\/span><\/span><\/li>\n<li><span class=\"VIiyi\" lang=\"sl\" xml:lang=\"sl\"><span class=\"JLqJ4b ChMk0b\"><span class=\"VIiyi\" lang=\"sl\" xml:lang=\"sl\"><span class=\"JLqJ4b ChMk0b\"><span class=\"VIiyi\" lang=\"sl\" xml:lang=\"sl\"><span class=\"JLqJ4b ChMk0b\">Biorazgradivo<\/span><\/span><\/span><\/span><\/span><\/span><\/li>\n<li><span class=\"VIiyi\" lang=\"sl\" xml:lang=\"sl\"><span class=\"JLqJ4b ChMk0b\"><span class=\"VIiyi\" lang=\"sl\" xml:lang=\"sl\"><span class=\"JLqJ4b ChMk0b\"><span class=\"VIiyi\" lang=\"sl\" xml:lang=\"sl\"><span class=\"JLqJ4b ChMk0b\">Traje do 300 km s jednim podmazivanjem (ovisno o uvjetima)<\/span><\/span><\/span><\/span><\/span><\/span><\/li>\n<li><span class=\"VIiyi\" lang=\"sl\" xml:lang=\"sl\"><span class=\"JLqJ4b ChMk0b\"><span class=\"VIiyi\" lang=\"sl\" xml:lang=\"sl\"><span class=\"JLqJ4b ChMk0b\"><span class=\"VIiyi\" lang=\"sl\" xml:lang=\"sl\"><span class=\"JLqJ4b ChMk0b\"><span class=\"VIiyi\" lang=\"sl\" xml:lang=\"sl\"><span class=\"JLqJ4b ChMk0b\">Zaobljeni vrh aplikatora lako klizi preko lanca i omogu\u0107uje vrlo <\/span>jednostavna i precizna upotreba<br \/>\n<\/span><\/span><\/span><\/span><\/span><\/span><\/span><\/li>\n<li><span class=\"VIiyi\" lang=\"sl\" xml:lang=\"sl\"><span class=\"JLqJ4b ChMk0b\"><span class=\"VIiyi\" lang=\"sl\" xml:lang=\"sl\"><span class=\"JLqJ4b ChMk0b\"><span class=\"VIiyi\" lang=\"sl\" xml:lang=\"sl\"><span class=\"JLqJ4b ChMk0b\"><span class=\"VIiyi\" lang=\"sl\" xml:lang=\"sl\"><span class=\"VIiyi\" lang=\"sl\" xml:lang=\"sl\"><span class=\"JLqJ4b ChMk0b\">Jedinstveno visoko i tanko pakiranje dizajnirano je za dr\u017eanje u ruci poput olovke za jednostavno nano\u0161enje.<\/span><\/span> <\/span><\/span><\/span><\/span><\/span><\/span><\/span><\/li>\n<\/ul>\n<p><span class=\"VIiyi\" lang=\"sl\" xml:lang=\"sl\"><span class=\"JLqJ4b ChMk0b\"><span class=\"VIiyi\" lang=\"sl\" xml:lang=\"sl\"><span class=\"JLqJ4b ChMk0b\"><span class=\"VIiyi\" lang=\"sl\" xml:lang=\"sl\"><span class=\"JLqJ4b ChMk0b\"><span class=\"VIiyi\" lang=\"sl\" xml:lang=\"sl\"><span class=\"VIiyi\" lang=\"sl\" xml:lang=\"sl\"><span class=\"JLqJ4b ChMk0b\">Vosak je najbolje mazivo za suhe uvjete jer, kada se pravilno koristi, prodire duboko u lanac, prekrivaju\u0107i sve karike i valjke skliskim premazom koji je suh na dodir. Toliko suh da ne privla\u010di pra\u0161inu i prljav\u0161tinu.<\/span><\/span><\/span><\/span><\/span><\/span><\/span><\/span><\/span><\/p>\n<p>Preporu\u010dujemo \u010di\u0161\u0107enje odma\u0161\u0107iva\u010dem pogonskog sklopa prije upotrebe maziva za lanac. <a href=\"https:\/\/ritosa.si\/hr\/si\/ciscenje-in-mazanje\/4757-peaty-s-cistilo-foaming-drivetrain-degreaser-500ml.html\/\">Peatyjevo pjenasto sredstvo za odma\u0161\u0107ivanje pogonskog sklopa<\/a>r<\/p>","protected":false},"excerpt":{"rendered":"<p>Peaty&#039;s Link Lube suho ulje za lanac 60 ml<\/p>","protected":false},"featured_media":10563,"template":"","meta":{"_acf_changed":false,"inline_featured_image":false,"_monsterinsights_skip_tracking":false,"_monsterinsights_sitenote_active":false,"_monsterinsights_sitenote_note":"","_monsterinsights_sitenote_category":0},"product_brand":[1438],"product_cat":[657],"product_tag":[1367,1368,1364,1358,1366,1365],"class_list":{"0":"post-10562","1":"product","2":"type-product","3":"status-publish","4":"has-post-thumbnail","6":"product_brand-peatys","7":"product_cat-cistila-in-maziva","8":"product_tag-olje-za-verigo-link-lube-dry","9":"product_tag-olje-za-verigo-za-suhe-vremenske-razmere","10":"product_tag-peatys","11":"product_tag-peatys-olje-za-verigo","12":"product_tag-peatys-olje-za-verigo-link-lube-dry","13":"product_tag-peatys-olje-za-verigo-link-lube-dry-60ml","15":"first","16":"instock","17":"sale","18":"taxable","19":"shipping-taxable","20":"purchasable","21":"product-type-simple"},"acf":[],"aioseo_notices":[],"_links":{"self":[{"href":"https:\/\/ritosa.si\/hr\/wp-json\/wp\/v2\/product\/10562","targetHints":{"allow":["GET"]}}],"collection":[{"href":"https:\/\/ritosa.si\/hr\/wp-json\/wp\/v2\/product"}],"about":[{"href":"https:\/\/ritosa.si\/hr\/wp-json\/wp\/v2\/types\/product"}],"wp:featuredmedia":[{"embeddable":true,"href":"https:\/\/ritosa.si\/hr\/wp-json\/wp\/v2\/media\/10563"}],"wp:attachment":[{"href":"https:\/\/ritosa.si\/hr\/wp-json\/wp\/v2\/media?parent=10562"}],"wp:term":[{"taxonomy":"product_brand","embeddable":true,"href":"https:\/\/ritosa.si\/hr\/wp-json\/wp\/v2\/product_brand?post=10562"},{"taxonomy":"product_cat","embeddable":true,"href":"https:\/\/ritosa.si\/hr\/wp-json\/wp\/v2\/product_cat?post=10562"},{"taxonomy":"product_tag","embeddable":true,"href":"https:\/\/ritosa.si\/hr\/wp-json\/wp\/v2\/product_tag?post=10562"}],"curies":[{"name":"radni list","href":"https:\/\/api.w.org\/{rel}","templated":true}]}}