{"id":10634,"date":"2021-11-02T09:41:55","date_gmt":"2021-11-02T09:41:55","guid":{"rendered":"https:\/\/ritosa.click.si\/?post_type=product&#038;p=10634"},"modified":"2026-03-13T19:19:55","modified_gmt":"2026-03-13T18:19:55","slug":"cube-acid-160","status":"publish","type":"product","link":"https:\/\/ritosa.si\/hr\/ducan\/biciklizam\/kotaci\/djecji-bicikli-2\/16\/cube-acid-160\/","title":{"rendered":"CUBE ACID 160 \u2013 zelena"},"content":{"rendered":"<p><strong>CUBE ACID 160<\/strong><\/p>\n<p>Poput na\u0161ih bicikala za odrasle, Acid 160 kombinira zabavno, responzivno upravljanje sa stabilnim i predvidljivim upravljanjem \u2013 uz dodatnu sigurnost koju pru\u017ea prolazak na\u0161ih strogih sigurnosnih testova. Lagani okvir od aluminija 6061 ima zaobljene rubove i kutove kako bi se smanjio rizik od ozljeda, a istovremeno je dovoljno \u010dvrst da izdr\u017ei entuzijasti\u010dnu upotrebu.<\/p>\n<p><em>Preporu\u010dena visina: 96 \u2013 111 cm<\/em><\/p>\n<p><em>Maksimalno optere\u0107enje: 30 kg<\/em><\/p>\n<p><strong>Specifikacije<\/strong><\/p>\n<ul>\n<li><strong>Okvir<\/strong>Aluminij Lite 6061<\/li>\n<li><strong>Vilica<\/strong>Kruta aluminijska vilica<\/li>\n<li><strong>Le\u017eaj vilice<\/strong>CUBE A-slu\u0161alice<\/li>\n<li><strong>Nosa\u010d upravlja\u010da<\/strong>CUBE Aluminum Lite<\/li>\n<li><strong>Volan<\/strong>CUBE Aluminum Lite, 450 mm<\/li>\n<li><strong>Volan \/ Traka za volan<\/strong>ACID Kids<\/li>\n<li><strong>Ko\u010dnice<\/strong>Aluminijske V-ko\u010dnice<\/li>\n<li><strong>Pogonska osovina<\/strong>Thun PASO-ML BSA<\/li>\n<li><strong>Voza\u010d<\/strong>Prowheel A105, 32T, 114 mm sa \u0161titnikom lanca<\/li>\n<li><strong>Pedale<\/strong>: CUBE Kid<\/li>\n<li><strong>Lanac<\/strong>KMC S1<\/li>\n<li><strong>Prednja glav\u010dina<\/strong>CUBE aluminij, QR<\/li>\n<li><strong>Stra\u017enja glav\u010dina<\/strong>CUBE Aluminij<\/li>\n<li><strong>Naplatci \/ Kota\u010di<\/strong>Aluminij<\/li>\n<li><strong>Vanjske gume<\/strong>Meghna, 1.6<\/li>\n<li><strong>Sjedalo<\/strong>: CUBE Kid<\/li>\n<li><strong>Potpora sjedala<\/strong>CUBE Aluminum Lite<\/li>\n<li><strong>Zvono<\/strong>: KISELINA<\/li>\n<li><strong>Te\u017eina<\/strong>: <strong>7,1 kg<\/strong><\/li>\n<\/ul>","protected":false},"excerpt":{"rendered":"<p>Dje\u010dji bicikl 16\u201d Cube Acid 160<\/p>\n<h3><\/h3>","protected":false},"featured_media":10635,"template":"","meta":{"_acf_changed":false,"inline_featured_image":false,"_monsterinsights_skip_tracking":false,"_monsterinsights_sitenote_active":false,"_monsterinsights_sitenote_note":"","_monsterinsights_sitenote_category":0},"product_brand":[1192],"product_cat":[645],"product_tag":[991,993,1029,998,1030,1198,1202,1007,1008],"class_list":{"0":"post-10634","1":"product","2":"type-product","3":"status-publish","4":"has-post-thumbnail","6":"product_brand-cube","7":"product_cat-645","8":"product_tag-16-3","9":"product_tag-cube","10":"product_tag-cube-acid-160","11":"product_tag-kolo-cube","12":"product_tag-kolo-cube-acid-160","13":"product_tag-otroci","14":"product_tag-otroska-kolesa","15":"product_tag-otrosko-kolo","16":"product_tag-otrosko-kolo-cube","18":"first","19":"instock","20":"taxable","21":"shipping-taxable","22":"purchasable","23":"product-type-simple"},"acf":[],"aioseo_notices":[],"_links":{"self":[{"href":"https:\/\/ritosa.si\/hr\/wp-json\/wp\/v2\/product\/10634","targetHints":{"allow":["GET"]}}],"collection":[{"href":"https:\/\/ritosa.si\/hr\/wp-json\/wp\/v2\/product"}],"about":[{"href":"https:\/\/ritosa.si\/hr\/wp-json\/wp\/v2\/types\/product"}],"wp:featuredmedia":[{"embeddable":true,"href":"https:\/\/ritosa.si\/hr\/wp-json\/wp\/v2\/media\/10635"}],"wp:attachment":[{"href":"https:\/\/ritosa.si\/hr\/wp-json\/wp\/v2\/media?parent=10634"}],"wp:term":[{"taxonomy":"product_brand","embeddable":true,"href":"https:\/\/ritosa.si\/hr\/wp-json\/wp\/v2\/product_brand?post=10634"},{"taxonomy":"product_cat","embeddable":true,"href":"https:\/\/ritosa.si\/hr\/wp-json\/wp\/v2\/product_cat?post=10634"},{"taxonomy":"product_tag","embeddable":true,"href":"https:\/\/ritosa.si\/hr\/wp-json\/wp\/v2\/product_tag?post=10634"}],"curies":[{"name":"radni list","href":"https:\/\/api.w.org\/{rel}","templated":true}]}}