{"id":10656,"date":"2021-11-19T12:35:47","date_gmt":"2021-11-19T12:35:47","guid":{"rendered":"https:\/\/ritosa.click.si\/?post_type=product&#038;p=10656"},"modified":"2025-06-23T15:21:03","modified_gmt":"2025-06-23T13:21:03","slug":"powunity-biketrax-gps-sledilnik-brose-specialized","status":"publish","type":"product","link":"https:\/\/ritosa.si\/hr\/ducan\/biciklizam\/powunity-biketrax-gps-sledilnik-brose-specialized\/","title":{"rendered":"GPS tracker Powunity BikeTrax Brose\/Specialized"},"content":{"rendered":"<p>Powunity BikeTrax GPS tracker za bicikle s Brose motorom pru\u017ea vam malo vi\u0161e mira i samopouzdanja kada posjedujete elektri\u010dni bicikl. Powunity je razvio izuzetno u\u010dinkovit na\u010din za\u0161tite va\u0161eg bicikla od kra\u0111e, jer se BikeTrax proizvod temelji na GPS pra\u0107enju pomo\u0107u najstabilnije mobilne mre\u017ee u Europi!<\/p>\n<p>Instalacija trackera je izuzetno jednostavna i sigurna, a sam modul je skriven u ku\u0107i\u0161tu motora, \u0161to ga \u010dini nevidljivim za potencijalnog lopova. Tracker povezujete s besplatnom aplikacijom na svom pametnom telefonu (radi s iOS i Android ure\u0111ajima), gdje mo\u017eete precizno pratiti svaki pokret bicikla u stvarnom vremenu (radi i u zatvorenom prostoru!). Tracker tako\u0111er ima opciju alarma koja vas upozorava na bilo kakvo kretanje bicikla bez va\u0161eg dopu\u0161tenja.<\/p>\n<p>Tracker se napaja baterijom bicikla, a u slu\u010daju da je prazna ili uklonjena, tracker ima dodatnu bateriju kapaciteta 1000mAh.<\/p>\n<p>U paketu \u0107ete dobiti 1x BikeTrax Brose GPS tracker s ugra\u0111enom SIM karticom, 1x priklju\u010dni kabel za Specialized bicikle s Brose motorima, 1x dodatnu bateriju kapaciteta 1.000 mAh, 1x dvostrano ljepljivu traku za sigurnu monta\u017eu GPS trackera, 1x vezicu za pri\u010dvr\u0161\u0107ivanje priklju\u010dnog kabela, 1x besplatnu aplikaciju za pametne telefone za iOS i Android, godinu dana besplatnog kori\u0161tenja sustava.<\/p>\n<p>Ako ne \u017eelite sami montirati bicikl, to mo\u017eemo u\u010diniti za vas u na\u0161em biciklisti\u010dkom centru u Izoli!<\/p><\/p>","protected":false},"excerpt":{"rendered":"<p>GPS tracker za va\u0161 Specialized elektri\u010dni bicikl s Brose motorom.<\/p>","protected":false},"featured_media":10657,"template":"","meta":{"_acf_changed":false,"inline_featured_image":false,"_monsterinsights_skip_tracking":false,"_monsterinsights_sitenote_active":false,"_monsterinsights_sitenote_note":"","_monsterinsights_sitenote_category":0},"product_brand":[673],"product_cat":[1185],"product_tag":[],"class_list":{"0":"post-10656","1":"product","2":"type-product","3":"status-publish","4":"has-post-thumbnail","6":"product_brand-specialized","7":"product_cat-kolesarstvo","9":"first","10":"onbackorder","11":"sale","12":"taxable","13":"shipping-taxable","14":"purchasable","15":"product-type-simple"},"acf":[],"aioseo_notices":[],"_links":{"self":[{"href":"https:\/\/ritosa.si\/hr\/wp-json\/wp\/v2\/product\/10656","targetHints":{"allow":["GET"]}}],"collection":[{"href":"https:\/\/ritosa.si\/hr\/wp-json\/wp\/v2\/product"}],"about":[{"href":"https:\/\/ritosa.si\/hr\/wp-json\/wp\/v2\/types\/product"}],"wp:featuredmedia":[{"embeddable":true,"href":"https:\/\/ritosa.si\/hr\/wp-json\/wp\/v2\/media\/10657"}],"wp:attachment":[{"href":"https:\/\/ritosa.si\/hr\/wp-json\/wp\/v2\/media?parent=10656"}],"wp:term":[{"taxonomy":"product_brand","embeddable":true,"href":"https:\/\/ritosa.si\/hr\/wp-json\/wp\/v2\/product_brand?post=10656"},{"taxonomy":"product_cat","embeddable":true,"href":"https:\/\/ritosa.si\/hr\/wp-json\/wp\/v2\/product_cat?post=10656"},{"taxonomy":"product_tag","embeddable":true,"href":"https:\/\/ritosa.si\/hr\/wp-json\/wp\/v2\/product_tag?post=10656"}],"curies":[{"name":"radni list","href":"https:\/\/api.w.org\/{rel}","templated":true}]}}