{"id":10949,"date":"2022-03-16T16:56:18","date_gmt":"2022-03-16T16:56:18","guid":{"rendered":"https:\/\/ritosa.click.si\/?post_type=product&#038;p=10949"},"modified":"2026-03-24T16:49:40","modified_gmt":"2026-03-24T15:49:40","slug":"alpina-mythos-3-0-le-2","status":"publish","type":"product","link":"https:\/\/ritosa.si\/hr\/ducan\/biciklizam\/oprema-za-biciklizam\/kolesarske-celade\/odrasle-kolesarske-celade\/alpina-mythos-3-0-le-2\/","title":{"rendered":"Alpina Mythos 3.0 LE"},"content":{"rendered":"<div class=\"large-10 columns\">\n<div id=\"section-description\" class=\"entry-content\">Alpina MYTHOS 3.0 LE je Alpinina najprodavanija biciklisti\u010dka kaciga. Kaciga je izuzetno lagana zahvaljuju\u0107i Inmold konstrukciji, kod koje je gornja \u0161koljka kacige izravno povezana s Hi-EPS sustavom. Stra\u017enji dio glave i podru\u010dje u podru\u010dju sjene pro\u0161ireni su za optimalnu sigurnost na terenu. Rubovi kacige dodatno su za\u0161ti\u0107eni Edge Protect tehnologijom. Veliki otvori za ventilaciju osiguravaju idealnu ventilaciju. Osim toga, oprema uklju\u010duje visokokvalitetni Run System Ergo Pro, koji je kombiniran s Custom Fit sustavom s pode\u0161avanjem visine - jo\u0161 jedna prednost u pogledu udobnosti no\u0161enja i sigurnosti.<\/div>\n<div class=\"entry-content\"><\/div>\n<div class=\"entry-content\">\n<ul>\n<li>HI-EPS \u2013 optimalna apsorpcija udara zahvaljuju\u0107i Hi-EPS materijalu s mikroskopski malim zra\u010dnim komorama<\/li>\n<li>Inmold Tec \u2013 Mala te\u017eina je zahvaljuju\u0107i Inmold tehnologiji, gdje je gornja \u0161koljka termi\u010dki spojena s Hi-EPS-om. To rezultira \u010dvrstom povr\u0161inskom vezom, pru\u017eaju\u0107i vrlo \u010dvrst dizajn.<\/li>\n<li>Za\u0161tita rubova: za\u0161titni sloj koji kacigu \u010dini otpornijom na lomove i ogrebotine te nudi dodatnu za\u0161titu od vanjskih utjecaja tijekom \u010deste upotrebe<\/li>\n<li>Kerami\u010dka \u0161koljka: naziv za vanjsku \u0161koljku svih Alpina kaciga izra\u0111enih Inmold postupkom. To je tanak, lagan materijal koji je izuzetno otporan na udarce i ogrebotine, sadr\u017ei UV stabilizatore i antistati\u010dan je.<\/li>\n<li>Run System Ergo Flex Pro - sustav finog pode\u0161avanja je fluidan i mekan na dodir, osiguravaju\u0107i najvi\u0161u razinu udobnosti<\/li>\n<li>ERGOMATI\u010cNO: kop\u010da koja je bezbroj puta provjerena i testirana koristi se na svim Alpina kacigama. Vi\u0161estupanjsko pode\u0161avanje, kontrolirano samo jednom rukom. Kop\u010da se tako\u0111er ne mo\u017ee sama odkop\u010dati u slu\u010daju nezgode.<\/li>\n<li>Y-KOPNJA: Y-kop\u010da spaja prednje i stra\u017enje remene ispod u\u0161iju. Kada se kop\u010da otkop\u010da, remene se mogu lako premjestiti i fino podesiti. To omogu\u0107uje optimalno pristajanje kacige<\/li>\n<li>Te\u017eina kacige 250 g<\/li>\n<li>25 ventilacijskih otvora osigurava idealan protok zraka unutra<\/li>\n<li>Mre\u017ea za muhe \u2013 mre\u017ea za za\u0161titu od insekata<\/li>\n<li>Antibakterijska i periva podstava<\/li>\n<\/ul>\n<\/div>\n<\/div>","protected":false},"excerpt":{"rendered":"<p>Biciklisti\u010dka kaciga ALPINA MYTHOS 3.0 LE<\/p>","protected":false},"featured_media":22341,"template":"","meta":{"_acf_changed":false,"inline_featured_image":false,"_monsterinsights_skip_tracking":false,"_monsterinsights_sitenote_active":false,"_monsterinsights_sitenote_note":"","_monsterinsights_sitenote_category":0},"product_brand":[678],"product_cat":[662],"product_tag":[],"class_list":{"0":"post-10949","1":"product","2":"type-product","3":"status-publish","4":"has-post-thumbnail","6":"product_brand-alpina","7":"product_cat-odrasle-kolesarske-celade","8":"pa_velikost-59-64","10":"first","11":"instock","12":"sale","13":"taxable","14":"shipping-taxable","15":"purchasable","16":"product-type-variable"},"acf":[],"aioseo_notices":[],"_links":{"self":[{"href":"https:\/\/ritosa.si\/hr\/wp-json\/wp\/v2\/product\/10949","targetHints":{"allow":["GET"]}}],"collection":[{"href":"https:\/\/ritosa.si\/hr\/wp-json\/wp\/v2\/product"}],"about":[{"href":"https:\/\/ritosa.si\/hr\/wp-json\/wp\/v2\/types\/product"}],"wp:featuredmedia":[{"embeddable":true,"href":"https:\/\/ritosa.si\/hr\/wp-json\/wp\/v2\/media\/22341"}],"wp:attachment":[{"href":"https:\/\/ritosa.si\/hr\/wp-json\/wp\/v2\/media?parent=10949"}],"wp:term":[{"taxonomy":"product_brand","embeddable":true,"href":"https:\/\/ritosa.si\/hr\/wp-json\/wp\/v2\/product_brand?post=10949"},{"taxonomy":"product_cat","embeddable":true,"href":"https:\/\/ritosa.si\/hr\/wp-json\/wp\/v2\/product_cat?post=10949"},{"taxonomy":"product_tag","embeddable":true,"href":"https:\/\/ritosa.si\/hr\/wp-json\/wp\/v2\/product_tag?post=10949"}],"curies":[{"name":"radni list","href":"https:\/\/api.w.org\/{rel}","templated":true}]}}