{"id":11426,"date":"2022-08-29T10:50:59","date_gmt":"2022-08-29T10:50:59","guid":{"rendered":"https:\/\/ritosa.click.si\/?post_type=product&#038;p=11426"},"modified":"2026-03-23T12:40:42","modified_gmt":"2026-03-23T11:40:42","slug":"alpina-flexxy-junior","status":"publish","type":"product","link":"https:\/\/ritosa.si\/hr\/ducan\/biciklizam\/oprema-za-biciklizam\/kolesarska-ocala\/alpina-flexxy-junior\/","title":{"rendered":"Sun\u010dane nao\u010dale Alpina FLEXXY JUNIOR"},"content":{"rendered":"","protected":false},"excerpt":{"rendered":"<p>Nao\u010dale FLEXXY JUNIOR posebno su razvijene za djecu u dobi od 6 do 9 godina. Imaju fleksibilan okvir, \u0161to ih \u010dini jednostavnim za kori\u0161tenje u bilo kojoj aktivnosti. Djelomi\u010dno gumirani okvir \u010dini ih vrlo udobnima za no\u0161enje. Le\u0107e nao\u010dala FLEXXY JUNIOR imaju kerami\u010dki premaz koji je otporan na lomljenje i nudi 100% UV za\u0161titu.<\/p>","protected":false},"featured_media":11427,"template":"","meta":{"_acf_changed":false,"inline_featured_image":false,"_monsterinsights_skip_tracking":false,"_monsterinsights_sitenote_active":false,"_monsterinsights_sitenote_note":"","_monsterinsights_sitenote_category":0},"product_brand":[678],"product_cat":[526],"product_tag":[1126,2027,2025,2019,2016,2026],"class_list":{"0":"post-11426","1":"product","2":"type-product","3":"status-publish","4":"has-post-thumbnail","6":"product_brand-alpina","7":"product_cat-kolesarska-ocala","8":"product_tag-alpina-2","9":"product_tag-alpina-flexxy-junior","10":"product_tag-otroska-kolesarska-ocala","11":"product_tag-soncna-ocala","12":"product_tag-soncna-ocala-alpina","13":"product_tag-soncna-ocala-alpina-flexxy-junior","15":"first","16":"instock","17":"sale","18":"taxable","19":"shipping-taxable","20":"purchasable","21":"product-type-simple"},"acf":[],"aioseo_notices":[],"_links":{"self":[{"href":"https:\/\/ritosa.si\/hr\/wp-json\/wp\/v2\/product\/11426","targetHints":{"allow":["GET"]}}],"collection":[{"href":"https:\/\/ritosa.si\/hr\/wp-json\/wp\/v2\/product"}],"about":[{"href":"https:\/\/ritosa.si\/hr\/wp-json\/wp\/v2\/types\/product"}],"wp:featuredmedia":[{"embeddable":true,"href":"https:\/\/ritosa.si\/hr\/wp-json\/wp\/v2\/media\/11427"}],"wp:attachment":[{"href":"https:\/\/ritosa.si\/hr\/wp-json\/wp\/v2\/media?parent=11426"}],"wp:term":[{"taxonomy":"product_brand","embeddable":true,"href":"https:\/\/ritosa.si\/hr\/wp-json\/wp\/v2\/product_brand?post=11426"},{"taxonomy":"product_cat","embeddable":true,"href":"https:\/\/ritosa.si\/hr\/wp-json\/wp\/v2\/product_cat?post=11426"},{"taxonomy":"product_tag","embeddable":true,"href":"https:\/\/ritosa.si\/hr\/wp-json\/wp\/v2\/product_tag?post=11426"}],"curies":[{"name":"radni list","href":"https:\/\/api.w.org\/{rel}","templated":true}]}}