{"id":11652,"date":"2022-11-09T16:18:45","date_gmt":"2022-11-09T16:18:45","guid":{"rendered":"https:\/\/ritosa.click.si\/?post_type=product&#038;p=11652"},"modified":"2026-03-06T19:49:29","modified_gmt":"2026-03-06T18:49:29","slug":"marker-squad","status":"publish","type":"product","link":"https:\/\/ritosa.si\/hr\/ducan\/skijanje\/smucarska-oprema\/smucarske-celade\/odrasle-smucarske-celade\/marker-squad\/","title":{"rendered":"Marker Squad"},"content":{"rendered":"<p><span class=\"HwtZe\" lang=\"sl\" xml:lang=\"sl\"><span class=\"jCAhz ChMk0b\"><span class=\"ryNqvb\">SQUAD je posebno razvijen za freestyle skija\u0161e.<\/span><\/span> <span class=\"jCAhz ChMk0b\"><span class=\"ryNqvb\">O\u0161tre linije i laserski izrezan logo pru\u017eaju vrlo moderan izgled.<\/span><\/span> <span class=\"jCAhz ChMk0b\"><span class=\"ryNqvb\">ABS tehnologija tvrde ljuske s laganom EPS jezgrom definirana je za optimiziranu za\u0161titu izvan staze, pouzdanost i izdr\u017eljivost.<\/span><\/span> <span class=\"jCAhz ChMk0b\"><span class=\"ryNqvb\">FidLock kop\u010da za bradu i RTS pode\u0161avanje veli\u010dine osiguravaju udobno i precizno pristajanje.<\/span><\/span> <span class=\"jCAhz ChMk0b\"><span class=\"ryNqvb\">Naravno, SQUAD mo\u017eete nositi bez podloge ili jastu\u010di\u0107a za u\u0161i, ve\u0107 s kapicom.<\/span><\/span> <span class=\"jCAhz ChMk0b\"><span class=\"ryNqvb\">Za sve vas kojima nisu potrebni uklonjivi jastu\u010di\u0107i za u\u0161i za ugradnju zvu\u010dnih sustava, dostupna je verzija SQUAD FE (s fiksnim jastu\u010di\u0107ima za u\u0161i) za optimiziranu za\u0161titu u\u0161iju.<\/span><\/span><\/span><\/p>\n<table>\n<tbody>\n<tr>\n<td>Sigurnosni certifikat<\/td>\n<td>CE-EN-1077-2007-Klasa-B<\/td>\n<\/tr>\n<tr>\n<td>Za\u0161tita<\/td>\n<td><span class=\"array-item\">Za\u0161tita rubova od EPS-a<\/span><\/td>\n<\/tr>\n<tr>\n<td>Udobnost<\/td>\n<td><span class=\"array-item\"><span class=\"array-item\">SQUAD - Uklonjiv i spreman za audio <span class=\"comma\">,<\/span><\/span><span class=\"array-item\"> Xdry Liner <span class=\"comma\">,<\/span><\/span><span class=\"array-item\"> Xdry flis podstava <\/span><\/span><\/td>\n<\/tr>\n<tr>\n<td>Posebne zna\u010dajke<\/td>\n<td><span class=\"array-item\">Spremno za kapu<\/span><\/td>\n<\/tr>\n<tr>\n<td>Gra\u0111evinarstvo<\/td>\n<td>Tvrda ABS \u0161koljka<\/td>\n<\/tr>\n<\/tbody>\n<\/table>","protected":false},"excerpt":{"rendered":"<p>Skija\u0161ka kaciga za odrasle Marker Squad<\/p>","protected":false},"featured_media":11654,"template":"","meta":{"_acf_changed":false,"inline_featured_image":false,"_monsterinsights_skip_tracking":false,"_monsterinsights_sitenote_active":false,"_monsterinsights_sitenote_note":"","_monsterinsights_sitenote_category":0},"product_brand":[2242],"product_cat":[509],"product_tag":[],"class_list":{"0":"post-11652","1":"product","2":"type-product","3":"status-publish","4":"has-post-thumbnail","6":"product_brand-marker","7":"product_cat-odrasle-smucarske-celade","8":"pa_velikost-55-59","10":"first","11":"instock","12":"sale","13":"taxable","14":"shipping-taxable","15":"purchasable","16":"product-type-variable"},"acf":[],"aioseo_notices":[],"_links":{"self":[{"href":"https:\/\/ritosa.si\/hr\/wp-json\/wp\/v2\/product\/11652","targetHints":{"allow":["GET"]}}],"collection":[{"href":"https:\/\/ritosa.si\/hr\/wp-json\/wp\/v2\/product"}],"about":[{"href":"https:\/\/ritosa.si\/hr\/wp-json\/wp\/v2\/types\/product"}],"wp:featuredmedia":[{"embeddable":true,"href":"https:\/\/ritosa.si\/hr\/wp-json\/wp\/v2\/media\/11654"}],"wp:attachment":[{"href":"https:\/\/ritosa.si\/hr\/wp-json\/wp\/v2\/media?parent=11652"}],"wp:term":[{"taxonomy":"product_brand","embeddable":true,"href":"https:\/\/ritosa.si\/hr\/wp-json\/wp\/v2\/product_brand?post=11652"},{"taxonomy":"product_cat","embeddable":true,"href":"https:\/\/ritosa.si\/hr\/wp-json\/wp\/v2\/product_cat?post=11652"},{"taxonomy":"product_tag","embeddable":true,"href":"https:\/\/ritosa.si\/hr\/wp-json\/wp\/v2\/product_tag?post=11652"}],"curies":[{"name":"radni list","href":"https:\/\/api.w.org\/{rel}","templated":true}]}}