{"id":11908,"date":"2023-03-27T15:35:31","date_gmt":"2023-03-27T15:35:31","guid":{"rendered":"https:\/\/ritosa.click.si\/?post_type=product&#038;p=11908"},"modified":"2026-03-14T16:19:59","modified_gmt":"2026-03-14T15:19:59","slug":"bmx-haro-leucadia-dlx-2","status":"publish","type":"product","link":"https:\/\/ritosa.si\/hr\/ducan\/biciklizam\/kotaci\/bmx-kolesa\/bmx-haro-leucadia-dlx-2\/","title":{"rendered":"BMX HARO LEUCADIA DLX \u2013 siv"},"content":{"rendered":"<p>Model Leucadia DLX opremljen je prednjim i stra\u017enjim ko\u010dnicama, \u010detiri \u017ebice i Gyro sustavom ispod upravlja\u010da za beskrajne &quot;okrete&quot;. Izvrstan bicikl za lokalnu pump-track stazu ili park. Opremljen je Haroovim trodijelnim Cr-Mo pogonom i novim Haro LaMesa gumama od 2,4\u2033.<\/p>\n<p>Veli\u010dina: 20,5\u201d (za bicikliste visine 150 \u2013 180 cm)<\/p>\n<p>Zna\u010dajke:<br \/>\n\u2013 Okvir i vilica izra\u0111eni od visoko izdr\u017eljivog Hi-Ten \u010delika<br \/>\n\u2013 Radilica, 3-dijelna, Cr-Mo 25T<br \/>\n\u2013 Stra\u017enji lan\u010danik 9T<br \/>\n\u2013 Sjekira s gornjim punjenjem<br \/>\n\u2013 \u017diroskopski sustav<br \/>\n\u2013 Tektro 990 U-ko\u010dnice<br \/>\n\u2013 \u0160iroke gume 20 x 2.4<br \/>\n\u2013 Te\u017eina: 14 kg<\/p>\n<p>* Pedale (pegi) uklju\u010dene<\/p>","protected":false},"excerpt":{"rendered":"<p>Model Leucadia DLX opremljen je prednjim i stra\u017enjim ko\u010dnicama, \u010detiri \u017ebice i Gyro sustavom ispod upravlja\u010da za beskrajne &quot;okrete&quot;. Izvrstan bicikl za lokalnu pump-track stazu ili park. Opremljen je Haroovim trodijelnim Cr-Mo pogonom i novim Haro LaMesa gumama od 2,4\u2033.<\/p>\n<p>Veli\u010dina: 20,5\u201d (za bicikliste visine 150 \u2013 180 cm)<\/p>","protected":false},"featured_media":11909,"template":"","meta":{"_acf_changed":false,"inline_featured_image":false,"_monsterinsights_skip_tracking":false,"_monsterinsights_sitenote_active":false,"_monsterinsights_sitenote_note":"","_monsterinsights_sitenote_category":0},"product_brand":[690],"product_cat":[497],"product_tag":[],"class_list":{"0":"post-11908","1":"product","2":"type-product","3":"status-publish","4":"has-post-thumbnail","6":"product_brand-haro","7":"product_cat-bmx-kolesa","9":"first","10":"instock","11":"sale","12":"taxable","13":"shipping-taxable","14":"purchasable","15":"product-type-simple"},"acf":[],"aioseo_notices":[],"_links":{"self":[{"href":"https:\/\/ritosa.si\/hr\/wp-json\/wp\/v2\/product\/11908","targetHints":{"allow":["GET"]}}],"collection":[{"href":"https:\/\/ritosa.si\/hr\/wp-json\/wp\/v2\/product"}],"about":[{"href":"https:\/\/ritosa.si\/hr\/wp-json\/wp\/v2\/types\/product"}],"wp:featuredmedia":[{"embeddable":true,"href":"https:\/\/ritosa.si\/hr\/wp-json\/wp\/v2\/media\/11909"}],"wp:attachment":[{"href":"https:\/\/ritosa.si\/hr\/wp-json\/wp\/v2\/media?parent=11908"}],"wp:term":[{"taxonomy":"product_brand","embeddable":true,"href":"https:\/\/ritosa.si\/hr\/wp-json\/wp\/v2\/product_brand?post=11908"},{"taxonomy":"product_cat","embeddable":true,"href":"https:\/\/ritosa.si\/hr\/wp-json\/wp\/v2\/product_cat?post=11908"},{"taxonomy":"product_tag","embeddable":true,"href":"https:\/\/ritosa.si\/hr\/wp-json\/wp\/v2\/product_tag?post=11908"}],"curies":[{"name":"radni list","href":"https:\/\/api.w.org\/{rel}","templated":true}]}}