{"id":11966,"date":"2023-05-30T10:54:48","date_gmt":"2023-05-30T10:54:48","guid":{"rendered":"https:\/\/ritosa.click.si\/?post_type=product&#038;p=11966"},"modified":"2026-03-14T12:34:34","modified_gmt":"2026-03-14T11:34:34","slug":"head-ridott-3-6-24","status":"publish","type":"product","link":"https:\/\/ritosa.si\/hr\/ducan\/biciklizam\/kotaci\/djecji-bicikli-2\/24\/head-ridott-3-6-24\/","title":{"rendered":"HEAD Ridott 3.6 24&#8221;"},"content":{"rendered":"<h3><strong>TEHNI\u010cKI PODACI<\/strong><\/h3>\n<ul>\n<li><strong>Okvir:<\/strong> Aluminij 6061, veli\u010dina: 34 cm, unutarnje usmjeravanje, hidroformirane cijevi, toplinski obra\u0111ene<\/li>\n<li><strong>Vilice:<\/strong> Zoom HL CH-565 AMS, Hod: 50 mm<\/li>\n<li><strong>Le\u017eaj upravlja\u010da:<\/strong> Neco H142, poluintegrirani<\/li>\n<li><strong>Zadnji mjenja\u010d:<\/strong> Shimano RDTX800, 8 brzina<\/li>\n<li><strong>Ru\u010dica mjenja\u010da:<\/strong> Shimano SLR45, 1\u00d78<\/li>\n<li><strong>Pogonska osovina:<\/strong> Prowheel A10XPP, lan\u010danik: 32, duljina: 152 mm<\/li>\n<li><strong>Lanac:<\/strong> KMC Z8, 8 brzina<\/li>\n<\/ul>\n<p><strong>BICIKLI<\/strong><\/p>\n<ul>\n<li><strong>Kola:<\/strong> Remerx Dragon, 32 rupe<\/li>\n<li><strong>Prednji pesto:<\/strong> Formula DC20, QR, 100 mm<\/li>\n<li><strong>Zadnji pesto:<\/strong> Formula DC22, QR, 135 mm<\/li>\n<li><strong>Gume:<\/strong> CST C-1040N, 24 \u00d7 2,1\u201d<\/li>\n<\/ul>\n<p><strong>KOMPONENTE<\/strong><\/p>\n<ul>\n<li><strong>Ko\u010dnice:<\/strong> Clarks Clout<\/li>\n<li><strong>Disk ko\u010dnice:<\/strong> 160\/160 mm<\/li>\n<li><strong>Volan:<\/strong> HBC, \u0161irina: 560 mm, 31,8 mm<\/li>\n<li><strong>Nosa\u010d upravlja\u010da:<\/strong> HBC, duljina: 70 mm, 31,8 mm<\/li>\n<li><strong>Sjedalo:<\/strong> YBT-K176, nosa\u010di: Cr-Mo<\/li>\n<li><strong>Potpora sjedala:<\/strong> HBC, duljina: 300 mm, 27,2 mm<\/li>\n<li><strong>Pedale:<\/strong> Wellgo LU 895T DU<\/li>\n<\/ul>","protected":false},"excerpt":{"rendered":"<p>Otro\u0161ko kolo Head Ridott 3.6 24&#8221;<\/p>\n<p>Za djecu visine izme\u0111u 130 i 155 cm preporu\u010duje se bicikl od 24 in\u010da.<\/p>\n<ul>\n<li><strong>Okvir:<\/strong> Aluminij 6061, veli\u010dina: 34 cm<\/li>\n<li><strong>Vilice:<\/strong> Zoom HL CH-565 AMS<\/li>\n<li><strong>Zadnji mjenja\u010d:<\/strong> Shimano RDTX800<\/li>\n<li><strong>Disk ko\u010dnice:<\/strong> Clarks Clout, 160\/160 mm<\/li>\n<li><strong>Kota\u010di:<\/strong> 24\u2033<\/li>\n<li><strong>Te\u017eina:<\/strong> 12,5kg<\/li>\n<\/ul>","protected":false},"featured_media":11967,"template":"","meta":{"_acf_changed":false,"inline_featured_image":false,"_monsterinsights_skip_tracking":false,"_monsterinsights_sitenote_active":false,"_monsterinsights_sitenote_note":"","_monsterinsights_sitenote_category":0},"product_brand":[1193],"product_cat":[647],"product_tag":[1198,1202,1007],"class_list":{"0":"post-11966","1":"product","2":"type-product","3":"status-publish","4":"has-post-thumbnail","6":"product_brand-head","7":"product_cat-647","8":"product_tag-otroci","9":"product_tag-otroska-kolesa","10":"product_tag-otrosko-kolo","12":"first","13":"instock","14":"sale","15":"taxable","16":"shipping-taxable","17":"purchasable","18":"product-type-simple"},"acf":[],"aioseo_notices":[],"_links":{"self":[{"href":"https:\/\/ritosa.si\/hr\/wp-json\/wp\/v2\/product\/11966","targetHints":{"allow":["GET"]}}],"collection":[{"href":"https:\/\/ritosa.si\/hr\/wp-json\/wp\/v2\/product"}],"about":[{"href":"https:\/\/ritosa.si\/hr\/wp-json\/wp\/v2\/types\/product"}],"wp:featuredmedia":[{"embeddable":true,"href":"https:\/\/ritosa.si\/hr\/wp-json\/wp\/v2\/media\/11967"}],"wp:attachment":[{"href":"https:\/\/ritosa.si\/hr\/wp-json\/wp\/v2\/media?parent=11966"}],"wp:term":[{"taxonomy":"product_brand","embeddable":true,"href":"https:\/\/ritosa.si\/hr\/wp-json\/wp\/v2\/product_brand?post=11966"},{"taxonomy":"product_cat","embeddable":true,"href":"https:\/\/ritosa.si\/hr\/wp-json\/wp\/v2\/product_cat?post=11966"},{"taxonomy":"product_tag","embeddable":true,"href":"https:\/\/ritosa.si\/hr\/wp-json\/wp\/v2\/product_tag?post=11966"}],"curies":[{"name":"radni list","href":"https:\/\/api.w.org\/{rel}","templated":true}]}}