{"id":12122,"date":"2023-10-20T12:31:28","date_gmt":"2023-10-20T12:31:28","guid":{"rendered":"https:\/\/ritosa.click.si\/?post_type=product&#038;p=12122"},"modified":"2026-02-11T11:21:03","modified_gmt":"2026-02-11T10:21:03","slug":"rog-pony-sport-racer","status":"publish","type":"product","link":"https:\/\/ritosa.si\/hr\/ducan\/biciklizam\/kotaci\/rog-pony-kolesa\/rog-pony-sport-racer\/","title":{"rendered":"Rog PONY SPORT RACER"},"content":{"rendered":"<ul class=\"technical-specifications\">\n<li><strong>Okvir:<\/strong><i>Al6061, sklopivi okvir<\/i><\/li>\n<li><strong>Vilica:<\/strong><i>Al6061, profilirane s nastavcima za V ko\u010dnice, 1 1\/8<\/i><\/li>\n<li><strong>Le\u017eaj upravlja\u010da:<\/strong><i>Neco H112N, polintegriran le\u017eaj s navojem 1 1\/8<\/i><\/li>\n<li><strong>Le\u017eaj pogona:<\/strong><i>Thun, integrirani BSA le\u017eaj 68 mm, \u010detverostruka osovina<\/i><\/li>\n<li><strong>Pogonska osovina:<\/strong><i>Prowheel 170 mm<\/i><\/li>\n<li><strong>Glava upravlja\u010da:<\/strong><i>Al6061, \u00d825,4 mm x 300 mm<\/i><\/li>\n<li><strong>Volan:<\/strong><i>Al6061, \u0161irina 660mm, visina 200mm<\/i><\/li>\n<li><strong>Ru\u010dice ko\u010dnica:<\/strong><i>Promax<\/i><\/li>\n<li><strong>Ko\u010dnice:<\/strong><i>Promax TX-121<\/i><\/li>\n<li><strong>Sajle:<\/strong><i>Jagwire<\/i><\/li>\n<li><strong>Sjedalo:<\/strong><i>Selle San Remo Mosel<\/i><\/li>\n<li><strong>Potpora sjedala:<\/strong><i>Al6061, \u00d833,9 mm x 400 mm<\/i><\/li>\n<li><strong>Prednji pesto:<\/strong><i>Glav\u010dina od legure<\/i><\/li>\n<li><strong> Zadnji pesto: <\/strong><i>Shimano CB-110<\/i><\/li>\n<li><strong>Kola:<\/strong><i>Nepal<\/i><\/li>\n<li><strong>Gume:<\/strong><i>Continental<\/i><\/li>\n<li><strong>Lanac:<\/strong><i>KMC, 1\/2- 1\/8<\/i><\/li>\n<li><strong>Pedale:<\/strong><i>Aluminijsko tijelo, crno, neklizaju\u0107e, Marvi 9\/16\u2033<\/i><\/li>\n<li><strong>Svjetla:<\/strong><i>Baterijske LED lampe<\/i><\/li>\n<li><strong>Blatobrani:<\/strong><i>Eurofender DUO<\/i><\/li>\n<li><strong>Stojalo:<\/strong><i>Ursus 71<\/i><\/li>\n<li><strong>Te\u017eina:<\/strong><i>14 kg (prosje\u010dna te\u017eina sastavljenog bicikla)<\/i><\/li>\n<\/ul>\n<div class=\"container\">\n<div class=\"row\">\n<div class=\"col-md-6 col-md-offset-3 col-sm-8 col-sm-offset-2\"><\/div>\n<div class=\"col-md-6 col-md-offset-3 col-sm-8 col-sm-offset-2\"><\/div>\n<div class=\"col-md-6 col-md-offset-3 col-sm-8 col-sm-offset-2\"><\/div>\n<div class=\"col-md-6 col-md-offset-3 col-sm-8 col-sm-offset-2\"><\/div>\n<div class=\"col-md-6 col-md-offset-3 col-sm-8 col-sm-offset-2\"><\/div>\n<div class=\"col-md-6 col-md-offset-3 col-sm-8 col-sm-offset-2\"><\/div>\n<\/div>\n<\/div>","protected":false},"excerpt":{"rendered":"<p>Rog PONY SPORT RACER<\/p>\n<div>\n<p>Pony Sport racer je posebna serija Pony bicikala s jednom brzinom i dvije V-ko\u010dnice. Dizajniran i homologiran za neustra\u0161ive brdske brzinske utrke #gonipony, mo\u017ee se elegantno voziti i gradskim ulicama. Crno-bijeli dizajn daje Ponyju posebno zavodljiv dodir i savr\u0161en je pratitelj za sve ljubitelje retro stila.<\/p>\n<\/div>","protected":false},"featured_media":19121,"template":"","meta":{"_acf_changed":false,"inline_featured_image":false,"_monsterinsights_skip_tracking":false,"_monsterinsights_sitenote_active":false,"_monsterinsights_sitenote_note":"","_monsterinsights_sitenote_category":0},"product_brand":[1194],"product_cat":[490],"product_tag":[],"class_list":{"0":"post-12122","1":"product","2":"type-product","3":"status-publish","4":"has-post-thumbnail","6":"product_brand-rog","7":"product_cat-rog-pony-kolesa","9":"first","10":"instock","11":"sale","12":"taxable","13":"shipping-taxable","14":"purchasable","15":"product-type-simple"},"acf":[],"aioseo_notices":[],"_links":{"self":[{"href":"https:\/\/ritosa.si\/hr\/wp-json\/wp\/v2\/product\/12122","targetHints":{"allow":["GET"]}}],"collection":[{"href":"https:\/\/ritosa.si\/hr\/wp-json\/wp\/v2\/product"}],"about":[{"href":"https:\/\/ritosa.si\/hr\/wp-json\/wp\/v2\/types\/product"}],"wp:featuredmedia":[{"embeddable":true,"href":"https:\/\/ritosa.si\/hr\/wp-json\/wp\/v2\/media\/19121"}],"wp:attachment":[{"href":"https:\/\/ritosa.si\/hr\/wp-json\/wp\/v2\/media?parent=12122"}],"wp:term":[{"taxonomy":"product_brand","embeddable":true,"href":"https:\/\/ritosa.si\/hr\/wp-json\/wp\/v2\/product_brand?post=12122"},{"taxonomy":"product_cat","embeddable":true,"href":"https:\/\/ritosa.si\/hr\/wp-json\/wp\/v2\/product_cat?post=12122"},{"taxonomy":"product_tag","embeddable":true,"href":"https:\/\/ritosa.si\/hr\/wp-json\/wp\/v2\/product_tag?post=12122"}],"curies":[{"name":"radni list","href":"https:\/\/api.w.org\/{rel}","templated":true}]}}