{"id":12657,"date":"2023-12-13T19:32:12","date_gmt":"2023-12-13T19:32:12","guid":{"rendered":"https:\/\/ritosa.click.si\/?post_type=product&#038;p=12657"},"modified":"2026-03-07T15:35:52","modified_gmt":"2026-03-07T14:35:52","slug":"marker-4-3-jr-snowwhite","status":"publish","type":"product","link":"https:\/\/ritosa.si\/hr\/ducan\/skijanje\/smucarska-oprema\/smucarska-ocala\/otroska-smucarska-ocala\/marker-4-3-jr-snowwhite\/","title":{"rendered":"Marker 4:3 Jr SnowWhite"},"content":{"rendered":"<p><span class=\"array-item\"><span class=\"jCAhz ChMk0b\">Model 4:3 posebno je dizajniran za najmla\u0111e skija\u0161e.<\/span>\u00a0Kao i modeli za odrasle, imaju sferne DUAL BIONOMIC le\u0107e s efektom zrcala i visokokvalitetni HIDROFOBNI premaz koji odbija vodu. \u0160iroki remen za nao\u010dale s protukliznim silikonom dr\u017ei nao\u010dale na mjestu na kacigi.<\/span><\/p>\n<p><span class=\"array-item\">Objektiv:\u00a0<span class=\"array-item\">100 % UV A\/B\/C\u00a0<span class=\"comma\">,<\/span><\/span><span class=\"array-item\">\u00a0MarkAir kanalna ventilacija<\/span><\/span><br \/>\nZna\u010dajke:\u00a0<span class=\"array-item\">Xdry troslojna pjena za lice\u00a0<span class=\"comma\">,<\/span><\/span><span class=\"array-item\">\u00a0Torba za nao\u010dale od mikrovlakana<\/span><span class=\"array-item\"><br \/>\n<\/span>Prilago\u0111eno: Mladi<\/p>","protected":false},"excerpt":{"rendered":"<p>Dje\u010dje skija\u0161ke nao\u010dale Marker 4:3 Jr SnowWhite<\/p>","protected":false},"featured_media":12658,"template":"","meta":{"_acf_changed":false,"inline_featured_image":false,"_monsterinsights_skip_tracking":false,"_monsterinsights_sitenote_active":false,"_monsterinsights_sitenote_note":"","_monsterinsights_sitenote_category":0},"product_brand":[2242],"product_cat":[607],"product_tag":[1198],"class_list":{"0":"post-12657","1":"product","2":"type-product","3":"status-publish","4":"has-post-thumbnail","6":"product_brand-marker","7":"product_cat-otroska-smucarska-ocala","8":"product_tag-otroci","10":"first","11":"instock","12":"sale","13":"taxable","14":"shipping-taxable","15":"purchasable","16":"product-type-simple"},"acf":[],"aioseo_notices":[],"_links":{"self":[{"href":"https:\/\/ritosa.si\/hr\/wp-json\/wp\/v2\/product\/12657","targetHints":{"allow":["GET"]}}],"collection":[{"href":"https:\/\/ritosa.si\/hr\/wp-json\/wp\/v2\/product"}],"about":[{"href":"https:\/\/ritosa.si\/hr\/wp-json\/wp\/v2\/types\/product"}],"wp:featuredmedia":[{"embeddable":true,"href":"https:\/\/ritosa.si\/hr\/wp-json\/wp\/v2\/media\/12658"}],"wp:attachment":[{"href":"https:\/\/ritosa.si\/hr\/wp-json\/wp\/v2\/media?parent=12657"}],"wp:term":[{"taxonomy":"product_brand","embeddable":true,"href":"https:\/\/ritosa.si\/hr\/wp-json\/wp\/v2\/product_brand?post=12657"},{"taxonomy":"product_cat","embeddable":true,"href":"https:\/\/ritosa.si\/hr\/wp-json\/wp\/v2\/product_cat?post=12657"},{"taxonomy":"product_tag","embeddable":true,"href":"https:\/\/ritosa.si\/hr\/wp-json\/wp\/v2\/product_tag?post=12657"}],"curies":[{"name":"radni list","href":"https:\/\/api.w.org\/{rel}","templated":true}]}}