{"id":12969,"date":"2024-07-19T12:54:18","date_gmt":"2024-07-19T12:54:18","guid":{"rendered":"https:\/\/ritosa.click.si\/?post_type=product&#038;p=12969"},"modified":"2026-03-22T12:21:52","modified_gmt":"2026-03-22T11:21:52","slug":"cube-reaction-hybrid-pro-800-2025","status":"publish","type":"product","link":"https:\/\/ritosa.si\/hr\/ducan\/biciklizam\/kotaci\/elektricna-kolesa\/gorska-elektricna-kolesa\/cube-reaction-hybrid-pro-800-2025\/","title":{"rendered":"CUBE REACTION HYBRID PRO 600"},"content":{"rendered":"<p><strong>CUBE REACTION HYBRID PRO 600<\/strong><\/p>\n<p>Specializirani smo za vrhunsko oblikovanje okvirjev in Reaction Hybrid ni izjema. Z diskretno integrirano PowerTube baterijo z zmogljivostjo 600 Wh in \u010dvrsto vgrajenim Bosch CX motorjem njegove elegantne linije skrivajo \u0161tevilne pametne funkcije. Pripravljen je na sistem PowerMore, ki omogo\u010da enostavno raz\u0161iritev z do 250 Wh dodatne kapacitete.<\/p>\n<p>Integrirana stezaljka sjedala i unutarnje vo\u0111enje sajle pobolj\u0161avaju \u010dist, estetski izgled, dok UDH nosa\u010d mjenja\u010da priprema bicikl za budu\u0107e nadogradnje. Integrirani nosa\u010d vodilice lanca i kompatibilnost s ACID blatobranom \u010dine ga jo\u0161 prakti\u010dnijim. Zahvaljuju\u0107i Size Split sustavu, lako je prona\u0107i savr\u0161enu veli\u010dinu za svakog voza\u010da. Mislili smo na sve - tako da vi mo\u017eete jednostavno u\u017eivati u vo\u017enji.<\/p>\n<p><em>Najve\u0107a dopu\u0161tena ukupna te\u017eina (uklju\u010duju\u0107i bicikl): 140 kg<\/em><\/p>\n<p><em>Podjela veli\u010dine:<\/em><\/p>\n<ul>\n<li><em> S = 27,5\u201d<\/em><\/li>\n<li><em> M, L, XL, XXL = 29\u201d<\/em><\/li>\n<\/ul>\n<h3><strong>Specifikacije<\/strong><\/h3>\n<p><strong>Motor:<\/strong> Bosch Performance Line CX 85 Nm (BDU38), pametni sustav<br \/>\n<strong>Baterija:<\/strong> Bosch PowerTube 600<br \/>\n<strong>Punja\u010d:<\/strong> Bosch 2A<br \/>\n<strong>Zaslon:<\/strong> Bosch Purion 200 s integriranim zaslonom<br \/>\n<strong>Okvir:<\/strong> Aluminij Superlite, Gravity Casting, Agile Ride geometrija, Boost 148, UDH\u2122, potpuno integrirana baterija, unutarnje vo\u0111enje kabela, nosa\u010di za nogu\/blatnik\/prtlja\u017enik, integrirana obujmica sjedala<br \/>\n<strong>Vilica:<\/strong> SR Suntour X1-32 LO-R Air, su\u017eeni, 15x110 mm, 120 mm (27,5: 100 mm)<br \/>\n<strong>Le\u017eaj upravlja\u010da:<\/strong> ACROS AZF-1034, ICR, Zero-Stack 1 1\/2\u2033 (gore i dolje)<br \/>\n<strong>Nosa\u010d upravlja\u010da:<\/strong> CUBE Performance Stem E-MTB 35, FPI-Link<br \/>\n<strong>Volan:<\/strong> CUBE Rise Trail Bar 35<br \/>\n<strong>Ru\u010dke:<\/strong> ACID React Pro<br \/>\n<strong>Zadnji mjenja\u010d:<\/strong> Shimano XT RD-M8100-SGS, ShadowPlus, 12 brzina<br \/>\n<strong>Ru\u010dica mjenja\u010da:<\/strong> Shimano Deore SL-M6100-R, Rapidfire Plus<br \/>\n<strong>Ko\u010dnice:<\/strong> Shimano BR-MT200, hidrauli\u010dne disk ko\u010dnice (180 mm)<br \/>\n<strong>Pogon:<\/strong> ACID MTB hibridni Pro, 38T<br \/>\n<strong>Pedale:<\/strong> ACID PP MTB<br \/>\n<strong>Vodilica lanca:<\/strong> Vodilica elektri\u010dnog lanca s obrnutim okretanjem, izravna monta\u017ea, I-plo\u010da<br \/>\n<strong>Kaseta:<\/strong> Shimano Deore CS-M6100, 10-51T<br \/>\n<strong>Prednji pesto:<\/strong> CUBE by Newmen, 15 mm, Boost, Centerlock<br \/>\n<strong>Zadnji pesto:<\/strong> CUBE by Newmen, 12 mm, Boost, Centerlock<br \/>\n<strong>Kola:<\/strong> CUBE EX30, 32 rupe, disk, spremni za tubeless<br \/>\n<strong>Gume:<\/strong> Schwalbe Smart Sam, Active, 2.6<br \/>\n<strong>Sjedalo:<\/strong> ACID Sequence Pro 160<br \/>\n<strong>Potpora sjedala:<\/strong> CUBE Dropper cijevi, upravljanje upravlja\u010dem, unutarnje vo\u0111enje, 31,6 mm<br \/>\n<strong>Te\u017eina:<\/strong> 24,3 kg<\/p>","protected":false},"excerpt":{"rendered":"<p>Elektri\u010dno gorsko kolo Cube Reaction Hybrid Pro 600 Metallicgrey &#8216;n&#8217; Black<\/p>","protected":false},"featured_media":12974,"template":"","meta":{"_acf_changed":false,"inline_featured_image":false,"_monsterinsights_skip_tracking":false,"_monsterinsights_sitenote_active":false,"_monsterinsights_sitenote_note":"","_monsterinsights_sitenote_category":0},"product_brand":[1192],"product_cat":[629],"product_tag":[],"class_list":{"0":"post-12969","1":"product","2":"type-product","3":"status-publish","4":"has-post-thumbnail","6":"product_brand-cube","7":"product_cat-gorska-elektricna-kolesa","8":"pa_velikost-m","10":"first","11":"instock","12":"sale","13":"taxable","14":"shipping-taxable","15":"purchasable","16":"product-type-variable"},"acf":[],"aioseo_notices":[],"_links":{"self":[{"href":"https:\/\/ritosa.si\/hr\/wp-json\/wp\/v2\/product\/12969","targetHints":{"allow":["GET"]}}],"collection":[{"href":"https:\/\/ritosa.si\/hr\/wp-json\/wp\/v2\/product"}],"about":[{"href":"https:\/\/ritosa.si\/hr\/wp-json\/wp\/v2\/types\/product"}],"wp:featuredmedia":[{"embeddable":true,"href":"https:\/\/ritosa.si\/hr\/wp-json\/wp\/v2\/media\/12974"}],"wp:attachment":[{"href":"https:\/\/ritosa.si\/hr\/wp-json\/wp\/v2\/media?parent=12969"}],"wp:term":[{"taxonomy":"product_brand","embeddable":true,"href":"https:\/\/ritosa.si\/hr\/wp-json\/wp\/v2\/product_brand?post=12969"},{"taxonomy":"product_cat","embeddable":true,"href":"https:\/\/ritosa.si\/hr\/wp-json\/wp\/v2\/product_cat?post=12969"},{"taxonomy":"product_tag","embeddable":true,"href":"https:\/\/ritosa.si\/hr\/wp-json\/wp\/v2\/product_tag?post=12969"}],"curies":[{"name":"radni list","href":"https:\/\/api.w.org\/{rel}","templated":true}]}}