{"id":13007,"date":"2024-09-10T12:02:44","date_gmt":"2024-09-10T12:02:44","guid":{"rendered":"https:\/\/ritosa.click.si\/?post_type=product&#038;p=13007"},"modified":"2026-03-22T17:21:10","modified_gmt":"2026-03-22T16:21:10","slug":"cube-touring-hybrid-pro-625","status":"publish","type":"product","link":"https:\/\/ritosa.si\/hr\/ducan\/biciklizam\/kotaci\/elektricna-kolesa\/mestna-elektricna-kolesa\/cube-touring-hybrid-pro-625\/","title":{"rendered":"CUBE TOURING HYBRID PRO 625"},"content":{"rendered":"<p><strong>CUBE TOURING HYBRID PRO<\/strong><\/p>\n<p>Cube Touring Hybrid Pro 625 je svestran, jednostavan za kori\u0161tenje i vrlo udoban trekking e-bicikl. Sna\u017ean Bosch Performance motor s Bosch Smart sustavom i PowerTube baterijom od 625 Wh elegantno su integrirani u okvir - jedva \u0107ete ih primijetiti osim dodatne pomo\u0107i tijekom vo\u017enje.<\/p>\n<p>Revidirana geometrija Efficient Comfort uklju\u010duje vilicu s ovjesom od 63 mm za udobnost i kontrolu \u010dak i na neravnim cestama. Nosa\u010d je dizajniran za jednostavan prijevoz tereta, a obujmica cijevi sjedala uklju\u010duje prakti\u010dni imbus klju\u010d od 5 mm. Dodajte ACID \u0161titnik lanca, prihvat mjenja\u010da i blatobrane pune duljine i imat \u0107ete sve \u0161to vam je potrebno za udobnu gradsku vo\u017enju ili avanturu izvan grada.<\/p>\n<p><em>Najve\u0107a dopu\u0161tena ukupna te\u017eina (uklju\u010duju\u0107i te\u017einu bicikla): 135 kg<\/em><br \/>\n<em> Veli\u010dine trapeza: XS (46 cm), S (50 cm), M (54 cm)<\/em><\/p>\n<h3><strong>Specifikacije<\/strong><\/h3>\n<p><strong>Motor:<\/strong> Bosch pogonska jedinica Performance Gen 3 (75 Nm) Cruise (250 W), pametni sustav<br \/>\n<strong>Baterija:<\/strong> Bosch Powertube 625<br \/>\n<strong>Punja\u010d:<\/strong> Bosch 2A<br \/>\n<strong>Zaslon:<\/strong> Bosch Intuvia 100<br \/>\n<strong>Okvir:<\/strong> Aluminij Superlite, tehnologija gravitacijskog lijevanja, u\u010dinkovita udobna geometrija, potpuno integrirana baterija, cijev upravlja\u010da 1,5\u2033, integrirani nosa\u010d volana 3.0<br \/>\n<strong>Vilica:<\/strong> Opruga SR Suntour NVX30, 63 mm<br \/>\n<strong>Le\u017eaj upravlja\u010da:<\/strong> ACROS AZF-1031, gornji i donji Zero-Stack 1 1\/2\u2033 (ZS 56 mm)<br \/>\n<strong>Nosa\u010d upravlja\u010da:<\/strong> CUBE Comfort Stem Pro, 31,8 mm, podesiv<br \/>\n<strong>Volan:<\/strong> CUBE Comfort Trail volan, 700 mm<br \/>\n<strong>Ru\u010dke:<\/strong> ACID Travel Comfort<br \/>\n<strong>Zadnji mjenja\u010d:<\/strong> Shimano Deore RD-M5100-SGS, 11 brzina<br \/>\n<strong>Ru\u010dica mjenja\u010da:<\/strong> Shimano Deore SL-M5100, Rapidfire-Plus<br \/>\n<strong>Ko\u010dnice:<\/strong> Shimano BR-MT200, hidrauli\u010dne disk ko\u010dnice (180\/180 mm)<br \/>\n<strong>Pogon:<\/strong> ACID elektri\u010dna kurlica, 40 zuba, 170 mm<br \/>\n<strong>Pedale:<\/strong> ACID PP Trekking<br \/>\n<strong>Lanac:<\/strong> KMC X11<br \/>\n<strong>Kaseta:<\/strong> Sunrace CSM58, 11\u201351T<br \/>\n<strong>Prednji pesto:<\/strong> Shimano HB-TX505, QR, Centralna blokada<br \/>\n<strong>Zadnji pesto:<\/strong> Shimano FH-TX505, QR, Centralna blokada<br \/>\n<strong>Kola:<\/strong> CUBE EX23, 36 rupa, disk, spremni za tubeless<br \/>\n<strong>Gume:<\/strong> Schwalbe Big Ben, Performance, K-Guard, 55-622<br \/>\n<strong>Sjedalo:<\/strong> Udobnost sekvence prirodnog prilago\u0111avanja<br \/>\n<strong>Potpora sjedala:<\/strong> CUBE ovjesna cijevi sjedala HD, 30,9 mm<br \/>\n<strong>Prednje svjetlo:<\/strong> CUBE Shiny 50 Lux, 12V, DC<br \/>\n<strong>Zadnje svjetlo:<\/strong> ACID Stra\u017enje svjetlo za blatobran PRO-E, 12 V, DC<br \/>\n<strong>Zvon\u010di\u0107:<\/strong> Lako zvono<br \/>\n<strong>Blatobrani:<\/strong> ACID 65 integriran s nosa\u010dem za prtljagu 3.0<br \/>\n<strong>Prtlja\u017enik:<\/strong> ACID integrirani 3.0, kompatibilan s CUBE adapterom<br \/>\n<strong>\u0160apa:<\/strong> ACID FM Pure stalak<br \/>\n<strong>Te\u017eina:<\/strong> 27,1 kg<\/p>","protected":false},"excerpt":{"rendered":"<p>Elektri\u010dno kolo Cube Touring Hybrid Pro 625 Black &#8216;n&#8217; Metal &#8211; Trapeze okvir<\/p>","protected":false},"featured_media":13009,"template":"","meta":{"_acf_changed":false,"inline_featured_image":false,"_monsterinsights_skip_tracking":false,"_monsterinsights_sitenote_active":false,"_monsterinsights_sitenote_note":"","_monsterinsights_sitenote_category":0},"product_brand":[1192],"product_cat":[630,649],"product_tag":[],"class_list":{"0":"post-13007","1":"product","2":"type-product","3":"status-publish","4":"has-post-thumbnail","6":"product_brand-cube","7":"product_cat-mestna-elektricna-kolesa","8":"product_cat-treking-elektricna-kolesa","9":"pa_velikost-773","11":"first","12":"instock","13":"sale","14":"taxable","15":"shipping-taxable","16":"purchasable","17":"product-type-variable"},"acf":[],"aioseo_notices":[],"_links":{"self":[{"href":"https:\/\/ritosa.si\/hr\/wp-json\/wp\/v2\/product\/13007","targetHints":{"allow":["GET"]}}],"collection":[{"href":"https:\/\/ritosa.si\/hr\/wp-json\/wp\/v2\/product"}],"about":[{"href":"https:\/\/ritosa.si\/hr\/wp-json\/wp\/v2\/types\/product"}],"wp:featuredmedia":[{"embeddable":true,"href":"https:\/\/ritosa.si\/hr\/wp-json\/wp\/v2\/media\/13009"}],"wp:attachment":[{"href":"https:\/\/ritosa.si\/hr\/wp-json\/wp\/v2\/media?parent=13007"}],"wp:term":[{"taxonomy":"product_brand","embeddable":true,"href":"https:\/\/ritosa.si\/hr\/wp-json\/wp\/v2\/product_brand?post=13007"},{"taxonomy":"product_cat","embeddable":true,"href":"https:\/\/ritosa.si\/hr\/wp-json\/wp\/v2\/product_cat?post=13007"},{"taxonomy":"product_tag","embeddable":true,"href":"https:\/\/ritosa.si\/hr\/wp-json\/wp\/v2\/product_tag?post=13007"}],"curies":[{"name":"radni list","href":"https:\/\/api.w.org\/{rel}","templated":true}]}}