{"id":13084,"date":"2024-10-10T16:22:18","date_gmt":"2024-10-10T16:22:18","guid":{"rendered":"https:\/\/ritosa.click.si\/?post_type=product&#038;p=13084"},"modified":"2025-09-16T17:35:33","modified_gmt":"2025-09-16T15:35:33","slug":"kryptonite-alley-f-800","status":"publish","type":"product","link":"https:\/\/ritosa.si\/hr\/ducan\/biciklizam\/oprema-za-biciklizam\/dodatna-oprema-in-rezervni-deli\/luci-zarometi\/kryptonite-alley-f-800\/","title":{"rendered":"Svjetlo KRYPTONITE ALLEY F-800"},"content":{"rendered":"<ul>\n<li>USB PUNJENJE \u2014 Nema baterija za kupnju ili zamjenu<\/li>\n<li>Vrijeme rada do 24 SATA<\/li>\n<li>Bo\u010dna svjetla omogu\u0107uju biciklistu da bude uo\u010den dok vozi u prometnim trakama<\/li>\n<li>Lampica memorijske funkcije \u0107e svijetliti u zadnjem na\u010dinu rada u kojem je bila isklju\u010dena.<\/li>\n<li>Funkcija u\u0161tede energije \u2013 10 % snage ili manje, svjetla se automatski prebacuju na najni\u017ei broj lumena<\/li>\n<li>Ugra\u0111eni indikator baterije \u2013 crveno osvjetljenje = manje od 25%, \u017euto = 50% \u2013 25%, zeleno = potpuno napunjeno<\/li>\n<li>https:\/\/youtu.be\/YaQg4bGvL5o<\/li>\n<\/ul>","protected":false},"excerpt":{"rendered":"<p>Prednje svjetlo KRYPTONITE ALLEY F-800<\/p>","protected":false},"featured_media":13085,"template":"","meta":{"_acf_changed":false,"inline_featured_image":false,"_monsterinsights_skip_tracking":false,"_monsterinsights_sitenote_active":false,"_monsterinsights_sitenote_note":"","_monsterinsights_sitenote_category":0},"product_brand":[1519],"product_cat":[534],"product_tag":[1525,1536,1537,1516,1538],"class_list":{"0":"post-13084","1":"product","2":"type-product","3":"status-publish","4":"has-post-thumbnail","6":"product_brand-kryptonite","7":"product_cat-luci-zarometi","8":"product_tag-kryptonite","9":"product_tag-kryptonite-alley-f-800","10":"product_tag-luc-za-kolo","11":"product_tag-luci-kryptonite","12":"product_tag-zadnja-luc-za-na-kolo","14":"first","15":"instock","16":"sale","17":"taxable","18":"shipping-taxable","19":"purchasable","20":"product-type-simple"},"acf":[],"aioseo_notices":[],"_links":{"self":[{"href":"https:\/\/ritosa.si\/hr\/wp-json\/wp\/v2\/product\/13084","targetHints":{"allow":["GET"]}}],"collection":[{"href":"https:\/\/ritosa.si\/hr\/wp-json\/wp\/v2\/product"}],"about":[{"href":"https:\/\/ritosa.si\/hr\/wp-json\/wp\/v2\/types\/product"}],"wp:featuredmedia":[{"embeddable":true,"href":"https:\/\/ritosa.si\/hr\/wp-json\/wp\/v2\/media\/13085"}],"wp:attachment":[{"href":"https:\/\/ritosa.si\/hr\/wp-json\/wp\/v2\/media?parent=13084"}],"wp:term":[{"taxonomy":"product_brand","embeddable":true,"href":"https:\/\/ritosa.si\/hr\/wp-json\/wp\/v2\/product_brand?post=13084"},{"taxonomy":"product_cat","embeddable":true,"href":"https:\/\/ritosa.si\/hr\/wp-json\/wp\/v2\/product_cat?post=13084"},{"taxonomy":"product_tag","embeddable":true,"href":"https:\/\/ritosa.si\/hr\/wp-json\/wp\/v2\/product_tag?post=13084"}],"curies":[{"name":"radni list","href":"https:\/\/api.w.org\/{rel}","templated":true}]}}