{"id":13120,"date":"2024-10-24T10:43:52","date_gmt":"2024-10-24T10:43:52","guid":{"rendered":"https:\/\/ritosa.click.si\/?post_type=product&#038;p=13120"},"modified":"2026-03-06T08:13:29","modified_gmt":"2026-03-06T07:13:29","slug":"elan-ace-slx-fusion-x","status":"publish","type":"product","link":"https:\/\/ritosa.si\/hr\/ducan\/skijanje\/skije\/muske-skije\/elan-ace-slx-fusion-x\/","title":{"rendered":"Elan ACE SLX Fusion X 2026"},"content":{"rendered":"<div class=\"product-info-secondary__column\">\n<div class=\"product attribute overview\">\n<div class=\"value\">\n<p>S kombinacijom snage i energije, SLX Fusion izbacit \u0107e vas iz jednog slalomskog zavoja u drugi sa savr\u0161enom precizno\u0161\u0107u.<\/p>\n<\/div>\n<\/div>\n<div class=\"product attribute description\">\n<div class=\"value\">\n<p>Nizanje kratkih, dinami\u010dnih zavoja umjetnost je koja zahtijeva maksimalno povjerenje u va\u0161u opremu. Elan SLX Fusion X pru\u017ea pouzdanost s Ace Arrow tehnologijom. Tehnologija kombinira Power Rebound System u kombinaciji s podignutim integriranim Fusion X sustavom i pa\u017eljivo odabranom prednapregnutom kompozitnom plo\u010dom od karbona, koji zajedno pove\u0107avaju snagu i energiju odskoka na kraju zavoja s dva sloja titana. Gornji sloj u obliku strelice dodatno prenosi sile na rub skije, dok donji sloj u obliku obrnute strelice pru\u017ea najbr\u017ei i najresponzivniji ulazak u zavoj i stabilnost na kraju zavoja. Drvena jezgra R\u00b2 FRAME s dvostrukim slojem titanske konstrukcije omogu\u0107uje izravan prijenos snage, stabilnost i kontrolu ruba, dok RST konstrukcija osigurava iznimnu preciznost. Krajnji rezultat je okretna skija za kratke zavoje koja \u0107e vam pomo\u0107i da izrezbarite savr\u0161ene slalom zavoje bez nepotrebnog gubitka energije.<\/p>\n<\/div>\n<\/div>\n<\/div>\n<div class=\"pdp-attributes__collapsible allow active\">\n<div class=\"pdp-attributes__trigger\">\n<h3 class=\"pdp-attributes__title\">Klju\u010dne zna\u010dajke<\/h3>\n<\/div>\n<div class=\"pdp-attributes__content\">\n<div class=\"pdp-attributes__sustainability\">\n<ul class=\"checkmark\">\n<li>Najbolja kombinacija za nizanje kratkih i dinami\u010dnih zavoja<\/li>\n<li>Najbolja kontrola pri velikim brzinama<\/li>\n<li>Najbr\u017ei prijenos te\u017eine s rubnika na rubnik<\/li>\n<li>Vrhunsko prianjanje na rubniku<\/li>\n<li>Precizan ulazak i izlazak iz zavoja<\/li>\n<li>Najsna\u017enija reakcija<\/li>\n<\/ul>\n<\/div>\n<\/div>\n<\/div>\n<div class=\"pdp-attributes__collapsible allow active\">\n<div class=\"pdp-attributes__trigger\">\n<h3 class=\"pdp-attributes__title\">TABLICA VELI\u010cINA<\/h3>\n<\/div>\n<div class=\"pdp-attributes__content\">\n<table class=\"pdp-attributes__size-guide\">\n<thead>\n<tr>\n<th>Visina skija\u0161a<\/th>\n<th>Duljina skija<\/th>\n<\/tr>\n<\/thead>\n<tbody>\n<tr>\n<td>160 \u2013 170 cm<\/td>\n<td>155<\/td>\n<\/tr>\n<tr>\n<td>165 \u2013 175 cm<\/td>\n<td>160<\/td>\n<\/tr>\n<tr>\n<td>170 \u2013 180 cm<\/td>\n<td>165<\/td>\n<\/tr>\n<tr>\n<td>175 \u2013 185 cm<\/td>\n<td>170<\/td>\n<\/tr>\n<\/tbody>\n<\/table>\n<\/div>\n<\/div>\n<div class=\"pdp-attributes__trigger\">\n<h3>TEHNI\u010cKE INFORMACIJE<\/h3>\n<\/div>\n<div class=\"product attribute description\">\n<div class=\"value\">\n<div class=\"pdp-attributes__content\">\n<table style=\"height: 99px\" width=\"358\">\n<tbody>\n<tr>\n<td><\/td>\n<td>155 cm<\/td>\n<td>160 cm<\/td>\n<td>165 cm<\/td>\n<td>170 cm<\/td>\n<\/tr>\n<tr>\n<td>Radij<\/td>\n<td>11<\/td>\n<td>12<\/td>\n<td>12,8<\/td>\n<td>13,5<\/td>\n<\/tr>\n<tr>\n<td>\u0160irina vrha skije<\/td>\n<td>119<\/td>\n<td>120<\/td>\n<td>121<\/td>\n<td>122<\/td>\n<\/tr>\n<tr>\n<td>\u0160irina sredine skije<\/td>\n<td>68<\/td>\n<td>68<\/td>\n<td>68<\/td>\n<td>69<\/td>\n<\/tr>\n<tr>\n<td>\u0160irina repa skije<\/td>\n<td>102<\/td>\n<td>103<\/td>\n<td>104<\/td>\n<td>105<\/td>\n<\/tr>\n<\/tbody>\n<\/table>\n<h3>DETALJI<\/h3>\n<table>\n<tbody>\n<tr>\n<td>Kodirati<\/td>\n<td>AAKLBN24<\/td>\n<\/tr>\n<tr>\n<td>Geometrija<\/td>\n<td>121\/68\/104<\/td>\n<\/tr>\n<tr>\n<td>Veza<\/td>\n<td>EMX 12.0 GW Fusion X BLK\/GRN<\/td>\n<\/tr>\n<tr>\n<td>Duljina\/Radij<\/td>\n<td>165 (12.8)<\/td>\n<\/tr>\n<tr>\n<td>Sustav<\/td>\n<td>Fusion X<\/td>\n<\/tr>\n<tr>\n<td>Te\u017eina skija (g\/skija)<\/td>\n<td>2300 +\/- 50 g<\/td>\n<\/tr>\n<tr>\n<td>Profil<\/td>\n<td>Camber<\/td>\n<\/tr>\n<tr>\n<td>Tehnologija<\/td>\n<td>Race Structured High Speed Gliding Base, Dual Ti, R2 Frame Woodcore, Arrow Technology, RST Sidewall<\/td>\n<\/tr>\n<\/tbody>\n<\/table>\n<\/div>\n<\/div>\n<\/div>","protected":false},"excerpt":{"rendered":"<p>Elan ACE SLX FX EMX12.0<\/p>\n<p>S kombinacijom snage i energije, SLX Fusion izbacit \u0107e vas iz jednog slalomskog zavoja u drugi sa savr\u0161enom precizno\u0161\u0107u.<\/p>","protected":false},"featured_media":13125,"template":"","meta":{"_acf_changed":false,"inline_featured_image":false,"_monsterinsights_skip_tracking":false,"_monsterinsights_sitenote_active":false,"_monsterinsights_sitenote_note":"","_monsterinsights_sitenote_category":0},"product_brand":[677],"product_cat":[508],"product_tag":[],"class_list":{"0":"post-13120","1":"product","2":"type-product","3":"status-publish","4":"has-post-thumbnail","6":"product_brand-elan","7":"product_cat-moske-smuci","8":"pa_velikost-1064","10":"first","11":"instock","12":"sale","13":"taxable","14":"shipping-taxable","15":"purchasable","16":"product-type-variable"},"acf":[],"aioseo_notices":[],"_links":{"self":[{"href":"https:\/\/ritosa.si\/hr\/wp-json\/wp\/v2\/product\/13120","targetHints":{"allow":["GET"]}}],"collection":[{"href":"https:\/\/ritosa.si\/hr\/wp-json\/wp\/v2\/product"}],"about":[{"href":"https:\/\/ritosa.si\/hr\/wp-json\/wp\/v2\/types\/product"}],"wp:featuredmedia":[{"embeddable":true,"href":"https:\/\/ritosa.si\/hr\/wp-json\/wp\/v2\/media\/13125"}],"wp:attachment":[{"href":"https:\/\/ritosa.si\/hr\/wp-json\/wp\/v2\/media?parent=13120"}],"wp:term":[{"taxonomy":"product_brand","embeddable":true,"href":"https:\/\/ritosa.si\/hr\/wp-json\/wp\/v2\/product_brand?post=13120"},{"taxonomy":"product_cat","embeddable":true,"href":"https:\/\/ritosa.si\/hr\/wp-json\/wp\/v2\/product_cat?post=13120"},{"taxonomy":"product_tag","embeddable":true,"href":"https:\/\/ritosa.si\/hr\/wp-json\/wp\/v2\/product_tag?post=13120"}],"curies":[{"name":"radni list","href":"https:\/\/api.w.org\/{rel}","templated":true}]}}