{"id":13148,"date":"2024-11-14T13:08:46","date_gmt":"2024-11-14T13:08:46","guid":{"rendered":"https:\/\/ritosa.click.si\/?post_type=product&#038;p=13148"},"modified":"2026-03-06T09:06:04","modified_gmt":"2026-03-06T08:06:04","slug":"volkl-racetiger-rc-red-vmotion-10-gw-2025","status":"publish","type":"product","link":"https:\/\/ritosa.si\/hr\/ducan\/skijanje\/skije\/muske-skije\/volkl-racetiger-rc-red-vmotion-10-gw-2025\/","title":{"rendered":"V\u00f6lkl Racetiger RC Red - vMotion 10 GW"},"content":{"rendered":"<div class=\"group w-full text-token-text-primary border-b border-black\/10 gizmo:border-0 dark:border-gray-900\/50 gizmo:dark:border-0 bg-gray-50 gizmo:bg-transparent dark:bg-[#444654] gizmo:dark:bg-transparent\">\n<div class=\"p-4 gizmo:py-2 justify-center text-base md:gap-6 md:py-6 m-auto\">\n<div class=\"flex flex-1 gap-4 text-base mx-auto md:gap-6 gizmo:gap-3 gizmo:md:px-5 gizmo:lg:px-1 gizmo:xl:px-5 md:max-w-2xl lg:max-w-[38rem] gizmo:md:max-w-3xl gizmo:lg:max-w-[40rem] gizmo:xl:max-w-[48rem] xl:max-w-3xl }\">\n<div class=\"relative flex w-[calc(100%-50px)] flex-col gizmo:w-full lg:w-[calc(100%-115px)] agent-turn\">\n<div class=\"flex-col gap-1 md:gap-3\">\n<div class=\"flex flex-grow flex-col max-w-full gap-3 gizmo:gap-0\">\n<div class=\"min-h-[20px] text-message peer flex flex-col items-start gap-3 whitespace-pre-wrap break-words peer-[.text-message]:mt-5 overflow-x-auto\">\n<div class=\"markdown prose w-full break-words dark:prose-invert light\">\n<p>Se radi vozite hitro in preferirate \u0161ir\u0161i radiji na urejenem smu\u010di\u0161\u010du? Tekmovanje ni ravno va\u0161a stvar, vendar obo\u017eujete hitro vo\u017enjo. Srednje do res dolgi zavoji vam prina\u0161ajo solze veselja v o\u010deh? Potem je to smu\u010dka za vas!<\/p>\n<p>Racetiger RC s titanovim trakom in prilagojeno, nekoliko \u0161ir\u0161o karbonsko lopato navdu\u0161uje s svojo gladkostjo, ravnote\u017ejem in sposobnostjo obra\u010danja. RC, je presenetljivo enostavna za smu\u010danje za izku\u0161ene smu\u010darje in vsestranski smu\u010darski model med tekmovalnimi smu\u010dmi. V sekundi vas popelje do meje, vendar kadarkoli \u017eelite voziti malo ne\u017eneje, na primer ob koncu dneva, se ta smu\u010dka neverjetno enostavno obra\u010da tudi pri ni\u017ejih hitrostih. U\u017eitek v rezanju zavojev v najbolj\u0161i obliki!<\/p>\n<p>Opazne lastnosti pri vo\u017enji so prilagojene karbonske konice, ki opazno zmanj\u0161ajo potrebno silo, \u0161e posebej pri vstopu v zavoj. Vgrajeni ogljikovi trakovi usmerjajo mo\u010d natan\u010dno tja, kjer je potrebna. Titanov trak zagotavlja potrebno gladkost in zagotavlja gibljivost ter uravnote\u017eene lastnosti zdrsa. Skratka, novi Racetiger je postal \u0161e bolj \u0161porten. O\u017eja sredinska \u0161irina v primerjavi z modelom prej\u0161njega leta omogo\u010da hitrej\u0161e spreminjanje robov in na splo\u0161no bolj dinami\u010den pristop k smu\u010danju.<\/p>\n<\/div>\n<\/div>\n<\/div>\n<\/div>\n<\/div>\n<\/div>\n<\/div>\n<\/div>\n<table>\n<tbody>\n<tr>\n<td><strong>Rocker<\/strong><\/td>\n<td>Tip Rocker<\/td>\n<\/tr>\n<tr>\n<td><strong>Jedro<\/strong><\/td>\n<td>Multilayer Woodcore<\/td>\n<\/tr>\n<tr>\n<td><b>Drsna ploskev<\/b><\/td>\n<td>P-Tex 2100<\/td>\n<\/tr>\n<tr>\n<td><b>Vez<\/b><\/td>\n<td>vMotion 10 GW<\/td>\n<\/tr>\n<tr>\n<td><strong>Nivo smu\u010danja<\/strong><\/td>\n<td>Ambitious, Advanced<\/td>\n<\/tr>\n<\/tbody>\n<\/table>\n<p>&nbsp;<\/p>\n<table class=\"table table-condensed hidden-xs table-brand\">\n<thead>\n<tr>\n<td><strong>Dol\u017eina<\/strong><\/td>\n<td><strong>Radij<\/strong><\/td>\n<td><b>\u0160irina<\/b><\/td>\n<td><b>Te\u017ea<\/b><\/td>\n<\/tr>\n<\/thead>\n<tbody>\n<tr>\n<td>158<\/td>\n<td>11.8<\/td>\n<td>123.0-68.0-102.0<\/td>\n<td>2765g<\/td>\n<\/tr>\n<tr>\n<td>165<\/td>\n<td>13.9<\/td>\n<td>121.5-69.0-100.0<\/td>\n<td>2846g<\/td>\n<\/tr>\n<tr>\n<td>172<\/td>\n<td>15.3<\/td>\n<td>121.5-69.0-100.0<\/td>\n<td>2960g<\/td>\n<\/tr>\n<tr>\n<td>179<\/td>\n<td>16.8<\/td>\n<td>121.5-69.0-100.0<\/td>\n<td>3055g<\/td>\n<\/tr>\n<\/tbody>\n<\/table>\n","protected":false},"excerpt":{"rendered":"<p>Skije V\u00f6lkl Racetiger RC Red + vMotion 10 GW BLK<\/p>","protected":false},"featured_media":20719,"template":"","meta":{"_acf_changed":false,"inline_featured_image":false,"_monsterinsights_skip_tracking":false,"_monsterinsights_sitenote_active":false,"_monsterinsights_sitenote_note":"","_monsterinsights_sitenote_category":0},"product_brand":[1190],"product_cat":[508],"product_tag":[],"class_list":{"0":"post-13148","1":"product","2":"type-product","3":"status-publish","4":"has-post-thumbnail","6":"product_brand-volkl","7":"product_cat-moske-smuci","8":"pa_velikost-2221","10":"first","11":"instock","12":"sale","13":"taxable","14":"shipping-taxable","15":"purchasable","16":"product-type-variable"},"acf":[],"aioseo_notices":[],"_links":{"self":[{"href":"https:\/\/ritosa.si\/hr\/wp-json\/wp\/v2\/product\/13148","targetHints":{"allow":["GET"]}}],"collection":[{"href":"https:\/\/ritosa.si\/hr\/wp-json\/wp\/v2\/product"}],"about":[{"href":"https:\/\/ritosa.si\/hr\/wp-json\/wp\/v2\/types\/product"}],"wp:featuredmedia":[{"embeddable":true,"href":"https:\/\/ritosa.si\/hr\/wp-json\/wp\/v2\/media\/20719"}],"wp:attachment":[{"href":"https:\/\/ritosa.si\/hr\/wp-json\/wp\/v2\/media?parent=13148"}],"wp:term":[{"taxonomy":"product_brand","embeddable":true,"href":"https:\/\/ritosa.si\/hr\/wp-json\/wp\/v2\/product_brand?post=13148"},{"taxonomy":"product_cat","embeddable":true,"href":"https:\/\/ritosa.si\/hr\/wp-json\/wp\/v2\/product_cat?post=13148"},{"taxonomy":"product_tag","embeddable":true,"href":"https:\/\/ritosa.si\/hr\/wp-json\/wp\/v2\/product_tag?post=13148"}],"curies":[{"name":"radni list","href":"https:\/\/api.w.org\/{rel}","templated":true}]}}