{"id":13347,"date":"2024-11-18T16:37:29","date_gmt":"2024-11-18T16:37:29","guid":{"rendered":"https:\/\/ritosa.click.si\/?post_type=product&#038;p=13347"},"modified":"2026-03-06T08:46:35","modified_gmt":"2026-03-06T07:46:35","slug":"volkl-peregrine-7-2-ltd-fdt-tp10-gw-2025","status":"publish","type":"product","link":"https:\/\/ritosa.si\/hr\/ducan\/skijanje\/skije\/muske-skije\/volkl-peregrine-7-2-ltd-fdt-tp10-gw-2025\/","title":{"rendered":"V\u00f6lkl Peregrine 7.2 LTD + FDT TP10 GW 2025"},"content":{"rendered":"<p>Skije za ure\u0111ene staze <strong>V\u00f6lkl Peregrine 7.2 LTD<\/strong> odli\u010dan su izbor za po\u010detnike i rekreativne skija\u0161e s odre\u0111enim predznanjem. S Tip Rocker profilom omogu\u0107uju brz i jednostavan ulazak u zavoj, dobro upravljanje na mek\u0161em snijegu i u\u010dinkovito svladavanje malih neravnina. Ove skije idealne su za rekreativne skija\u0161e, jer pru\u017eaju stabilno, lako i zabavno skijanje, a istovremeno opra\u0161taju manje pogre\u0161ke.<\/p>\n<p>Preporu\u010duje se skija\u0161ima koji \u017eele odli\u010dne skije s uravnote\u017eenim omjerom cijene i kvalitete!<\/p>\n<p><strong>Tehni\u010dke specifikacije:<\/strong><\/p>\n<ul>\n<li><strong>Kravate<\/strong>FDT TP10 GripWalk marker<\/li>\n<li><strong>Bo\u010dni luk<\/strong>: 123 \u2013 72 \u2013 104<\/li>\n<li><strong>Radij<\/strong>: 12,7 m (158 cm), 14,0 m (165 cm), 15,5 m (172 cm)<\/li>\n<\/ul>\n<p><strong>Zna\u010dajke:<\/strong><\/p>\n<ul>\n<li>Razina vje\u0161tine: po\u010detnik, srednji skija\u0161<\/li>\n<li><strong>Vi\u0161eslojna drvena jezgra<\/strong> \u2013 vi\u0161eslojna drvena jezgra osigurava stabilnost pri ve\u0107im brzinama, pouzdan prijenos snage na rubnike i ne\u0161to mek\u0161i vrh i rep skije, \u0161to skija\u0161u opra\u0161ta mnoge pogre\u0161ke<\/li>\n<li><strong>Profil klackalice tipa<\/strong> s blago podignutim prednjim dijelom skije (5 mm), omogu\u0107uje br\u017ei ulazak u zavoje uz manje napora, dobro upravljanje u mek\u0161em snijegu i lak\u0161e svladavanje manjih neravnina na terenu<\/li>\n<li><strong>Progresivna tehnologija<\/strong>\u00a0Ima 3D oblik koji stabilizira nos, omogu\u0107uju\u0107i ve\u0107u ravnote\u017eu i lak\u0161u kontrolu skije. Mek\u0161i rep omogu\u0107uje lak\u0161i prijelaz iz zavoja u zavoj, tako da \u0107ete s ovim skijama lak\u0161e skijati i bolje prelaziti iz zavoja u zavoj.<\/li>\n<li><strong>Uklju\u010deni vezovi FDT TP10 GripWalk<\/strong>\u00a0 \u2013 omogu\u0107uju jednostavno pri\u010dvr\u0161\u0107ivanje i od\u010dvr\u0161\u0107ivanje te osiguravaju izvrstan prijenos sile na skije<\/li>\n<li><strong>P-Tex 2100<\/strong>\u00a0Klizna povr\u0161ina osigurava velike brzine uz iznimnu izdr\u017eljivost<\/li>\n<\/ul>\n<p><!--StartFragment--><!--EndFragment--><\/p>","protected":false},"excerpt":{"rendered":"<p>Skije V\u00f6lkl Peregrine 7.2 LTD + vezovi FDT TP10 GW 2025<\/p>","protected":false},"featured_media":13351,"template":"","meta":{"_acf_changed":false,"inline_featured_image":false,"_monsterinsights_skip_tracking":false,"_monsterinsights_sitenote_active":false,"_monsterinsights_sitenote_note":"","_monsterinsights_sitenote_category":0},"product_brand":[1190],"product_cat":[508],"product_tag":[],"class_list":{"0":"post-13347","1":"product","2":"type-product","3":"status-publish","4":"has-post-thumbnail","6":"product_brand-volkl","7":"product_cat-moske-smuci","8":"pa_velikost-2214","9":"pa_velikost-978","10":"pa_velikost-2221","12":"first","13":"instock","14":"sale","15":"taxable","16":"shipping-taxable","17":"purchasable","18":"product-type-variable"},"acf":[],"aioseo_notices":[],"_links":{"self":[{"href":"https:\/\/ritosa.si\/hr\/wp-json\/wp\/v2\/product\/13347","targetHints":{"allow":["GET"]}}],"collection":[{"href":"https:\/\/ritosa.si\/hr\/wp-json\/wp\/v2\/product"}],"about":[{"href":"https:\/\/ritosa.si\/hr\/wp-json\/wp\/v2\/types\/product"}],"wp:featuredmedia":[{"embeddable":true,"href":"https:\/\/ritosa.si\/hr\/wp-json\/wp\/v2\/media\/13351"}],"wp:attachment":[{"href":"https:\/\/ritosa.si\/hr\/wp-json\/wp\/v2\/media?parent=13347"}],"wp:term":[{"taxonomy":"product_brand","embeddable":true,"href":"https:\/\/ritosa.si\/hr\/wp-json\/wp\/v2\/product_brand?post=13347"},{"taxonomy":"product_cat","embeddable":true,"href":"https:\/\/ritosa.si\/hr\/wp-json\/wp\/v2\/product_cat?post=13347"},{"taxonomy":"product_tag","embeddable":true,"href":"https:\/\/ritosa.si\/hr\/wp-json\/wp\/v2\/product_tag?post=13347"}],"curies":[{"name":"radni list","href":"https:\/\/api.w.org\/{rel}","templated":true}]}}