{"id":13407,"date":"2024-11-19T13:22:31","date_gmt":"2024-11-19T13:22:31","guid":{"rendered":"https:\/\/ritosa.click.si\/?post_type=product&#038;p=13407"},"modified":"2026-03-07T18:57:39","modified_gmt":"2026-03-07T17:57:39","slug":"smucarske-rokavice-ziener-lettero-as-r-mitten-junior","status":"publish","type":"product","link":"https:\/\/ritosa.si\/hr\/ducan\/skijanje\/smucarska-oprema\/smucarske-rokavice\/odrasle-smucarske-rokavice\/smucarske-rokavice-ziener-lettero-as-r-mitten-junior\/","title":{"rendered":"Skija\u0161ke rukavice Ziener Lettero AS(R) Mitten Junior"},"content":{"rendered":"<p>Mekane dje\u010dje skija\u0161ke rukavice s jednim prstom <strong>ZIENER LETTERO AS\u00ae RUKAVICA JUNIOR<\/strong> S dugim man\u017eetama nose se preko jakne i mogu se zategnuti preko rukava jednom rukom zahvaljuju\u0107i sustavu vezica. Opremljene su vodootpornom i vjetrootpornom membranom <strong>ZIENER AQUASHIELD\u00ae,<\/strong> \u0161to osigurava toplu i suhu klimu unutar rukavica. Kompaktni dlanovi omogu\u0107uju optimalan prijenos snage i dobar osje\u0107aj za palice.<\/p>\n<p><strong>Materijali:<\/strong><\/p>\n<ul>\n<li>Vanjski materijal: Zimske skija\u0161ke rukavice za djecu<\/li>\n<li>Unutarnji materijal: Gornji materijal: 100 % poliester<\/li>\n<li>Materijal ulo\u0161ka: Man\u017eeta: 100 % poliester<\/li>\n<li>Man\u017eeta: Dlan: 100 % poliester<\/li>\n<\/ul>\n<p><!--StartFragment--><\/p>\n<p><!--StartFragment--><!--EndFragment--><!--StartFragment--><!--EndFragment--><!--StartFragment--><!--EndFragment--><\/p>\n<p><!--EndFragment--><\/p>\n<p><!--StartFragment--><!--EndFragment--><\/p>","protected":false},"excerpt":{"rendered":"<p>Dje\u010dje skija\u0161ke rukavice Ziener Lettero AS(R) Mitten Junior<\/p>","protected":false},"featured_media":13411,"template":"","meta":{"_acf_changed":false,"inline_featured_image":false,"_monsterinsights_skip_tracking":false,"_monsterinsights_sitenote_active":false,"_monsterinsights_sitenote_note":"","_monsterinsights_sitenote_category":0},"product_brand":[682],"product_cat":[604,605],"product_tag":[1198],"class_list":{"0":"post-13407","1":"product","2":"type-product","3":"status-publish","4":"has-post-thumbnail","6":"product_brand-ziener","7":"product_cat-odrasle-smucarske-rokavice","8":"product_cat-otroske-smucarske-rokavice","9":"product_tag-otroci","10":"pa_velikost-750","11":"pa_velikost-6-5","12":"pa_velikost-798","14":"first","15":"instock","16":"sale","17":"taxable","18":"shipping-taxable","19":"purchasable","20":"product-type-variable"},"acf":[],"aioseo_notices":[],"_links":{"self":[{"href":"https:\/\/ritosa.si\/hr\/wp-json\/wp\/v2\/product\/13407","targetHints":{"allow":["GET"]}}],"collection":[{"href":"https:\/\/ritosa.si\/hr\/wp-json\/wp\/v2\/product"}],"about":[{"href":"https:\/\/ritosa.si\/hr\/wp-json\/wp\/v2\/types\/product"}],"wp:featuredmedia":[{"embeddable":true,"href":"https:\/\/ritosa.si\/hr\/wp-json\/wp\/v2\/media\/13411"}],"wp:attachment":[{"href":"https:\/\/ritosa.si\/hr\/wp-json\/wp\/v2\/media?parent=13407"}],"wp:term":[{"taxonomy":"product_brand","embeddable":true,"href":"https:\/\/ritosa.si\/hr\/wp-json\/wp\/v2\/product_brand?post=13407"},{"taxonomy":"product_cat","embeddable":true,"href":"https:\/\/ritosa.si\/hr\/wp-json\/wp\/v2\/product_cat?post=13407"},{"taxonomy":"product_tag","embeddable":true,"href":"https:\/\/ritosa.si\/hr\/wp-json\/wp\/v2\/product_tag?post=13407"}],"curies":[{"name":"radni list","href":"https:\/\/api.w.org\/{rel}","templated":true}]}}