{"id":13498,"date":"2024-12-02T11:40:04","date_gmt":"2024-12-02T11:40:04","guid":{"rendered":"https:\/\/ritosa.click.si\/?post_type=product&#038;p=13498"},"modified":"2026-03-05T17:46:09","modified_gmt":"2026-03-05T16:46:09","slug":"elan-rc-magic-jrs-130-150-2","status":"publish","type":"product","link":"https:\/\/ritosa.si\/hr\/ducan\/skijanje\/skije\/djecje-skije\/elan-rc-magic-jrs-130-150-2\/","title":{"rendered":"Elan RC MAGIC JRS (130-150)"},"content":{"rendered":"<div class=\"product attribute overview\">\n<div class=\"value\">Dizajnirane za dobre mlade skija\u0161ice, RC Magic pru\u017eaju savr\u0161enu ravnote\u017eu fleksibilnosti, torzijske stabilnosti i prianjanja rubnika.<\/div>\n<\/div>\n<div class=\"product attribute description\">\n<div class=\"value\"><\/div>\n<div class=\"value\">Djeca su na\u0161a budu\u0107nost. Njihovi prvi koraci na skijama klju\u010dni su za budu\u0107i razvoj znanja i vje\u0161tina. Sljede\u0107i korak su robusnije skije koje \u0107e mladim skija\u0161ima omogu\u0107iti lako i samouvjereno jurenje kroz snijeg. Razvili smo RS Magic imaju\u0107i na umu napredne mlade skija\u0161e. Ovo su na\u0161e najbolje dje\u010dje skije s drvenom jezgrom i stranicama Channel tehnologije, koje pru\u017eaju optimalnu kombinaciju udobnosti, fleksibilnosti, torzijske stabilnosti i prianjanja rubnika. RS Race Red naslje\u0111uje grafi\u010dke elemente modela Speed Magic, tako da k\u0107eri mogu skijati ba\u0161 kao mama.<\/div>\n<\/div>\n<div class=\"product attribute description\">\n<div class=\"value\">\n<div class=\"pdp-attributes__trigger\">\n<h3 class=\"pdp-attributes__title\">TABLICA VELI\u010cINA<\/h3>\n<\/div>\n<div class=\"pdp-attributes__content\">\n<table class=\"pdp-attributes__size-guide\">\n<thead>\n<tr>\n<th>Visina skija\u0161a<\/th>\n<th>Duljina skija<\/th>\n<\/tr>\n<\/thead>\n<tbody>\n<tr>\n<td>130 \u2013 138 cm<\/td>\n<td>130<\/td>\n<\/tr>\n<tr>\n<td>140 \u2013 148 cm<\/td>\n<td>140<\/td>\n<\/tr>\n<tr>\n<td>150 \u2013 158 cm<\/td>\n<td>150<\/td>\n<\/tr>\n<\/tbody>\n<\/table>\n<h3>TEHNI\u010cKE INFORMACIJE<\/h3>\n<table style=\"height: 151px\" width=\"429\">\n<tbody>\n<tr>\n<td><\/td>\n<td>130 cm<\/td>\n<td>140 cm<\/td>\n<td>150 cm<\/td>\n<\/tr>\n<tr>\n<td>Radij<\/td>\n<td>9<\/td>\n<td>10.4<\/td>\n<td>11.9<\/td>\n<\/tr>\n<tr>\n<td>\u0160irina vrha skije<\/td>\n<td>115<\/td>\n<td>116<\/td>\n<td>118<\/td>\n<\/tr>\n<tr>\n<td>\u0160irina sredine skije<\/td>\n<td>71<\/td>\n<td>71<\/td>\n<td>72<\/td>\n<\/tr>\n<tr>\n<td>\u0160irina repa skije<\/td>\n<td>101<\/td>\n<td>102<\/td>\n<td>102<\/td>\n<\/tr>\n<\/tbody>\n<\/table>\n<h3>DETALJI<\/h3>\n<table>\n<tbody>\n<tr>\n<td>Kodirati<\/td>\n<td>AEMLJX24<\/td>\n<\/tr>\n<tr>\n<td>Veza<\/td>\n<td>EL 4,5 GW CA JRS BLK \/ EL 7,5 GW CA JRS BLK<\/td>\n<\/tr>\n<tr>\n<td>Duljina\/Radij<\/td>\n<td>140 (10.4)<\/td>\n<\/tr>\n<tr>\n<td>Sustav<\/td>\n<td>Junior Shift<\/td>\n<\/tr>\n<tr>\n<td>Profil<\/td>\n<td>Camber<\/td>\n<\/tr>\n<tr>\n<td>Din<\/td>\n<td>0,75 \u2013 4,5 \/ 2 \u2013 7,5<\/td>\n<\/tr>\n<tr>\n<td>Tehnologija<\/td>\n<td>brza klizna baza, stakloplastika, drvena jezgra Channel, EST bo\u010dna stijenka<\/td>\n<\/tr>\n<\/tbody>\n<\/table>\n<\/div>\n<\/div>\n<\/div>","protected":false},"excerpt":{"rendered":"<p>Elan RC MAGIC JRS (130-150)<\/p>\n<p>Dizajnirane za dobre mlade skija\u0161ice, RC Magic pru\u017eaju savr\u0161enu ravnote\u017eu fleksibilnosti, torzijske stabilnosti i prianjanja rubnika.<\/p>","protected":false},"featured_media":13500,"template":"","meta":{"_acf_changed":false,"inline_featured_image":false,"_monsterinsights_skip_tracking":false,"_monsterinsights_sitenote_active":false,"_monsterinsights_sitenote_note":"","_monsterinsights_sitenote_category":0},"product_brand":[677],"product_cat":[592],"product_tag":[1198],"class_list":{"0":"post-13498","1":"product","2":"type-product","3":"status-publish","4":"has-post-thumbnail","6":"product_brand-elan","7":"product_cat-otroske-smuci","8":"product_tag-otroci","9":"pa_velikost-130-3","10":"pa_velikost-719","12":"first","13":"instock","14":"sale","15":"taxable","16":"shipping-taxable","17":"purchasable","18":"product-type-variable"},"acf":[],"aioseo_notices":[],"_links":{"self":[{"href":"https:\/\/ritosa.si\/hr\/wp-json\/wp\/v2\/product\/13498","targetHints":{"allow":["GET"]}}],"collection":[{"href":"https:\/\/ritosa.si\/hr\/wp-json\/wp\/v2\/product"}],"about":[{"href":"https:\/\/ritosa.si\/hr\/wp-json\/wp\/v2\/types\/product"}],"wp:featuredmedia":[{"embeddable":true,"href":"https:\/\/ritosa.si\/hr\/wp-json\/wp\/v2\/media\/13500"}],"wp:attachment":[{"href":"https:\/\/ritosa.si\/hr\/wp-json\/wp\/v2\/media?parent=13498"}],"wp:term":[{"taxonomy":"product_brand","embeddable":true,"href":"https:\/\/ritosa.si\/hr\/wp-json\/wp\/v2\/product_brand?post=13498"},{"taxonomy":"product_cat","embeddable":true,"href":"https:\/\/ritosa.si\/hr\/wp-json\/wp\/v2\/product_cat?post=13498"},{"taxonomy":"product_tag","embeddable":true,"href":"https:\/\/ritosa.si\/hr\/wp-json\/wp\/v2\/product_tag?post=13498"}],"curies":[{"name":"radni list","href":"https:\/\/api.w.org\/{rel}","templated":true}]}}