{"id":13751,"date":"2025-02-28T12:47:28","date_gmt":"2025-02-28T12:47:28","guid":{"rendered":"https:\/\/ritosa.click.si\/?post_type=product&#038;p=13751"},"modified":"2026-03-23T22:39:46","modified_gmt":"2026-03-23T21:39:46","slug":"ensko-mestno-kolo-28-my-way-21p","status":"publish","type":"product","link":"https:\/\/ritosa.si\/hr\/ducan\/biciklizam\/kotaci\/mestna-kolesa\/ensko-mestno-kolo-28-my-way-21p\/","title":{"rendered":"\u017denski gradski bicikl 28\u2033 My Way \u2013 21p"},"content":{"rendered":"<p><strong>\u017denski gradski bicikl 28\u2033 My Way \u2013 21 brzina<\/strong><\/p>\n<ul>\n<li><strong>DIMENZIJE:<\/strong>\u00a043 \u2013 46 cm<\/li>\n<li><strong>OKVIR:<\/strong> Aluminij<\/li>\n<li><strong>VILICA:<\/strong> Hi-ten<\/li>\n<li><strong>KO\u010cNICE:<\/strong> Aluminijske V-ko\u010dnice<\/li>\n<li><strong>RU\u010cICE KO\u010cNICA:<\/strong> Aluminij<\/li>\n<li><strong>PRSTENI:<\/strong> Aluminij, dvostruka stijenka<\/li>\n<li><strong>PRIJENOS:<\/strong> Shimano TY300<\/li>\n<li><strong>PREDNJI MJENJA\u010c:<\/strong> Shimano TY300 (21 brzina)<\/li>\n<li><strong>RU\u010cICE MJENJA\u010cA:<\/strong> Shimano Revoshift (21 brzina)<\/li>\n<li><strong>UPRAVLJANJE:<\/strong> Hi-ten<\/li>\n<li><strong>NOSA\u010c UPRAVLJA\u010cA:<\/strong> Aluminij, podesiv<\/li>\n<li><strong>PODR\u0160KA SJEDALA:<\/strong> Aluminij<\/li>\n<li><strong>KASETA:<\/strong> Shimano, 7 brzina<\/li>\n<li><strong>VOZA\u010c:<\/strong> Aluminijski, trostruki (21 brzina)<\/li>\n<li><strong>PRIBOR:<\/strong> Svjetla, postolje, nosa\u010d za prtljagu, nosa\u010d ko\u0161are<\/li>\n<li><strong>GUME:<\/strong> 700x35c<\/li>\n<li><strong>TE\u017dINA:<\/strong> 15 kg<\/li>\n<\/ul>","protected":false},"excerpt":{"rendered":"<p>\u017denski gradski bicikl 28\u2033 My Way \u2013 21 brzina<\/p>","protected":false},"featured_media":22164,"template":"","meta":{"_acf_changed":false,"inline_featured_image":false,"_monsterinsights_skip_tracking":false,"_monsterinsights_sitenote_active":false,"_monsterinsights_sitenote_note":"","_monsterinsights_sitenote_category":0},"product_brand":[681],"product_cat":[500],"product_tag":[1199],"class_list":{"0":"post-13751","1":"product","2":"type-product","3":"status-publish","4":"has-post-thumbnail","6":"product_brand-speedcross","7":"product_cat-mestna-kolesa","8":"product_tag-zenske","10":"first","11":"instock","12":"sale","13":"taxable","14":"shipping-taxable","15":"purchasable","16":"product-type-simple"},"acf":[],"aioseo_notices":[],"_links":{"self":[{"href":"https:\/\/ritosa.si\/hr\/wp-json\/wp\/v2\/product\/13751","targetHints":{"allow":["GET"]}}],"collection":[{"href":"https:\/\/ritosa.si\/hr\/wp-json\/wp\/v2\/product"}],"about":[{"href":"https:\/\/ritosa.si\/hr\/wp-json\/wp\/v2\/types\/product"}],"wp:featuredmedia":[{"embeddable":true,"href":"https:\/\/ritosa.si\/hr\/wp-json\/wp\/v2\/media\/22164"}],"wp:attachment":[{"href":"https:\/\/ritosa.si\/hr\/wp-json\/wp\/v2\/media?parent=13751"}],"wp:term":[{"taxonomy":"product_brand","embeddable":true,"href":"https:\/\/ritosa.si\/hr\/wp-json\/wp\/v2\/product_brand?post=13751"},{"taxonomy":"product_cat","embeddable":true,"href":"https:\/\/ritosa.si\/hr\/wp-json\/wp\/v2\/product_cat?post=13751"},{"taxonomy":"product_tag","embeddable":true,"href":"https:\/\/ritosa.si\/hr\/wp-json\/wp\/v2\/product_tag?post=13751"}],"curies":[{"name":"radni list","href":"https:\/\/api.w.org\/{rel}","templated":true}]}}