{"id":13822,"date":"2025-03-03T12:23:53","date_gmt":"2025-03-03T12:23:53","guid":{"rendered":"https:\/\/ritosa.click.si\/?post_type=product&#038;p=13822"},"modified":"2026-03-14T09:29:38","modified_gmt":"2026-03-14T08:29:38","slug":"cube-numove-200","status":"publish","type":"product","link":"https:\/\/ritosa.si\/hr\/ducan\/biciklizam\/kotaci\/djecji-bicikli-2\/20\/cube-numove-200\/","title":{"rendered":"CUBE NUMOVE 200 \u2013 bel"},"content":{"rendered":"<p><strong>CUBE NUMOVE 200<\/strong><\/p>\n<p>Elegantan, <strong>lagani aluminijski okvir<\/strong> <strong>Broj 200<\/strong> pa\u017eljivo je osmi\u0161ljen kako bi ponudio <strong>savr\u0161ena ravnote\u017ea izme\u0111u male te\u017eine, \u010dvrsto\u0107e i izdr\u017eljivosti<\/strong>, prilago\u0111eno potrebama <strong>mladi, entuzijasti\u010dni biciklist<\/strong>. <strong>Lagani bicikl je lak\u0161i za vo\u017enju, lak\u0161i za manevriranje, zabavniji i, na kraju, ali ne i najmanje va\u017eno, sigurniji.<\/strong>. S odgovaraju\u0107im <strong>kruta vilica<\/strong> i <strong>geometrija<\/strong>, koji je dizajniran za <strong>\u017eivahno, ali sigurno rukovanje<\/strong>, je <strong>Numove 200 idealna po\u010detna to\u010dka<\/strong> za tvoje <strong>mali biciklist<\/strong>.<\/p>\n<p><em>Preporu\u010dena visina: 111 \u2013 124 cm<\/em><\/p>\n<p><em>Maksimalna nosivost (uklju\u010duju\u0107i te\u017einu bicikla): 50 kg<\/em><\/p>\n<p><strong>Specifikacije<\/strong><\/p>\n<ul>\n<li><strong>Okvir<\/strong>Aluminij Lite 6061<\/li>\n<li><strong>Vilica<\/strong>Aluminij Lite 6061<\/li>\n<li><strong>Le\u017eaj vilice<\/strong>KOCKA<\/li>\n<li><strong>Nosa\u010d upravlja\u010da<\/strong>CUBE Numove podesivi<\/li>\n<li><strong>Volan<\/strong>KOCKA ZA DJECU 540 mm, \u00d8 19 mm<\/li>\n<li><strong>Volan \/ Traka za volan<\/strong>Prirodna fit djeca 19.0<\/li>\n<li><strong>Stra\u017enji mjenja\u010d<\/strong>Shimano RD-M3020, 8 brzina<\/li>\n<li><strong>Ru\u010dice mjenja\u010da<\/strong>Shimano SL-M315, Rapidfire-Plus<\/li>\n<li><strong>Ko\u010dnice<\/strong>Aluminijske V-ko\u010dnice<\/li>\n<li><strong>Pogonska osovina<\/strong>Thun Shorty-ML Sl, kvadratna, \u0161irina BB kuglice 68 mm<\/li>\n<li><strong>Voza\u010d<\/strong>ACID Numove 30T, 115 mm, uski Q-faktor<\/li>\n<li><strong>Pedale<\/strong>CUBE PP MTB<\/li>\n<li><strong>Lanac<\/strong>KMC HV500<\/li>\n<li><strong>Kaseta<\/strong>Sunrace CSM55, 11-34<\/li>\n<li><strong>Prednja glav\u010dina<\/strong>Novatec SL<\/li>\n<li><strong>Stra\u017enja glav\u010dina<\/strong>Novatec SL<\/li>\n<li><strong>Vanjske gume<\/strong>Schwalbe Little Joe, 20 x 1.4<\/li>\n<li><strong>Sjedalo<\/strong>: CUBE Kid<\/li>\n<li><strong>Potpora sjedala<\/strong>CUBE Performance stup, 27,2 mm<\/li>\n<li><strong>Te\u017eina<\/strong>: <strong>7,4 kg<\/strong><\/li>\n<\/ul>","protected":false},"excerpt":{"rendered":"<p>Otro\u0161ko kolo 20&#8221; Cube Numove 200<\/p>","protected":false},"featured_media":13823,"template":"","meta":{"_acf_changed":false,"inline_featured_image":false,"_monsterinsights_skip_tracking":false,"_monsterinsights_sitenote_active":false,"_monsterinsights_sitenote_note":"","_monsterinsights_sitenote_category":0},"product_brand":[1192],"product_cat":[646],"product_tag":[1198,1202,1007],"class_list":{"0":"post-13822","1":"product","2":"type-product","3":"status-publish","4":"has-post-thumbnail","6":"product_brand-cube","7":"product_cat-646","8":"product_tag-otroci","9":"product_tag-otroska-kolesa","10":"product_tag-otrosko-kolo","12":"first","13":"instock","14":"sale","15":"taxable","16":"shipping-taxable","17":"purchasable","18":"product-type-simple"},"acf":[],"aioseo_notices":[],"_links":{"self":[{"href":"https:\/\/ritosa.si\/hr\/wp-json\/wp\/v2\/product\/13822","targetHints":{"allow":["GET"]}}],"collection":[{"href":"https:\/\/ritosa.si\/hr\/wp-json\/wp\/v2\/product"}],"about":[{"href":"https:\/\/ritosa.si\/hr\/wp-json\/wp\/v2\/types\/product"}],"wp:featuredmedia":[{"embeddable":true,"href":"https:\/\/ritosa.si\/hr\/wp-json\/wp\/v2\/media\/13823"}],"wp:attachment":[{"href":"https:\/\/ritosa.si\/hr\/wp-json\/wp\/v2\/media?parent=13822"}],"wp:term":[{"taxonomy":"product_brand","embeddable":true,"href":"https:\/\/ritosa.si\/hr\/wp-json\/wp\/v2\/product_brand?post=13822"},{"taxonomy":"product_cat","embeddable":true,"href":"https:\/\/ritosa.si\/hr\/wp-json\/wp\/v2\/product_cat?post=13822"},{"taxonomy":"product_tag","embeddable":true,"href":"https:\/\/ritosa.si\/hr\/wp-json\/wp\/v2\/product_tag?post=13822"}],"curies":[{"name":"radni list","href":"https:\/\/api.w.org\/{rel}","templated":true}]}}