{"id":14318,"date":"2025-05-17T10:08:50","date_gmt":"2025-05-17T10:08:50","guid":{"rendered":"https:\/\/ritosa.click.si\/?post_type=product&#038;p=14318"},"modified":"2026-03-22T11:10:19","modified_gmt":"2026-03-22T10:10:19","slug":"cube-reaction-hybrid-performance-625-2025-2","status":"publish","type":"product","link":"https:\/\/ritosa.si\/hr\/ducan\/biciklizam\/kotaci\/elektricna-kolesa\/gorska-elektricna-kolesa\/cube-reaction-hybrid-performance-625-2025-2\/","title":{"rendered":"CUBE REACTION HYBRID PERFORMANCE 625"},"content":{"rendered":"<p><strong>PERFORMANSE HIBRIDNE REAKCIJE KOCKE<\/strong><\/p>\n<p>Cube Reaction Hybrid Performance 625 je svestran i robustan elektri\u010dni brdski bicikl, dizajniran oko tihog i sna\u017enog Bosch Performance Line motora sa 75 Nm okretnog momenta. Opremljen je Bosch Smart sustavom i podr\u017eava kapacitet baterije do 625 Wh - ovaj model ve\u0107 uklju\u010duje bateriju od 625 Wh, \u0161to omogu\u0107uje dulje i bezbri\u017enije vo\u017enje.<\/p>\n<p>Bicikl tako\u0111er ima monta\u017eu za no\u017eicu, integrirane brave i to\u010dke za pri\u010dvr\u0161\u0107ivanje vi\u0161enamjenskog alata. Unutarnje usmjeravanje sajli i novi polo\u017eaj senzora brzine osiguravaju \u010diste linije i minimalno odr\u017eavanje. S opcijom trapeznog okvira i SizeSplit sustavom, lako je prona\u0107i savr\u0161enu veli\u010dinu za vas.<\/p>\n<p><em>Maksimalna nosivost (uklju\u010duju\u0107i te\u017einu bicikla): 140 kg<\/em><\/p>\n<p><em>Podjela veli\u010dine:<\/em><\/p>\n<ul>\n<li><em>35,5 cm (XS), 40,5 cm (S) = 74 cm<\/em><\/li>\n<li><em>45,5 cm (M), 50,5 cm (L), 50,5 cm (XL), 61 cm (XXL) = 74,5 cm<\/em><\/li>\n<\/ul>\n<h3><strong>Specifikacije<\/strong><\/h3>\n<ul>\n<li><strong>Motor:<\/strong> Bosch Performance Line Gen 3 (75 Nm), Cruise, 250 W, Smart System<\/li>\n<li><strong>Baterija:<\/strong> Bosch PowerTube 625<\/li>\n<li><strong>Punja\u010d:<\/strong> Bosch 2A<\/li>\n<li><strong>Zaslon:<\/strong> Bosch Purion 200 s integriranim zaslonom<\/li>\n<li><strong>Okvir:<\/strong> Aluminijski Superlite, Gravity Casting, Agile Ride geometrija, cijev upravlja\u010da 1,5\u2033, potpuno integrirana baterija, unutarnje vo\u0111enje sajli, nosa\u010d volana, blatobran i priprema za nosa\u010d<\/li>\n<li><strong>Vilica:<\/strong> SR Suntour NVX30 UFO zavojnica, 100 mm<\/li>\n<li><strong>Le\u017eaj upravlja\u010da:<\/strong> ACROS AZF-1031, ZS 56\/56 mm<\/li>\n<li><strong>Lula volana:<\/strong> CUBE Performance E-MTB, 31,8 mm<\/li>\n<li><strong>Volan:<\/strong> CUBE Rise Trail Bar Pro, 740 mm<\/li>\n<li><strong>Ru\u010dke:<\/strong> ACID React Pro<\/li>\n<li><strong>Zadnji mjenja\u010d:<\/strong> Shimano mjenja\u010di RD-U4000-GS, 9 brzina<\/li>\n<li><strong>Ru\u010dice mjenja\u010da:<\/strong> Shimano \u0161tapovi SL-U4010 Rapidfire-Plus<\/li>\n<li><strong>Ko\u010dnice:<\/strong> Shimano BR-MT200\/UR300, hidrauli\u010dne disk ko\u010dnice, PM\/FM (180\/180 mm)<\/li>\n<li><strong>Pogonska osovina:<\/strong> ACID MTB hibrid, 38T<\/li>\n<li><strong>Pedale:<\/strong> ACID PP MTB<\/li>\n<li><strong>Lanac:<\/strong> KMC eGlide<\/li>\n<li><strong>Kaseta:<\/strong> Shimano \u0161tapovi za mijenjanje brzina CS-LG300, 11-46T<\/li>\n<li><strong>\u010cvori\u0161ta:<\/strong> Shimano HB\/FH-QC300, QR, Centerlock<\/li>\n<li><strong>Kola:<\/strong> CUBE EX25, 32 rupe, disk, spremni za tubeless<\/li>\n<li><strong>Gume:<\/strong> Schwalbe Smart Sam, Active, 2.35<\/li>\n<li><strong>Sjedalo:<\/strong> ACID Sequence Pro 160<\/li>\n<li><strong>Te\u017eina:<\/strong> 24,7 kg<\/li>\n<\/ul>","protected":false},"excerpt":{"rendered":"<p>Cube Reaction Hybrid Performance 625 Skylightblue &#039;n&#039; White elektri\u010dni brdski bicikl - trapezoidni okvir<\/p>","protected":false},"featured_media":14322,"template":"","meta":{"_acf_changed":false,"inline_featured_image":false,"_monsterinsights_skip_tracking":false,"_monsterinsights_sitenote_active":false,"_monsterinsights_sitenote_note":"","_monsterinsights_sitenote_category":0},"product_brand":[1192],"product_cat":[629],"product_tag":[],"class_list":{"0":"post-14318","1":"product","2":"type-product","3":"status-publish","4":"has-post-thumbnail","6":"product_brand-cube","7":"product_cat-gorska-elektricna-kolesa","8":"pa_velikost-l","10":"first","11":"instock","12":"sale","13":"taxable","14":"shipping-taxable","15":"purchasable","16":"product-type-variable"},"acf":[],"aioseo_notices":[],"_links":{"self":[{"href":"https:\/\/ritosa.si\/hr\/wp-json\/wp\/v2\/product\/14318","targetHints":{"allow":["GET"]}}],"collection":[{"href":"https:\/\/ritosa.si\/hr\/wp-json\/wp\/v2\/product"}],"about":[{"href":"https:\/\/ritosa.si\/hr\/wp-json\/wp\/v2\/types\/product"}],"wp:featuredmedia":[{"embeddable":true,"href":"https:\/\/ritosa.si\/hr\/wp-json\/wp\/v2\/media\/14322"}],"wp:attachment":[{"href":"https:\/\/ritosa.si\/hr\/wp-json\/wp\/v2\/media?parent=14318"}],"wp:term":[{"taxonomy":"product_brand","embeddable":true,"href":"https:\/\/ritosa.si\/hr\/wp-json\/wp\/v2\/product_brand?post=14318"},{"taxonomy":"product_cat","embeddable":true,"href":"https:\/\/ritosa.si\/hr\/wp-json\/wp\/v2\/product_cat?post=14318"},{"taxonomy":"product_tag","embeddable":true,"href":"https:\/\/ritosa.si\/hr\/wp-json\/wp\/v2\/product_tag?post=14318"}],"curies":[{"name":"radni list","href":"https:\/\/api.w.org\/{rel}","templated":true}]}}