{"id":19242,"date":"2025-09-01T13:00:56","date_gmt":"2025-09-01T11:00:56","guid":{"rendered":"https:\/\/ritosa.click.si\/?post_type=product&#038;p=19242"},"modified":"2025-09-01T13:00:56","modified_gmt":"2025-09-01T11:00:56","slug":"blatnik-acid-sic-2-0-84-29-bb-mount-black","status":"publish","type":"product","link":"https:\/\/ritosa.si\/hr\/ducan\/biciklizam\/oprema-za-biciklizam\/dodatna-oprema-in-rezervni-deli\/blatniki\/blatnik-acid-sic-2-0-84-29-bb-mount-black\/","title":{"rendered":"Blatnik ACID SIC 2.0 84 29\u2033 BB nosa\u010d CRNI"},"content":{"rendered":"<p><span class=\"HwtZe\" lang=\"sl\"><span class=\"jCAhz ChMk0b\"><span class=\"ryNqvb\">Zna\u010dajke:<\/span><\/span><\/span><\/p>\n<ul>\n<li><span class=\"HwtZe\" lang=\"sl\"><span class=\"jCAhz ChMk0b\"><span class=\"ryNqvb\">Kompatibilno s ve\u0107inom brdskih bicikala od 29 in\u010da sa SIC 2.0 su\u010deljem.<\/span><\/span><\/span><\/li>\n<li><span class=\"HwtZe\" lang=\"sl\"><span class=\"jCAhz ChMk0b\"><span class=\"ryNqvb\">Instalacija bez skidanja kota\u010da.<\/span><\/span><\/span><\/li>\n<li><span class=\"HwtZe\" lang=\"sl\"><span class=\"jCAhz ChMk0b\"><span class=\"ryNqvb\">Maksimalna \u0161irina gume: 2,6 in\u010da.<\/span><\/span><\/span><\/li>\n<li><span class=\"HwtZe\" lang=\"sl\"><span class=\"jCAhz ChMk0b\"><span class=\"ryNqvb\">Briljantni ikonski detalji.<\/span><\/span><\/span><\/li>\n<li><span class=\"HwtZe\" lang=\"sl\"><span class=\"jCAhz ChMk0b\"><span class=\"ryNqvb\">Integrirano usmjeravanje svjetlosnih kabela.<\/span><\/span><\/span><\/li>\n<li><span class=\"HwtZe\" lang=\"sl\"><span class=\"jCAhz ChMk0b\"><span class=\"ryNqvb\">Kompatibilno s integracijom ACID stra\u017enjih svjetala.<\/span><\/span><\/span><\/li>\n<li><span class=\"HwtZe\" lang=\"sl\"><span class=\"jCAhz ChMk0b\"><span class=\"ryNqvb\">Spremno za ugradnju sa SIC 2.0 nosa\u010dem.<\/span><\/span><\/span><\/li>\n<li><span class=\"HwtZe\" lang=\"sl\"><span class=\"jCAhz ChMk0b\"><span class=\"ryNqvb\">Materijal: polipropilen; \u010delik<\/span><\/span><\/span><\/li>\n<\/ul>","protected":false},"excerpt":{"rendered":"<p>Blatnik ACID SIC 2.0 84 29\u2033 BB nosa\u010d CRNI<\/p>","protected":false},"featured_media":19244,"template":"","meta":{"_acf_changed":false,"inline_featured_image":false,"_monsterinsights_skip_tracking":false,"_monsterinsights_sitenote_active":false,"_monsterinsights_sitenote_note":"","_monsterinsights_sitenote_category":0},"product_brand":[1192],"product_cat":[552],"product_tag":[1323,1321,1322,1325,1324],"class_list":{"0":"post-19242","1":"product","2":"type-product","3":"status-publish","4":"has-post-thumbnail","6":"product_brand-cube","7":"product_cat-blatniki","8":"product_tag-acid-blatniki","9":"product_tag-blatniki-29","10":"product_tag-blatniki-acid","11":"product_tag-blatniki-za-cube-kolesa","12":"product_tag-cube-blatniki","14":"first","15":"instock","16":"taxable","17":"shipping-taxable","18":"purchasable","19":"product-type-simple"},"acf":[],"aioseo_notices":[],"_links":{"self":[{"href":"https:\/\/ritosa.si\/hr\/wp-json\/wp\/v2\/product\/19242","targetHints":{"allow":["GET"]}}],"collection":[{"href":"https:\/\/ritosa.si\/hr\/wp-json\/wp\/v2\/product"}],"about":[{"href":"https:\/\/ritosa.si\/hr\/wp-json\/wp\/v2\/types\/product"}],"wp:featuredmedia":[{"embeddable":true,"href":"https:\/\/ritosa.si\/hr\/wp-json\/wp\/v2\/media\/19244"}],"wp:attachment":[{"href":"https:\/\/ritosa.si\/hr\/wp-json\/wp\/v2\/media?parent=19242"}],"wp:term":[{"taxonomy":"product_brand","embeddable":true,"href":"https:\/\/ritosa.si\/hr\/wp-json\/wp\/v2\/product_brand?post=19242"},{"taxonomy":"product_cat","embeddable":true,"href":"https:\/\/ritosa.si\/hr\/wp-json\/wp\/v2\/product_cat?post=19242"},{"taxonomy":"product_tag","embeddable":true,"href":"https:\/\/ritosa.si\/hr\/wp-json\/wp\/v2\/product_tag?post=19242"}],"curies":[{"name":"radni list","href":"https:\/\/api.w.org\/{rel}","templated":true}]}}