{"id":19375,"date":"2025-09-10T09:18:12","date_gmt":"2025-09-10T07:18:12","guid":{"rendered":"https:\/\/ritosa.click.si\/?post_type=product&#038;p=19375"},"modified":"2025-09-10T09:29:43","modified_gmt":"2025-09-10T07:29:43","slug":"set-za-popravilo-pnevmatik-pax","status":"publish","type":"product","link":"https:\/\/ritosa.si\/hr\/ducan\/biciklizam\/oprema-za-biciklizam\/vzdrzevanje-koles\/orodja\/set-za-popravilo-pnevmatik-pax\/","title":{"rendered":"PAX set za popravak guma"},"content":{"rendered":"<p data-start=\"145\" data-end=\"248\">PAX set za popravak guma sadr\u017ei 6 zakrpa i sve \u0161to vam je potrebno za brzi popravak gume na cesti:<\/p>\n<ul>\n<li data-start=\"252\" data-end=\"339\"><strong data-start=\"252\" data-end=\"268\">1x brusni alat<\/strong>Za bru\u0161enje o\u0161te\u0107enog mjesta i bolju vezu zakrpe.<\/li>\n<li data-start=\"342\" data-end=\"423\"><strong data-start=\"342\" data-end=\"355\">1x ljepilo<\/strong>: Posebno ljepilo koje osigurava \u010dvrsto i trajno prijanjanje zakrpe.<\/li>\n<li data-start=\"426\" data-end=\"513\"><strong data-start=\"426\" data-end=\"448\">2x gumene trake<\/strong>Idealne za uredno i \u010disto nano\u0161enje ljepila.<\/li>\n<li data-start=\"516\" data-end=\"593\"><strong data-start=\"516\" data-end=\"528\">6x zakrpa<\/strong>\u0160est zakrpa, spremnih za vi\u0161e od samo jedne probu\u0161ene gume.<\/li>\n<\/ul>\n<p><span class=\"tlid-translation translation\" lang=\"sl\" xml:lang=\"sl\">\u00a0<\/span><\/p>","protected":false},"excerpt":{"rendered":"<p>PAX set za popravak guma s ljepilom.<\/p>","protected":false},"featured_media":19376,"template":"","meta":{"_acf_changed":false,"inline_featured_image":false,"_monsterinsights_skip_tracking":false,"_monsterinsights_sitenote_active":false,"_monsterinsights_sitenote_note":"","_monsterinsights_sitenote_category":0},"product_brand":[],"product_cat":[656],"product_tag":[1461,1458,1462],"class_list":{"0":"post-19375","1":"product","2":"type-product","3":"status-publish","4":"has-post-thumbnail","6":"product_cat-orodja","7":"product_tag-krpanje-zracnic","8":"product_tag-set-za-krpanje-zracnic","9":"product_tag-set-za-popravilo-pnevmatik","11":"first","12":"instock","13":"sale","14":"taxable","15":"shipping-taxable","16":"purchasable","17":"product-type-simple"},"acf":[],"aioseo_notices":[],"_links":{"self":[{"href":"https:\/\/ritosa.si\/hr\/wp-json\/wp\/v2\/product\/19375","targetHints":{"allow":["GET"]}}],"collection":[{"href":"https:\/\/ritosa.si\/hr\/wp-json\/wp\/v2\/product"}],"about":[{"href":"https:\/\/ritosa.si\/hr\/wp-json\/wp\/v2\/types\/product"}],"wp:featuredmedia":[{"embeddable":true,"href":"https:\/\/ritosa.si\/hr\/wp-json\/wp\/v2\/media\/19376"}],"wp:attachment":[{"href":"https:\/\/ritosa.si\/hr\/wp-json\/wp\/v2\/media?parent=19375"}],"wp:term":[{"taxonomy":"product_brand","embeddable":true,"href":"https:\/\/ritosa.si\/hr\/wp-json\/wp\/v2\/product_brand?post=19375"},{"taxonomy":"product_cat","embeddable":true,"href":"https:\/\/ritosa.si\/hr\/wp-json\/wp\/v2\/product_cat?post=19375"},{"taxonomy":"product_tag","embeddable":true,"href":"https:\/\/ritosa.si\/hr\/wp-json\/wp\/v2\/product_tag?post=19375"}],"curies":[{"name":"radni list","href":"https:\/\/api.w.org\/{rel}","templated":true}]}}