{"id":19771,"date":"2025-09-26T09:52:11","date_gmt":"2025-09-26T07:52:11","guid":{"rendered":"https:\/\/ritosa.click.si\/?post_type=product&#038;p=19771"},"modified":"2025-09-26T09:59:37","modified_gmt":"2025-09-26T07:59:37","slug":"torba-acid-trunk-8","status":"publish","type":"product","link":"https:\/\/ritosa.si\/hr\/ducan\/biciklizam\/oprema-za-biciklizam\/dodatna-oprema-in-rezervni-deli\/torbice\/torba-acid-trunk-8\/","title":{"rendered":"Torba ACID TRUNK 8 RILINK"},"content":{"rendered":"<p data-start=\"81\" data-end=\"467\">ACID TRUNK 8 RILink olak\u0161ava kupovinu biciklom ili brzu pripremu za vikend izlet. Torba je kompatibilna sa svim ACID i CUBE bisagama, a ima i podesivi remen za rame, tako da je mo\u017eete lako i prakti\u010dno ponijeti sa sobom. S reflektiraju\u0107im elementima, mre\u017eastim d\u017eepom i prakti\u010dnom navlakom za ki\u0161u, ACID torba je vrlo korisna i olak\u0161ava svakodnevne zadatke.<\/p>\n<p data-start=\"469\" data-end=\"483\"><strong data-start=\"469\" data-end=\"483\">Zna\u010dajke:<\/strong><\/p>\n<ul>\n<li data-start=\"487\" data-end=\"503\">navlaka za ki\u0161u<\/li>\n<li data-start=\"506\" data-end=\"537\">kompatibilan s ACID nosa\u010dima prtljage<\/li>\n<li data-start=\"540\" data-end=\"566\">podesivi remen za rame<\/li>\n<li data-start=\"569\" data-end=\"587\">reflektiraju\u0107i elementi<\/li>\n<li data-start=\"590\" data-end=\"603\">mre\u017easti d\u017eep<\/li>\n<li data-start=\"606\" data-end=\"627\">materijal: poliester<\/li>\n<li data-start=\"606\" data-end=\"627\">Dimenzije: (D x \u0160 x V) 35 x 23 x 20 cm<\/li>\n<li data-start=\"606\" data-end=\"627\">Volumen: 8 litara<\/li>\n<\/ul>","protected":false},"excerpt":{"rendered":"<p>ACID TRUNK 8 RILINK putna torba za prtlja\u017enik<\/p>","protected":false},"featured_media":19783,"template":"","meta":{"_acf_changed":false,"inline_featured_image":false,"_monsterinsights_skip_tracking":false,"_monsterinsights_sitenote_active":false,"_monsterinsights_sitenote_note":"","_monsterinsights_sitenote_category":0},"product_brand":[1192],"product_cat":[517],"product_tag":[1586,1742,1746,993,1745,1744,914,1714,1743,1748,1747],"class_list":{"0":"post-19771","1":"product","2":"type-product","3":"status-publish","4":"has-post-thumbnail","6":"product_brand-cube","7":"product_cat-torbice","8":"product_tag-acid","9":"product_tag-acid-trunk","10":"product_tag-acid-trunk-8-rilink","11":"product_tag-cube","12":"product_tag-potovalna-torba","13":"product_tag-potovalna-torba-cube","14":"product_tag-torba","15":"product_tag-torba-za-na-kolo","16":"product_tag-torba-za-na-prtljaznik","17":"product_tag-trunk-8","18":"product_tag-trunk-8-rilink","20":"first","21":"instock","22":"sale","23":"taxable","24":"shipping-taxable","25":"purchasable","26":"product-type-simple"},"acf":[],"aioseo_notices":[],"_links":{"self":[{"href":"https:\/\/ritosa.si\/hr\/wp-json\/wp\/v2\/product\/19771","targetHints":{"allow":["GET"]}}],"collection":[{"href":"https:\/\/ritosa.si\/hr\/wp-json\/wp\/v2\/product"}],"about":[{"href":"https:\/\/ritosa.si\/hr\/wp-json\/wp\/v2\/types\/product"}],"wp:featuredmedia":[{"embeddable":true,"href":"https:\/\/ritosa.si\/hr\/wp-json\/wp\/v2\/media\/19783"}],"wp:attachment":[{"href":"https:\/\/ritosa.si\/hr\/wp-json\/wp\/v2\/media?parent=19771"}],"wp:term":[{"taxonomy":"product_brand","embeddable":true,"href":"https:\/\/ritosa.si\/hr\/wp-json\/wp\/v2\/product_brand?post=19771"},{"taxonomy":"product_cat","embeddable":true,"href":"https:\/\/ritosa.si\/hr\/wp-json\/wp\/v2\/product_cat?post=19771"},{"taxonomy":"product_tag","embeddable":true,"href":"https:\/\/ritosa.si\/hr\/wp-json\/wp\/v2\/product_tag?post=19771"}],"curies":[{"name":"radni list","href":"https:\/\/api.w.org\/{rel}","templated":true}]}}