{"id":19796,"date":"2025-09-26T10:30:29","date_gmt":"2025-09-26T08:30:29","guid":{"rendered":"https:\/\/ritosa.click.si\/?post_type=product&#038;p=19796"},"modified":"2025-09-26T10:39:07","modified_gmt":"2025-09-26T08:39:07","slug":"torba-acid-2","status":"publish","type":"product","link":"https:\/\/ritosa.si\/hr\/ducan\/biciklizam\/oprema-za-biciklizam\/dodatna-oprema-in-rezervni-deli\/torbice\/torba-acid-2\/","title":{"rendered":"ACID TopTube View CMPT torba"},"content":{"rendered":"<p data-start=\"151\" data-end=\"539\">Torba ACID TopTube View CMPT idealna je za pohranu svega \u0161to \u017eelite imati pri ruci tijekom vo\u017enje. Brzo i jednostavno se pri\u010dvr\u0161\u0107uje na okvir bicikla s tri \u010di\u010dak trake, a veliki gornji pretinac s prozirnom folijom kompatibilnom s zaslonom osjetljivim na dodir savr\u0161en je za kori\u0161tenje navigacije va\u0161eg pametnog telefona. Savr\u0161en prakti\u010dan dodatak za gradske vo\u017enje ili vikend putovanja.<\/p>\n<p data-start=\"469\" data-end=\"483\"><strong data-start=\"469\" data-end=\"483\">Zna\u010dajke:<\/strong><\/p>\n<ul>\n<li data-start=\"1089\" data-end=\"1131\">izdr\u017eljiva, otporna na habanje vanjska strana<\/li>\n<li data-start=\"1134\" data-end=\"1162\">bez PVC-a<\/li>\n<li data-start=\"1165\" data-end=\"1208\">reflektiraju\u0107i elementi za bolju vidljivost<\/li>\n<li data-start=\"1211\" data-end=\"1260\">3 trake po je\u017eu za maksimalnu stabilnost<\/li>\n<li data-start=\"1263\" data-end=\"1305\">Uklju\u010den produ\u017eetak remena za elektri\u010dni bicikl<\/li>\n<li data-start=\"1308\" data-end=\"1356\">navlaka za ki\u0161u za za\u0161titu u lo\u0161em vremenu<\/li>\n<li data-start=\"1359\" data-end=\"1459\">prozirni pretinac s touch folijom, pogodan za sve pametne telefone do 17 \u00d7 8,5 cm (D \u00d7 \u0160)<\/li>\n<li data-start=\"1462\" data-end=\"1538\">veliki prozor: 17 \u00d7 9,0 cm (D \u00d7 \u0160) \u2013 za optimalnu vidljivost zaslona<\/li>\n<li data-start=\"1541\" data-end=\"1593\">idealno za gradske vo\u017enje, du\u017ee ture i bicikliranje<\/li>\n<li data-start=\"735\" data-end=\"780\">Dimenzije: (D \u00d7 \u0160 \u00d7 V) 170 \u00d7 95 \u00d7 90 mm<\/li>\n<li data-start=\"783\" data-end=\"808\">materijal: poliester<\/li>\n<li data-start=\"811\" data-end=\"837\">kapacitet: 1 litra<\/li>\n<\/ul>\n<p>&nbsp;<\/p>","protected":false},"excerpt":{"rendered":"<p>ACID torba za gornju cijev TopTube View CMPT<\/p>","protected":false},"featured_media":19800,"template":"","meta":{"_acf_changed":false,"inline_featured_image":false,"_monsterinsights_skip_tracking":false,"_monsterinsights_sitenote_active":false,"_monsterinsights_sitenote_note":"","_monsterinsights_sitenote_category":0},"product_brand":[1192],"product_cat":[517],"product_tag":[1586,1754,993,1755,914,1714,1756],"class_list":{"0":"post-19796","1":"product","2":"type-product","3":"status-publish","4":"has-post-thumbnail","6":"product_brand-cube","7":"product_cat-torbice","8":"product_tag-acid","9":"product_tag-acid-toptube-view-cmpt","10":"product_tag-cube","11":"product_tag-toptube-view-cmpt","12":"product_tag-torba","13":"product_tag-torba-za-na-kolo","14":"product_tag-torbica-za-na-zgornjo-cev-okvirja","16":"first","17":"instock","18":"sale","19":"taxable","20":"shipping-taxable","21":"purchasable","22":"product-type-simple"},"acf":[],"aioseo_notices":[],"_links":{"self":[{"href":"https:\/\/ritosa.si\/hr\/wp-json\/wp\/v2\/product\/19796","targetHints":{"allow":["GET"]}}],"collection":[{"href":"https:\/\/ritosa.si\/hr\/wp-json\/wp\/v2\/product"}],"about":[{"href":"https:\/\/ritosa.si\/hr\/wp-json\/wp\/v2\/types\/product"}],"wp:featuredmedia":[{"embeddable":true,"href":"https:\/\/ritosa.si\/hr\/wp-json\/wp\/v2\/media\/19800"}],"wp:attachment":[{"href":"https:\/\/ritosa.si\/hr\/wp-json\/wp\/v2\/media?parent=19796"}],"wp:term":[{"taxonomy":"product_brand","embeddable":true,"href":"https:\/\/ritosa.si\/hr\/wp-json\/wp\/v2\/product_brand?post=19796"},{"taxonomy":"product_cat","embeddable":true,"href":"https:\/\/ritosa.si\/hr\/wp-json\/wp\/v2\/product_cat?post=19796"},{"taxonomy":"product_tag","embeddable":true,"href":"https:\/\/ritosa.si\/hr\/wp-json\/wp\/v2\/product_tag?post=19796"}],"curies":[{"name":"radni list","href":"https:\/\/api.w.org\/{rel}","templated":true}]}}