{"id":21623,"date":"2026-03-14T11:45:09","date_gmt":"2026-03-14T10:45:09","guid":{"rendered":"https:\/\/ritosa.click.si\/?post_type=product&#038;p=21623"},"modified":"2026-03-14T11:45:10","modified_gmt":"2026-03-14T10:45:10","slug":"gt-stomper-prime-24","status":"publish","type":"product","link":"https:\/\/ritosa.si\/hr\/ducan\/biciklizam\/kotaci\/djecji-bicikli-2\/24\/gt-stomper-prime-24\/","title":{"rendered":"GT Stomper Prime 24\u201d"},"content":{"rendered":"<ul>\n<li>OKVIR \u2013 24\u201d GT LegitFit Design, aluminijski s zamjenjivim vje\u0161a\u010dem<\/li>\n<li>VILICA \u2013 All Terra CH-565, 50 mm, zavojnica<\/li>\n<li>PRSTENOVI \u2013 All Terra dvostruki zid, 28h<\/li>\n<li>PREDNJA GLAV\u010cINA \u2013 Aluminijska, QR<\/li>\n<li>STRA\u017dNJA GLAV\u010cINA \u2013 Aluminijski slobodni kota\u010d, QR<\/li>\n<li>PREDNJA GUMA \u2013 Kenda Small Block Eight 24 x 2.10\u201d<\/li>\n<li>STRA\u017dNJA GUMA \u2013 Kenda Small Block Eight 24 x 2.10\u201d<\/li>\n<li>KASETA - Prowheel s dvostrukom za\u0161titom, 30T, 130 mm<\/li>\n<li>LANAC \u2013 KMC Z7, 7 brzina<\/li>\n<li>STRA\u017dNJI LANAC \u2013 Shimano TZ500, 14-28, 7-brzinski slobodni kota\u010d<\/li>\n<li>STRA\u017dNJI MJENJA\u010c \u2013 Shimano Tourney<\/li>\n<li>MJENJA\u010cI \u2013 Shimano Revo Twist Shifter, SL-RS36, 7 brzina<\/li>\n<li>VOLAN \u2013 \u010celi\u010dni podiza\u010d, visina 20 mm, \u0161irina 540 mm<\/li>\n<li>RU\u010cKE \u2013 GT MTB<\/li>\n<li>GLAVNI UPRAVLJA\u010c \u2013 Alloy Ahead, 30 mm<\/li>\n<li>HLADNJAK \u2013 1 1\/8\u201d naprijed<\/li>\n<li>KO\u010cNICE \u2013 GT V-ko\u010dnice<\/li>\n<li>RU\u010cICE KO\u010cNICA \u2013 Tektro s 3 prsta<\/li>\n<li>SJEDALO \u2013 GT MTB<\/li>\n<li>CIJEV SJEDALA \u2013 Mikro pode\u0161avanje od aluminija<\/li>\n<\/ul>","protected":false},"excerpt":{"rendered":"<p>GT Stomper Prime dje\u010dji bicikl 24\u201d \u2013 7 brzina<\/p>\n<p>Aluminijski okvir, amortizirana vilica i lagane komponente za puno zabave za va\u0161u djecu. 7 brzina s jednostavnom TwistShift ru\u010dicom mjenja\u010da za osvajanje svih padina i brzu vo\u017enju po ravnom.<\/p>\n<p>Bicikl je prikladan za djecu od 7 do 12 godina (122 cm - 135 cm).<\/p>","protected":false},"featured_media":21624,"template":"","meta":{"_acf_changed":false,"inline_featured_image":false,"_monsterinsights_skip_tracking":false,"_monsterinsights_sitenote_active":false,"_monsterinsights_sitenote_note":"","_monsterinsights_sitenote_category":0},"product_brand":[675],"product_cat":[647],"product_tag":[],"class_list":{"0":"post-21623","1":"product","2":"type-product","3":"status-publish","4":"has-post-thumbnail","6":"product_brand-gt","7":"product_cat-647","9":"first","10":"instock","11":"sale","12":"taxable","13":"shipping-taxable","14":"purchasable","15":"product-type-simple"},"acf":[],"aioseo_notices":[],"_links":{"self":[{"href":"https:\/\/ritosa.si\/hr\/wp-json\/wp\/v2\/product\/21623","targetHints":{"allow":["GET"]}}],"collection":[{"href":"https:\/\/ritosa.si\/hr\/wp-json\/wp\/v2\/product"}],"about":[{"href":"https:\/\/ritosa.si\/hr\/wp-json\/wp\/v2\/types\/product"}],"wp:featuredmedia":[{"embeddable":true,"href":"https:\/\/ritosa.si\/hr\/wp-json\/wp\/v2\/media\/21624"}],"wp:attachment":[{"href":"https:\/\/ritosa.si\/hr\/wp-json\/wp\/v2\/media?parent=21623"}],"wp:term":[{"taxonomy":"product_brand","embeddable":true,"href":"https:\/\/ritosa.si\/hr\/wp-json\/wp\/v2\/product_brand?post=21623"},{"taxonomy":"product_cat","embeddable":true,"href":"https:\/\/ritosa.si\/hr\/wp-json\/wp\/v2\/product_cat?post=21623"},{"taxonomy":"product_tag","embeddable":true,"href":"https:\/\/ritosa.si\/hr\/wp-json\/wp\/v2\/product_tag?post=21623"}],"curies":[{"name":"radni list","href":"https:\/\/api.w.org\/{rel}","templated":true}]}}