{"id":22080,"date":"2026-03-22T16:34:34","date_gmt":"2026-03-22T15:34:34","guid":{"rendered":"https:\/\/ritosa.click.si\/?post_type=product&#038;p=22080"},"modified":"2026-03-22T16:40:55","modified_gmt":"2026-03-22T15:40:55","slug":"cube-kathmandu-hybrid-one-800","status":"publish","type":"product","link":"https:\/\/ritosa.si\/hr\/ducan\/biciklizam\/kotaci\/elektricna-kolesa\/mestna-elektricna-kolesa\/cube-kathmandu-hybrid-one-800\/","title":{"rendered":"CUBE KATHMANDU HYBRID ONE 800"},"content":{"rendered":"<p data-start=\"0\" data-end=\"107\"><strong data-start=\"0\" data-end=\"69\">CUBE KATHMANDU HYBRID ONE 800<\/strong><\/p>\n<p data-start=\"109\" data-end=\"531\">Easy Entry okvir modela Kathmandu Hybrid ONE 800 je zasnovan tako, da je vo\u017enja dostopna vsem. Zaradi nizkega okvirja je vstopanje in sestopanje s kolesa izjemno enostavno, hkrati pa ohranja eleganten videz in robustno konstrukcijo. Zmogljiv <strong data-start=\"351\" data-end=\"369\">Bosch CX motor<\/strong> z do 85 Nm navora in <strong data-start=\"391\" data-end=\"426\">Bosch PowerTube 800 Wh baterija<\/strong> zagotavljata dovolj mo\u010di in dosega za vsako avanturo \u2013 od vsakodnevnih mestnih vo\u017eenj do ve\u010ddnevnih tur.<\/p>\n<p data-start=\"533\" data-end=\"861\">Za maksimalno udobje in nadzor poskrbijo <strong data-start=\"574\" data-end=\"604\">Efficient Comfort Geometry<\/strong>, <strong data-start=\"606\" data-end=\"645\">Suntour zra\u010dna vilica s 100 mm hoda<\/strong>, vzmetena sede\u017ena opora in nastavljiva lula krmila. <strong data-start=\"698\" data-end=\"725\">Shimano Cues 1&#215;10 pogon<\/strong> omogo\u010da gladko in zanesljivo prestavljanje, medtem ko <strong data-start=\"780\" data-end=\"815\">Shimano hidravli\u010dne disk zavore<\/strong> zagotavljajo varno zaviranje v vseh razmerah.<\/p>\n<p data-start=\"863\" data-end=\"1142\">Prakti\u010dnost je \u017ee vklju\u010dena: <strong data-start=\"892\" data-end=\"929\">Integrated Carrier 3.0 prtlja\u017enik<\/strong>, blatniki, lu\u010di in nogar naredijo to e-kolo popolnoma pripravljeno na vsako situacijo. Kathmandu Hybrid ONE 800 Easy Entry je idealna izbira za vse, ki i\u0161\u010dejo udobje, zanesljivost in enostavnost brez kompromisov.<\/p>\n<p><em>Najve\u0107a dopu\u0161tena ukupna te\u017eina (uklju\u010duju\u0107i te\u017einu bicikla): 140 kg<\/em><\/p>\n<p><em><em>Velikosti Easy Entry: XS (46cm), S (50cm), M (54cm), L (58cm), XL (62cm)<\/em><\/em><\/p>\n<h4><strong>Specifikacije<\/strong><\/h4>\n<p>Motor: Bosch Drive Unit Performance Line CX, max. 100 Nm (BDU38)<br data-start=\"1233\" data-end=\"1236\" \/>Baterija: Bosch PowerTube 800<br data-start=\"1265\" data-end=\"1268\" \/>Zaslon: Bosch Purion 200 z integriranim zaslonom<br data-start=\"1316\" data-end=\"1319\" data-is-only-node=\"\" \/>Okvir: Aluminium Superlite, Gravity Casting Technology, Efficient Comfort Geometry, Boost148, UDH\u2122, popolnoma integrirana baterija, IC 3.0, napredno notranje vodenje kablov, integrirana objemka sede\u017ea<br data-start=\"1519\" data-end=\"1522\" \/>Vilica: SR Suntour NX1-32 LO Air, tapered, 15&#215;110 mm, 100 mm<br data-start=\"1582\" data-end=\"1585\" \/>Le\u017eaj vilice: ACROS AZF-1035, ICR (integrirano vodenje kablov), zgoraj Zero-Stack 1 1\/2&#8243; (ZS 56 mm), spodaj Zero-Stack 1 1\/2&#8243; (ZS 56 mm), HIC<br data-start=\"1726\" data-end=\"1729\" \/>Lula krmila: CUBE Comfort Stem Pro, 31.8 mm, nastavljiva<br data-start=\"1785\" data-end=\"1788\" \/>Krmilo: CUBE Comfort Trail Bar, 700 mm<br data-start=\"1826\" data-end=\"1829\" \/>Ro\u010daji: ACID Travel Comfort<br data-start=\"1856\" data-end=\"1859\" \/>Zadnji menjalnik: Shimano Cues RD-U6000-GS, 10-stopenjski<br data-start=\"1916\" data-end=\"1919\" \/>Menjalne ro\u010dice: Shimano Cues SL-U6000, Rapidfire-Plus<br data-start=\"1973\" data-end=\"1976\" \/>Zavore: Shimano BR-MT200, hidravli\u010dne disk zavore (180\/180 mm)<br data-start=\"2038\" data-end=\"2041\" \/>Gonilka: ACID MTB Hybrid Pro, 40T<br data-start=\"2074\" data-end=\"2077\" \/>Pedala: ACID PP Trekking<br data-start=\"2101\" data-end=\"2104\" \/>Veriga: KMC eGlide<br data-start=\"2122\" data-end=\"2125\" \/>Kaseta: Shimano Cues CS-LG300, 11\u201348T<br data-start=\"2162\" data-end=\"2165\" \/>Obro\u010di \/ kolesa: ACID Pro 25, 32\/32 naper, 15&#215;110 mm \/ 12&#215;148 mm, Tubeless Ready<br data-start=\"2245\" data-end=\"2248\" \/>Pnevmatike: Schwalbe Motion Big Apple, Performance, 55-622<br data-start=\"2306\" data-end=\"2309\" \/>Sede\u017e: ACID Sequence 180<br data-start=\"2333\" data-end=\"2336\" \/>Sede\u017ena opora: CUBE Suspension Seatpost HD, 31.6 mm<br data-start=\"2387\" data-end=\"2390\" \/>Prednja lu\u010d: ACID Front Light PRO-E 60 X-Connect, 12V, DC<br data-start=\"2447\" data-end=\"2450\" \/>Zadnja lu\u010d: ACID Mudguard Rear Light PRO-E, 12V, DC<br data-start=\"2501\" data-end=\"2504\" \/>Zvonec: Easy Bell<br data-start=\"2521\" data-end=\"2524\" \/>Blatniki: ACID 65 Integrated Carrier 3.0<br data-start=\"2564\" data-end=\"2567\" \/>Prtlja\u017enik: ACID Integrated Carrier 3.0, CUBE Adapter Compatible<br data-start=\"2631\" data-end=\"2634\" \/>Ta\u010dka: ACID FM Pure Kickstand<br data-start=\"2663\" data-end=\"2666\" \/>Te\u017ea: 29,3 kg<\/p>","protected":false},"excerpt":{"rendered":"<p>Elektri\u010dno kolo Cube Kathmandu Hybrid One 800 Metallicgrey &#8216;n&#8217; Grey &#8211; Easy Entry<\/p>","protected":false},"featured_media":22088,"template":"","meta":{"_acf_changed":false,"inline_featured_image":false,"_monsterinsights_skip_tracking":false,"_monsterinsights_sitenote_active":false,"_monsterinsights_sitenote_note":"","_monsterinsights_sitenote_category":0},"product_brand":[1192],"product_cat":[630,649],"product_tag":[],"class_list":{"0":"post-22080","1":"product","2":"type-product","3":"status-publish","4":"has-post-thumbnail","6":"product_brand-cube","7":"product_cat-mestna-elektricna-kolesa","8":"product_cat-treking-elektricna-kolesa","9":"pa_velikost-50-2","11":"first","12":"instock","13":"sale","14":"taxable","15":"shipping-taxable","16":"purchasable","17":"product-type-variable"},"acf":[],"aioseo_notices":[],"_links":{"self":[{"href":"https:\/\/ritosa.si\/hr\/wp-json\/wp\/v2\/product\/22080","targetHints":{"allow":["GET"]}}],"collection":[{"href":"https:\/\/ritosa.si\/hr\/wp-json\/wp\/v2\/product"}],"about":[{"href":"https:\/\/ritosa.si\/hr\/wp-json\/wp\/v2\/types\/product"}],"wp:featuredmedia":[{"embeddable":true,"href":"https:\/\/ritosa.si\/hr\/wp-json\/wp\/v2\/media\/22088"}],"wp:attachment":[{"href":"https:\/\/ritosa.si\/hr\/wp-json\/wp\/v2\/media?parent=22080"}],"wp:term":[{"taxonomy":"product_brand","embeddable":true,"href":"https:\/\/ritosa.si\/hr\/wp-json\/wp\/v2\/product_brand?post=22080"},{"taxonomy":"product_cat","embeddable":true,"href":"https:\/\/ritosa.si\/hr\/wp-json\/wp\/v2\/product_cat?post=22080"},{"taxonomy":"product_tag","embeddable":true,"href":"https:\/\/ritosa.si\/hr\/wp-json\/wp\/v2\/product_tag?post=22080"}],"curies":[{"name":"radni list","href":"https:\/\/api.w.org\/{rel}","templated":true}]}}