{"id":22653,"date":"2026-04-03T15:25:02","date_gmt":"2026-04-03T13:25:02","guid":{"rendered":"https:\/\/ritosa.click.si\/?post_type=product&#038;p=22653"},"modified":"2026-04-03T15:25:59","modified_gmt":"2026-04-03T13:25:59","slug":"kolesarske-rokavice-ziener-crisander","status":"publish","type":"product","link":"https:\/\/ritosa.si\/hr\/ducan\/biciklizam\/oprema-za-biciklizam\/kolesarske-rokavice\/moske-kolesarske-rokavice\/kolesarske-rokavice-ziener-crisander\/","title":{"rendered":"Biciklisti\u010dke rukavice Ziener CRISANDER"},"content":{"rendered":"<p data-start=\"46\" data-end=\"412\">Lahke mu\u0161ke cestovne biciklisti\u010dke rukavice ZIENER CRISANDER-Z opremljene su visokokvalitetnom GEL FOAM podstavom za maksimalnu udobnost na upravlja\u010du. Zahvaljuju\u0107i izdr\u017eljivom, ko\u017ei sli\u010dnom materijalu dlana AMARA s prozra\u010dnim svojstvima, ruke ostaju suhe i tijekom dugih vo\u017enji. Nedrse\u0107a dlan osigurava optimalnu kontrolu upravlja\u010da u svakoj situaciji.<\/p>\n<p data-start=\"414\" data-end=\"603\">\u010ci\u010dak zatvaranje s mekim obrubom i integrirani jezi\u010dci omogu\u0107uju brzo i jednostavno skidanje rukavica. Upotreba posebno upijaju\u0107eg materijala na palcu olak\u0161ava brisanje znoja tijekom vo\u017enje.<\/p>","protected":false},"excerpt":{"rendered":"<p>Mu\u0161ke biciklisti\u010dke rukavice CRISANDER<\/p>","protected":false},"featured_media":22657,"template":"","meta":{"_acf_changed":false,"inline_featured_image":false,"_monsterinsights_skip_tracking":false,"_monsterinsights_sitenote_active":false,"_monsterinsights_sitenote_note":"","_monsterinsights_sitenote_category":0},"product_brand":[682],"product_cat":[580],"product_tag":[],"class_list":{"0":"post-22653","1":"product","2":"type-product","3":"status-publish","4":"has-post-thumbnail","6":"product_brand-ziener","7":"product_cat-moske-kolesarske-rokavice","8":"pa_velikost-8-5","9":"pa_velikost-794","10":"pa_velikost-9-5","12":"first","13":"instock","14":"taxable","15":"shipping-taxable","16":"purchasable","17":"product-type-variable"},"acf":[],"aioseo_notices":[],"_links":{"self":[{"href":"https:\/\/ritosa.si\/hr\/wp-json\/wp\/v2\/product\/22653","targetHints":{"allow":["GET"]}}],"collection":[{"href":"https:\/\/ritosa.si\/hr\/wp-json\/wp\/v2\/product"}],"about":[{"href":"https:\/\/ritosa.si\/hr\/wp-json\/wp\/v2\/types\/product"}],"wp:featuredmedia":[{"embeddable":true,"href":"https:\/\/ritosa.si\/hr\/wp-json\/wp\/v2\/media\/22657"}],"wp:attachment":[{"href":"https:\/\/ritosa.si\/hr\/wp-json\/wp\/v2\/media?parent=22653"}],"wp:term":[{"taxonomy":"product_brand","embeddable":true,"href":"https:\/\/ritosa.si\/hr\/wp-json\/wp\/v2\/product_brand?post=22653"},{"taxonomy":"product_cat","embeddable":true,"href":"https:\/\/ritosa.si\/hr\/wp-json\/wp\/v2\/product_cat?post=22653"},{"taxonomy":"product_tag","embeddable":true,"href":"https:\/\/ritosa.si\/hr\/wp-json\/wp\/v2\/product_tag?post=22653"}],"curies":[{"name":"radni list","href":"https:\/\/api.w.org\/{rel}","templated":true}]}}