{"id":7081,"date":"2008-04-19T17:06:11","date_gmt":"2008-04-19T17:06:11","guid":{"rendered":"https:\/\/ritosa.click.si\/?post_type=product&#038;p=7081"},"modified":"2026-03-30T09:03:07","modified_gmt":"2026-03-30T07:03:07","slug":"zlozljiv-elektricni-tricikel-di-blasi","status":"publish","type":"product","link":"https:\/\/ritosa.si\/hr\/ducan\/invalidski-pripomocki\/tricikli\/zlozljiv-elektricni-tricikel-di-blasi\/","title":{"rendered":"Sklopivi elektri\u010dni tricikl Di Blasi"},"content":{"rendered":"<ul>\n<li><span style=\"color: #000000\">Elektri\u010dni motor s NiMH baterijom 250 W, 24 V 11Ah battery\u00a0<\/span><span style=\"color: #000000\">mo\u010d 250W, <\/span><span style=\"color: #000000\">24V\u00a0<span class=\"schedatecnica\"> 11 Ah\u00a0<\/span> baterija<\/span><\/li>\n<li><span style=\"color: #000000\">Kota\u010di: \u017ebice od nehr\u0111aju\u0107eg \u010delika, aluminijski obru\u010di 20\u2033 (48 cm).<\/span><\/li>\n<li><span style=\"color: #000000\">Sede\u017e: nastavljiv na vi\u0161ino 81cm &#8211; 90cm od tal<\/span><\/li>\n<li><span style=\"color: #000000\">Mjenja\u010d: 5 brzina<\/span><\/li>\n<li>Oprema: sklopive pedale, zvono, prednja i stra\u017enja svjetla, poluga za pode\u0161avanje sjedala, stra\u017enji nosa\u010d.<\/li>\n<li><span style=\"color: #000000\">Dimenzije \u2013 sklopljeno: 64 cm \u00d7 28,5 cm \u00d7 62 cm<\/span><\/li>\n<li><span style=\"color: #000000\">Te\u017eina: 28,4 kg<\/span><\/li>\n<li><span style=\"color: #000000\">Nosivost <\/span><span style=\"color: #000000\">100 kg (maksimalna te\u017eina voza\u010da)<\/span><span style=\"color: #000000\">100 kg\u00a0<\/span><\/li>\n<\/ul>\n<p>Prilikom narud\u017ebe tricikla mogu\u0107a je i opcionalna oprema - razli\u010dite vrste sjedala (ortopedska, ortopedska s naslonom), pedale s remenima, torba za prtlja\u017enik, ko\u0161ara, ogledalo, torba za bicikl itd.<\/p>","protected":false},"excerpt":{"rendered":"<p>Otkrijte udobnost i prakti\u010dnost sa sklopivim elektri\u010dnim triciklom DI Blasi, prikladnim za djecu i odrasle. Zahvaljuju\u0107i stabilnoj konstrukciji i sklopivom okviru, jednostavan je za no\u0161enje i spremanje, idealan za brod, putovanja, izlete ili svakodnevnu vo\u017enju gradom.<\/p>\n<p>&nbsp;<\/p>\n<p>Po naro\u010dilu &#8211; rok dobave pribli\u017eno 20 do 30 dni.<\/p>","protected":false},"featured_media":21743,"template":"","meta":{"_acf_changed":false,"inline_featured_image":false,"_monsterinsights_skip_tracking":false,"_monsterinsights_sitenote_active":false,"_monsterinsights_sitenote_note":"","_monsterinsights_sitenote_category":0},"product_brand":[674],"product_cat":[496],"product_tag":[],"class_list":{"0":"post-7081","1":"product","2":"type-product","3":"status-publish","4":"has-post-thumbnail","6":"product_brand-di-blasi","7":"product_cat-tricikli","8":"pa_barva-atracitno-siva","9":"pa_barva-modra","10":"pa_barva-rdeca","12":"first","13":"onbackorder","14":"sale","15":"taxable","16":"shipping-taxable","17":"purchasable","18":"product-type-variable"},"acf":[],"aioseo_notices":[],"_links":{"self":[{"href":"https:\/\/ritosa.si\/hr\/wp-json\/wp\/v2\/product\/7081","targetHints":{"allow":["GET"]}}],"collection":[{"href":"https:\/\/ritosa.si\/hr\/wp-json\/wp\/v2\/product"}],"about":[{"href":"https:\/\/ritosa.si\/hr\/wp-json\/wp\/v2\/types\/product"}],"wp:featuredmedia":[{"embeddable":true,"href":"https:\/\/ritosa.si\/hr\/wp-json\/wp\/v2\/media\/21743"}],"wp:attachment":[{"href":"https:\/\/ritosa.si\/hr\/wp-json\/wp\/v2\/media?parent=7081"}],"wp:term":[{"taxonomy":"product_brand","embeddable":true,"href":"https:\/\/ritosa.si\/hr\/wp-json\/wp\/v2\/product_brand?post=7081"},{"taxonomy":"product_cat","embeddable":true,"href":"https:\/\/ritosa.si\/hr\/wp-json\/wp\/v2\/product_cat?post=7081"},{"taxonomy":"product_tag","embeddable":true,"href":"https:\/\/ritosa.si\/hr\/wp-json\/wp\/v2\/product_tag?post=7081"}],"curies":[{"name":"radni list","href":"https:\/\/api.w.org\/{rel}","templated":true}]}}