{"id":7120,"date":"2008-06-16T12:34:30","date_gmt":"2008-06-16T12:34:30","guid":{"rendered":"https:\/\/ritosa.click.si\/?post_type=product&#038;p=7120"},"modified":"2026-03-24T12:44:07","modified_gmt":"2026-03-24T11:44:07","slug":"tandem-cross-speedcross-26-alu","status":"publish","type":"product","link":"https:\/\/ritosa.si\/hr\/ducan\/biciklizam\/kotaci\/tandem\/tandem-cross-speedcross-26-alu\/","title":{"rendered":"Tandem Cross SpeedCross 26&#8243; ALU"},"content":{"rendered":"<p data-start=\"34\" data-end=\"278\">Tandem Cross 26\u2033 je odli\u010dna izbira za vse, ki \u017eelijo u\u017eivati v vo\u017enji v dvoje tudi izven asfaltiranih poti. Zasnovan je za rekreacijo, zabavo in raziskovanje makadamskih ter gozdnih poti, kjer pride do izraza njegova robustna zasnova in udobje.<\/p>\n<p data-start=\"280\" data-end=\"644\">Lahek aluminijast okvir zagotavlja trpe\u017enost in stabilnost, medtem ko <strong data-start=\"350\" data-end=\"375\">amortizacijska vilica<\/strong> u\u010dinkovito bla\u017ei udarce na neravnem terenu. Kombinacija <strong data-start=\"432\" data-end=\"455\">prednje disk zavore<\/strong> in zadnje V-brake zavore omogo\u010da zanesljivo in varno zaviranje v vseh razmerah. Shimano 21-stopenjski pogon poskrbi za \u0161irok razpon prestav, kar olaj\u0161a vo\u017enjo tako po ravnini kot v klanec.<\/p>\n<p data-start=\"646\" data-end=\"880\">Dvignjeno zadnje krmilo zagotavlja udoben polo\u017eaj za drugega kolesarja, kakovostne pnevmatike Vittoria Geax pa nudijo dober oprijem tudi na zahtevnej\u0161ih podlagah. Tandem Cross je popoln partner za skupne avanture na razli\u010dnih terenih. Tandem priporo\u010damo tudi za <strong data-start=\"741\" data-end=\"773\">slabovidne osebe v spremstvu<\/strong>, saj omogo\u010da varno in usklajeno vo\u017enjo.<\/p>\n<p data-start=\"646\" data-end=\"880\"><strong data-start=\"887\" data-end=\"904\">Specifikacije<\/strong><br data-start=\"904\" data-end=\"907\" \/>Okvir: Aluminij<br data-start=\"922\" data-end=\"925\" \/>Vilica: Amortizacijska 360 HL<br data-start=\"954\" data-end=\"957\" \/>Sprednje krmilo: Aluminij<br data-start=\"982\" data-end=\"985\" data-is-only-node=\"\" \/>Zadnje krmilo: Dvignjeno<br data-start=\"1009\" data-end=\"1012\" \/>Prednja zavora: Mehanska disk zavora<br data-start=\"1048\" data-end=\"1051\" \/>Zadnja zavora: V-brake<br data-start=\"1073\" data-end=\"1076\" \/>Gonilka: Aluminij<br data-start=\"1093\" data-end=\"1096\" \/>Gonilna os: Kasetna<br data-start=\"1115\" data-end=\"1118\" \/>Menjalnik: Shimano<br data-start=\"1136\" data-end=\"1139\" \/>Prestavne ro\u010dice: Shimano STEF, 21-stopenjske<br data-start=\"1184\" data-end=\"1187\" \/>Prosti tek: Shimano<br data-start=\"1206\" data-end=\"1209\" \/>Prednje pesto: Aluminij<br data-start=\"1232\" data-end=\"1235\" \/>Zadnje pesto: Z integrirano gonilno osjo<br data-start=\"1275\" data-end=\"1278\" \/>Obro\u010di \/ kolesa: Dvojna stena<br data-start=\"1307\" data-end=\"1310\" \/>Napere: 2,5 mm<br data-start=\"1324\" data-end=\"1327\" \/>Pnevmatike: Vittoria Geax<br data-start=\"1352\" data-end=\"1355\" \/>Te\u017eina: 20 kg<\/p>","protected":false},"excerpt":{"rendered":"<p>Tandem Cross gorsko kolo SpeedCross 26&#8243;<\/p>\n<ul>\n<li>26&#8243; kolesa<\/li>\n<li>21 prestav Shimano<\/li>\n<li>z amortizerjem<\/li>\n<\/ul>\n<p>Razli\u010dne barve -\u2013 za ve\u010d informacij nas kontaktirajte na <strong data-start=\"893\" data-end=\"911\"><a class=\"decorated-link cursor-pointer\" rel=\"noopener\" data-start=\"895\" data-end=\"909\">info@ritosa.si<\/a><\/strong><\/p>","protected":false},"featured_media":7123,"template":"","meta":{"_acf_changed":false,"inline_featured_image":false,"_monsterinsights_skip_tracking":false,"_monsterinsights_sitenote_active":false,"_monsterinsights_sitenote_note":"","_monsterinsights_sitenote_category":0},"product_brand":[681],"product_cat":[502],"product_tag":[],"class_list":{"0":"post-7120","1":"product","2":"type-product","3":"status-publish","4":"has-post-thumbnail","6":"product_brand-speedcross","7":"product_cat-tandem","8":"pa_barva-atracitno-siva","9":"pa_barva-bela","10":"pa_barva-modra","11":"pa_barva-rdeca","13":"first","14":"instock","15":"sale","16":"taxable","17":"shipping-taxable","18":"purchasable","19":"product-type-variable"},"acf":[],"aioseo_notices":[],"_links":{"self":[{"href":"https:\/\/ritosa.si\/hr\/wp-json\/wp\/v2\/product\/7120","targetHints":{"allow":["GET"]}}],"collection":[{"href":"https:\/\/ritosa.si\/hr\/wp-json\/wp\/v2\/product"}],"about":[{"href":"https:\/\/ritosa.si\/hr\/wp-json\/wp\/v2\/types\/product"}],"wp:featuredmedia":[{"embeddable":true,"href":"https:\/\/ritosa.si\/hr\/wp-json\/wp\/v2\/media\/7123"}],"wp:attachment":[{"href":"https:\/\/ritosa.si\/hr\/wp-json\/wp\/v2\/media?parent=7120"}],"wp:term":[{"taxonomy":"product_brand","embeddable":true,"href":"https:\/\/ritosa.si\/hr\/wp-json\/wp\/v2\/product_brand?post=7120"},{"taxonomy":"product_cat","embeddable":true,"href":"https:\/\/ritosa.si\/hr\/wp-json\/wp\/v2\/product_cat?post=7120"},{"taxonomy":"product_tag","embeddable":true,"href":"https:\/\/ritosa.si\/hr\/wp-json\/wp\/v2\/product_tag?post=7120"}],"curies":[{"name":"radni list","href":"https:\/\/api.w.org\/{rel}","templated":true}]}}