{"id":7167,"date":"2008-08-19T11:08:32","date_gmt":"2008-08-19T11:08:32","guid":{"rendered":"https:\/\/ritosa.click.si\/?post_type=product&#038;p=7167"},"modified":"2025-09-19T13:00:54","modified_gmt":"2025-09-19T11:00:54","slug":"luc-zadnja-za-na-blatnik","status":"publish","type":"product","link":"https:\/\/ritosa.si\/hr\/ducan\/biciklizam\/oprema-za-biciklizam\/dodatna-oprema-in-rezervni-deli\/luci-zarometi\/luc-zadnja-za-na-blatnik\/","title":{"rendered":"Svjetlo prtlja\u017enika"},"content":{"rendered":"<ul>\n<li>Navojni vijci, razmak 80 mm<\/li>\n<li>Uklju\u010duju\u0107i \u017earulju<\/li>\n<\/ul>\n<p data-start=\"103\" data-end=\"130\"><strong data-start=\"103\" data-end=\"130\">Tehni\u010dke specifikacije:<\/strong><\/p>\n<ul>\n<li data-start=\"134\" data-end=\"168\">Polo\u017eaj svjetla: Stra\u017enji, prtlja\u017enik<\/li>\n<li data-start=\"171\" data-end=\"194\">Vrsta napajanja: Dinamo<\/li>\n<li data-start=\"197\" data-end=\"221\">Punjenje preko USB-a: Ne<\/li>\n<li data-start=\"224\" data-end=\"266\">Prikladno za elektri\u010dne bicikle (E-Bike): Ne<\/li>\n<\/ul>","protected":false},"excerpt":{"rendered":"<p>Stra\u017enje svjetlo s monta\u017eom na prtlja\u017enik i napajanjem za dinamo.<\/p>","protected":false},"featured_media":19522,"template":"","meta":{"_acf_changed":false,"inline_featured_image":false,"_monsterinsights_skip_tracking":false,"_monsterinsights_sitenote_active":false,"_monsterinsights_sitenote_note":"","_monsterinsights_sitenote_category":0},"product_brand":[1530],"product_cat":[534],"product_tag":[1563,1577,1578,1540],"class_list":{"0":"post-7167","1":"product","2":"type-product","3":"status-publish","4":"has-post-thumbnail","6":"product_brand-wag","7":"product_cat-luci-zarometi","8":"product_tag-luc-wag","9":"product_tag-luc-za-na-prtljaznik","10":"product_tag-wag","11":"product_tag-zadnja-luc","13":"first","14":"instock","15":"taxable","16":"shipping-taxable","17":"purchasable","18":"product-type-simple"},"acf":[],"aioseo_notices":[],"_links":{"self":[{"href":"https:\/\/ritosa.si\/hr\/wp-json\/wp\/v2\/product\/7167","targetHints":{"allow":["GET"]}}],"collection":[{"href":"https:\/\/ritosa.si\/hr\/wp-json\/wp\/v2\/product"}],"about":[{"href":"https:\/\/ritosa.si\/hr\/wp-json\/wp\/v2\/types\/product"}],"wp:featuredmedia":[{"embeddable":true,"href":"https:\/\/ritosa.si\/hr\/wp-json\/wp\/v2\/media\/19522"}],"wp:attachment":[{"href":"https:\/\/ritosa.si\/hr\/wp-json\/wp\/v2\/media?parent=7167"}],"wp:term":[{"taxonomy":"product_brand","embeddable":true,"href":"https:\/\/ritosa.si\/hr\/wp-json\/wp\/v2\/product_brand?post=7167"},{"taxonomy":"product_cat","embeddable":true,"href":"https:\/\/ritosa.si\/hr\/wp-json\/wp\/v2\/product_cat?post=7167"},{"taxonomy":"product_tag","embeddable":true,"href":"https:\/\/ritosa.si\/hr\/wp-json\/wp\/v2\/product_tag?post=7167"}],"curies":[{"name":"radni list","href":"https:\/\/api.w.org\/{rel}","templated":true}]}}