{"id":7239,"date":"2008-09-02T10:32:20","date_gmt":"2008-09-02T10:32:20","guid":{"rendered":"https:\/\/ritosa.click.si\/?post_type=product&#038;p=7239"},"modified":"2026-03-14T11:27:44","modified_gmt":"2026-03-14T10:27:44","slug":"sedez-trekking-america-gel","status":"publish","type":"product","link":"https:\/\/ritosa.si\/hr\/ducan\/biciklizam\/oprema-za-biciklizam\/dodatna-oprema-in-rezervni-deli\/sedezi\/sedez-trekking-america-gel\/","title":{"rendered":"Sjedalo Selle Montegrappa America Gel"},"content":{"rendered":"<p>Vrlo udobno sjedalo. Gornja strana je presvu\u010dena gelom i neoprenom, tako da nema ne\u017eeljenog trenja. Pogodno je za trekking i gradske bicikle. Osigurava duge udobne vo\u017enje.<\/p>\n<ul>\n<li>Sastav: umetak od sky carbona\/gela<\/li>\n<li>Dimenzije: 260\u00d7205 mm<\/li>\n<li>Te\u017eina: 715 g<\/li>\n<\/ul>","protected":false},"excerpt":{"rendered":"<p>Udobno trekking sjedalo America s gelom.<\/p>","protected":false},"featured_media":7240,"template":"","meta":{"_acf_changed":false,"inline_featured_image":false,"_monsterinsights_skip_tracking":false,"_monsterinsights_sitenote_active":false,"_monsterinsights_sitenote_note":"","_monsterinsights_sitenote_category":0},"product_brand":[2264],"product_cat":[541],"product_tag":[1779,1775,1776,1772,1778,1774,1777],"class_list":{"0":"post-7239","1":"product","2":"type-product","3":"status-publish","4":"has-post-thumbnail","6":"product_brand-selle-monte-grappa","7":"product_cat-sedezi","8":"product_tag-america-gel","9":"product_tag-gel","10":"product_tag-gel-sedez","11":"product_tag-sedez","12":"product_tag-sedez-trekking-america-gel","13":"product_tag-trekking","14":"product_tag-udoben-sedez","16":"first","17":"instock","18":"sale","19":"taxable","20":"shipping-taxable","21":"purchasable","22":"product-type-simple"},"acf":[],"aioseo_notices":[],"_links":{"self":[{"href":"https:\/\/ritosa.si\/hr\/wp-json\/wp\/v2\/product\/7239","targetHints":{"allow":["GET"]}}],"collection":[{"href":"https:\/\/ritosa.si\/hr\/wp-json\/wp\/v2\/product"}],"about":[{"href":"https:\/\/ritosa.si\/hr\/wp-json\/wp\/v2\/types\/product"}],"wp:featuredmedia":[{"embeddable":true,"href":"https:\/\/ritosa.si\/hr\/wp-json\/wp\/v2\/media\/7240"}],"wp:attachment":[{"href":"https:\/\/ritosa.si\/hr\/wp-json\/wp\/v2\/media?parent=7239"}],"wp:term":[{"taxonomy":"product_brand","embeddable":true,"href":"https:\/\/ritosa.si\/hr\/wp-json\/wp\/v2\/product_brand?post=7239"},{"taxonomy":"product_cat","embeddable":true,"href":"https:\/\/ritosa.si\/hr\/wp-json\/wp\/v2\/product_cat?post=7239"},{"taxonomy":"product_tag","embeddable":true,"href":"https:\/\/ritosa.si\/hr\/wp-json\/wp\/v2\/product_tag?post=7239"}],"curies":[{"name":"radni list","href":"https:\/\/api.w.org\/{rel}","templated":true}]}}