{"id":7511,"date":"2013-01-28T12:53:15","date_gmt":"2013-01-28T12:53:15","guid":{"rendered":"https:\/\/ritosa.click.si\/?post_type=product&#038;p=7511"},"modified":"2025-09-22T12:12:37","modified_gmt":"2025-09-22T10:12:37","slug":"tlacilka-topeak-mini-dual","status":"publish","type":"product","link":"https:\/\/ritosa.si\/hr\/ducan\/biciklizam\/oprema-za-biciklizam\/dodatna-oprema-in-rezervni-deli\/kolesarske-tlacilke-pumpe\/tlacilka-topeak-mini-dual\/","title":{"rendered":"Pumpa\u2013 TOPEAK MINI DUAL"},"content":{"rendered":"<p>Pumpa je prikladna za brdske i cestovne bicikle. Njen dvostrani rad omogu\u0107uje br\u017ee napuhavanje zra\u010dnica.<\/p>\n<ul>\n<li>Glava: za sve ventile<\/li>\n<li>Ku\u0107i\u0161te: aluminij<\/li>\n<li>Kapacitet: 120 psi \/ 8 bara<\/li>\n<li>Veli\u010dina: (D x \u0160 x V) 27,4 x 3,8 x 1,8 cm<\/li>\n<li>Te\u017eina: 158 g<\/li>\n<li>Ostalo: nosa\u010d za pri\u010dvr\u0161\u0107ivanje na okvir bicikla<\/li>\n<\/ul>\n<p>Mini pumpe Topeak mo\u017eete naru\u010diti u na\u0161oj online trgovini ili ih preuzeti u na\u0161em biciklisti\u010dkom centru Rito\u0161a u Izoli.<\/p>","protected":false},"excerpt":{"rendered":"<p>Mini pumpa je prikladna za brdske i cestovne bicikle. Njen dvostrani rad omogu\u0107uje br\u017ee napuhavanje zra\u010dnica.<\/p>\n<p>&nbsp;<\/p>","protected":false},"featured_media":7512,"template":"","meta":{"_acf_changed":false,"inline_featured_image":false,"_monsterinsights_skip_tracking":false,"_monsterinsights_sitenote_active":false,"_monsterinsights_sitenote_note":"","_monsterinsights_sitenote_category":0},"product_brand":[1395],"product_cat":[533],"product_tag":[1603,1604,1598,1597,1554],"class_list":{"0":"post-7511","1":"product","2":"type-product","3":"status-publish","4":"has-post-thumbnail","6":"product_brand-topeak","7":"product_cat-kolesarske-tlacilke-pumpe","8":"product_tag-mini-tlacilka-topeak","9":"product_tag-pumpa-topeak","10":"product_tag-pumpa-za-kolo","11":"product_tag-tlacilka-topeak","12":"product_tag-topeak","14":"first","15":"instock","16":"sale","17":"taxable","18":"shipping-taxable","19":"purchasable","20":"product-type-simple"},"acf":[],"aioseo_notices":[],"_links":{"self":[{"href":"https:\/\/ritosa.si\/hr\/wp-json\/wp\/v2\/product\/7511","targetHints":{"allow":["GET"]}}],"collection":[{"href":"https:\/\/ritosa.si\/hr\/wp-json\/wp\/v2\/product"}],"about":[{"href":"https:\/\/ritosa.si\/hr\/wp-json\/wp\/v2\/types\/product"}],"wp:featuredmedia":[{"embeddable":true,"href":"https:\/\/ritosa.si\/hr\/wp-json\/wp\/v2\/media\/7512"}],"wp:attachment":[{"href":"https:\/\/ritosa.si\/hr\/wp-json\/wp\/v2\/media?parent=7511"}],"wp:term":[{"taxonomy":"product_brand","embeddable":true,"href":"https:\/\/ritosa.si\/hr\/wp-json\/wp\/v2\/product_brand?post=7511"},{"taxonomy":"product_cat","embeddable":true,"href":"https:\/\/ritosa.si\/hr\/wp-json\/wp\/v2\/product_cat?post=7511"},{"taxonomy":"product_tag","embeddable":true,"href":"https:\/\/ritosa.si\/hr\/wp-json\/wp\/v2\/product_tag?post=7511"}],"curies":[{"name":"radni list","href":"https:\/\/api.w.org\/{rel}","templated":true}]}}