{"id":7529,"date":"2013-06-26T20:41:51","date_gmt":"2013-06-26T20:41:51","guid":{"rendered":"https:\/\/ritosa.click.si\/?post_type=product&#038;p=7529"},"modified":"2026-03-10T10:36:41","modified_gmt":"2026-03-10T09:36:41","slug":"nosilec-koles-avto-kljuka-parma-za-3-kolesa","status":"publish","type":"product","link":"https:\/\/ritosa.si\/hr\/ducan\/biciklizam\/nosilci-koles\/za-avto\/nosilec-koles-avto-kljuka-parma-za-3-kolesa\/","title":{"rendered":"Nosa\u010d za bicikle (kuka za automobil) Parma za 3 bicikla"},"content":{"rendered":"<p>Najnovej\u0161i nosilec koles za na kljuko z vsemi A- Testi ima dodatne lu\u010di in nosilec za tretjo tablico.<\/p>\n<p>Metalna konstrukcija omogu\u0107uje prijevoz bicikala na stra\u017enjem dijelu automobila postavljanjem na vu\u010dnu kuku.<\/p>\n<ul>\n<li>Prijevoz tri bicikla<\/li>\n<li>Jednostavno za instalaciju i uklanjanje<\/li>\n<li>Mogu\u0107i nagib za lak\u0161e utovarivanje bicikala<\/li>\n<li>Kompletan s dr\u017ea\u010dem registarske plo\u010dice, svjetlima i 13-pinskim konektorom<\/li>\n<\/ul>\n<p>&nbsp;<\/p>","protected":false},"excerpt":{"rendered":"<p>Nosa\u010d za vu\u010du Parma za 3 bicikla<\/p>\n<p>&nbsp;<\/p>","protected":false},"featured_media":21260,"template":"","meta":{"_acf_changed":false,"inline_featured_image":false,"_monsterinsights_skip_tracking":false,"_monsterinsights_sitenote_active":false,"_monsterinsights_sitenote_note":"","_monsterinsights_sitenote_category":0},"product_brand":[685],"product_cat":[527],"product_tag":[1276,1286,1298,1287,1290],"class_list":{"0":"post-7529","1":"product","2":"type-product","3":"status-publish","4":"has-post-thumbnail","6":"product_brand-peruzzo","7":"product_cat-za-avto","8":"product_tag-nosilec-peruzzo","9":"product_tag-nosilec-za-3-kolesa","10":"product_tag-nosilec-za-kolesa-peruzzo","11":"product_tag-nosilec-za-na-avto","12":"product_tag-nosilec-za-na-kljuko","14":"first","15":"instock","16":"taxable","17":"shipping-taxable","18":"purchasable","19":"product-type-simple"},"acf":[],"aioseo_notices":[],"_links":{"self":[{"href":"https:\/\/ritosa.si\/hr\/wp-json\/wp\/v2\/product\/7529","targetHints":{"allow":["GET"]}}],"collection":[{"href":"https:\/\/ritosa.si\/hr\/wp-json\/wp\/v2\/product"}],"about":[{"href":"https:\/\/ritosa.si\/hr\/wp-json\/wp\/v2\/types\/product"}],"wp:featuredmedia":[{"embeddable":true,"href":"https:\/\/ritosa.si\/hr\/wp-json\/wp\/v2\/media\/21260"}],"wp:attachment":[{"href":"https:\/\/ritosa.si\/hr\/wp-json\/wp\/v2\/media?parent=7529"}],"wp:term":[{"taxonomy":"product_brand","embeddable":true,"href":"https:\/\/ritosa.si\/hr\/wp-json\/wp\/v2\/product_brand?post=7529"},{"taxonomy":"product_cat","embeddable":true,"href":"https:\/\/ritosa.si\/hr\/wp-json\/wp\/v2\/product_cat?post=7529"},{"taxonomy":"product_tag","embeddable":true,"href":"https:\/\/ritosa.si\/hr\/wp-json\/wp\/v2\/product_tag?post=7529"}],"curies":[{"name":"radni list","href":"https:\/\/api.w.org\/{rel}","templated":true}]}}