{"id":8026,"date":"2018-04-04T12:04:00","date_gmt":"2018-04-04T12:04:00","guid":{"rendered":"https:\/\/ritosa.click.si\/?post_type=product&#038;p=8026"},"modified":"2025-08-21T10:37:20","modified_gmt":"2025-08-21T08:37:20","slug":"citniki-tempish-set-odrasli","status":"publish","type":"product","link":"https:\/\/ritosa.si\/hr\/ducan\/rolerji\/odrasli-rolerji\/citniki-tempish-set-odrasli\/","title":{"rendered":"TEMPISH \u0161titnici za zglobove \u2013 odrasli"},"content":{"rendered":"<p>\u0160titnici za zglobove za odrasle<\/p>\n<p>Anatomski oblikovani \u0161titnici za zglobove s plasti\u010dnim jastu\u010di\u0107ima s obje strane zgloba. Ozljede zglobova naj\u010de\u0161\u0107e su ozljede prilikom rolanja. Stoga je visokokvalitetna za\u0161tita zglobova vrlo va\u017ena. Ovi \u0161titnici pru\u017eaju visoku za\u0161titu od padova i udaraca, a oblik i konstrukcija osiguravaju stabilan polo\u017eaj i udobno zadovoljstvo vo\u017enje. Unato\u010d oja\u010danju, prsti ostaju labavi i njihova upotreba ne ometa druge aktivnosti.<\/p>\n<p>Ovo je vrlo lagana verzija \u0161titnika za zglob, gdje cijeli dlan nije omotan tkaninom, a dlan i zglob su visoko prozra\u010deni, jer tekstilni i pjenasti dijelovi \u0161titnika dodiruju samo dlan i zglob ispod plasti\u010dnih oja\u010danja. \u0160titnik je \u010dvrsto fiksiran u funkcionalnom polo\u017eaju s dvije \u010di\u010dak trake. \u0160ira traka za zglob je izvezena vezom, a tanja traka na dlanu ima gumenu plasti\u010dnu etiketu s TEMPISH logotipom.<\/p>\n<div><span style=\"font-family: Verdana;font-size: 10pt\">\u0160titnike mo\u017eete nabaviti u na\u0161oj internetskoj trgovini, a tako\u0111er i u na\u0161em biciklisti\u010dkom centru Rito\u0161a u Izoli.<\/span><\/div>","protected":false},"excerpt":{"rendered":"<p>TEMPISH \u0161titnici za zglobove \u2013 za odrasle<\/p>","protected":false},"featured_media":19160,"template":"","meta":{"_acf_changed":false,"inline_featured_image":false,"_monsterinsights_skip_tracking":false,"_monsterinsights_sitenote_active":false,"_monsterinsights_sitenote_note":"","_monsterinsights_sitenote_category":0},"product_brand":[1219],"product_cat":[584,521],"product_tag":[1233,1236,1235],"class_list":{"0":"post-8026","1":"product","2":"type-product","3":"status-publish","4":"has-post-thumbnail","6":"product_brand-tempish","7":"product_cat-odrasli-rolerji","8":"product_cat-scitniki","9":"product_tag-scitniki-tempish","10":"product_tag-scitniki-za-odrasle","11":"product_tag-scitniki-za-zapestje","12":"pa_barva-siva","13":"pa_velikost-l","15":"first","16":"instock","17":"sale","18":"taxable","19":"shipping-taxable","20":"purchasable","21":"product-type-variable"},"acf":[],"aioseo_notices":[],"_links":{"self":[{"href":"https:\/\/ritosa.si\/hr\/wp-json\/wp\/v2\/product\/8026","targetHints":{"allow":["GET"]}}],"collection":[{"href":"https:\/\/ritosa.si\/hr\/wp-json\/wp\/v2\/product"}],"about":[{"href":"https:\/\/ritosa.si\/hr\/wp-json\/wp\/v2\/types\/product"}],"wp:featuredmedia":[{"embeddable":true,"href":"https:\/\/ritosa.si\/hr\/wp-json\/wp\/v2\/media\/19160"}],"wp:attachment":[{"href":"https:\/\/ritosa.si\/hr\/wp-json\/wp\/v2\/media?parent=8026"}],"wp:term":[{"taxonomy":"product_brand","embeddable":true,"href":"https:\/\/ritosa.si\/hr\/wp-json\/wp\/v2\/product_brand?post=8026"},{"taxonomy":"product_cat","embeddable":true,"href":"https:\/\/ritosa.si\/hr\/wp-json\/wp\/v2\/product_cat?post=8026"},{"taxonomy":"product_tag","embeddable":true,"href":"https:\/\/ritosa.si\/hr\/wp-json\/wp\/v2\/product_tag?post=8026"}],"curies":[{"name":"radni list","href":"https:\/\/api.w.org\/{rel}","templated":true}]}}